{"id":32050,"date":"2023-12-19T22:35:45","date_gmt":"2023-12-19T19:35:45","guid":{"rendered":"http:\/\/inksistem.com.tr\/b2b\/?post_type=product&#038;p=32050"},"modified":"2023-12-20T22:48:59","modified_gmt":"2023-12-20T19:48:59","slug":"3104smc-yagli-p-7-cazip-fiyatli-ofis-parcalayici","status":"publish","type":"product","link":"https:\/\/inksistem.com.tr\/b2b\/urun\/3104smc-yagli-p-7-cazip-fiyatli-ofis-parcalayici\/","title":{"rendered":"3104SMC Ya\u011fl\u0131 \/ P-7 \/ Cazip Fiyatl\u0131 Ofis Par\u00e7alay\u0131c\u0131"},"content":{"rendered":"<div class=\"acc-block\">\n<div class=\"acc-row\">\n<div class=\"acc-container is--collapsed\">\n<div class=\"content--description\">\n<div class=\"product--description\">\n<div class=\"acc-block\">\n<div class=\"acc-row\">\n<div class=\"acc-container is--collapsed\">\n<div class=\"content--description\">\n<div class=\"product--description\">\n<div class=\"acc-block\">\n<div class=\"acc-row\">\n<div class=\"acc-container is--collapsed\">\n<div class=\"content--description\">\n<div class=\"product--description\">\n<div class=\"acc-block\">\n<div class=\"acc-row\">\n<div class=\"acc-container is--collapsed\">\n<div class=\"content--description\">\n<div class=\"product--description\">\n<div class=\"acc-block\">\n<div class=\"acc-row\">\n<div class=\"acc-container is--collapsed\">\n<div class=\"content--description\">\n<div class=\"product--description\">\n<div class=\"acc-block\">\n<div class=\"acc-row\">\n<div class=\"acc-container is--collapsed\">\n<div class=\"content--description\">\n<div class=\"product--description\">\n<div class=\"acc-block\">\n<div class=\"acc-row\">\n<div class=\"acc-container is--collapsed\">\n<div class=\"content--description\">\n<div class=\"product--description\">\n<div class=\"acc-block\">\n<div class=\"acc-row\">\n<div class=\"acc-container is--collapsed\">\n<div class=\"content--description\">\n<div class=\"product--description\">\n<div class=\"acc-block\">\n<div class=\"acc-row\">\n<div class=\"acc-container is--collapsed\">\n<div class=\"content--description\">\n<div class=\"product--description\">\n<div class=\"acc-block\">\n<div class=\"acc-row\">\n<div class=\"acc-container is--collapsed\">\n<div class=\"content--description\">\n<div class=\"product--description\">\n<div class=\"acc-block\">\n<div class=\"acc-row\">\n<div class=\"acc-container is--collapsed\">\n<div class=\"content--description\">\n<div class=\"product--description\">\n<div class=\"acc-block\">\n<div class=\"acc-row\">\n<div class=\"acc-container is--collapsed\">\n<div class=\"content--description\">\n<div class=\"product--description\">\n<div class=\"acc-block\">\n<div class=\"acc-row\">\n<div class=\"acc-container is--collapsed\">\n<div class=\"content--description\">\n<div class=\"product--description\">\n<div class=\"acc-block\">\n<div class=\"acc-row\">\n<div class=\"acc-container is--collapsed\">\n<div class=\"content--description\">\n<div class=\"product--description\">\n<div class=\"acc-block\">\n<div class=\"acc-row\">\n<div class=\"acc-container is--collapsed\">\n<div class=\"content--description\">\n<div class=\"product--description\">\n<div class=\"acc-block\">\n<div class=\"acc-row\">\n<div class=\"acc-container is--collapsed\">\n<div class=\"content--description\">\n<div class=\"product--description\">\n<div class=\"acc-block\">\n<div class=\"acc-row\">\n<div class=\"acc-container is--collapsed\">\n<div class=\"content--description\">\n<div class=\"product--description\">\n<div class=\"acc-block\">\n<div class=\"acc-row\">\n<div class=\"acc-container is--collapsed\">\n<div class=\"content--description\">\n<div class=\"product--description\">\n<div class=\"acc-block\">\n<div class=\"acc-row\">\n<div class=\"acc-container is--collapsed\">\n<div class=\"content--description\">\n<div class=\"product--description\">\n<div class=\"acc-block\">\n<div class=\"acc-row\">\n<div class=\"acc-container is--collapsed\">\n<div class=\"content--description\">\n<div class=\"product--description\">\n<div class=\"acc-block\">\n<div class=\"acc-row\">\n<div class=\"acc-container is--collapsed\">\n<div class=\"content--description\">\n<div class=\"product--description\">\n<div class=\"acc-block\">\n<div class=\"acc-row\">\n<div class=\"acc-container is--collapsed\">\n<div class=\"content--description\">\n<div class=\"product--description\">\n<p>P-7 \/ A3 i\u00e7in 310 mm (12\u201c) besleme a\u00e7\u0131kl\u0131\u011f\u0131na sahip, cazip fiyatl\u0131 ofis par\u00e7alay\u0131c\u0131.<\/p>\n<\/div>\n<\/div>\n<\/div>\n<\/div>\n<\/div>\n<\/div>\n<\/div>\n<\/div>\n<\/div>\n<\/div>\n<div class=\"product--configurator lenz-variant-manager lenz-variant-manager--text-options\">\n<div class=\"configurator--variant\">\n<div class=\"variant--group\"><strong>Sipari\u015f numaras\u0131:<\/strong> 31047211<\/div>\n<\/div>\n<\/div>\n<\/div>\n<\/div>\n<\/div>\n<\/div>\n<\/div>\n<\/div>\n<\/div>\n<\/div>\n<\/div>\n<\/div>\n<\/div>\n<\/div>\n<\/div>\n<\/div>\n<\/div>\n<\/div>\n<\/div>\n<\/div>\n<\/div>\n<\/div>\n<\/div>\n<\/div>\n<\/div>\n<\/div>\n<\/div>\n<\/div>\n<\/div>\n<\/div>\n<\/div>\n<\/div>\n<\/div>\n<\/div>\n<\/div>\n<\/div>\n<\/div>\n<\/div>\n<\/div>\n<\/div>\n<\/div>\n<\/div>\n<\/div>\n<\/div>\n<\/div>\n<\/div>\n<\/div>\n<\/div>\n<\/div>\n<\/div>\n<\/div>\n<\/div>\n<\/div>\n<\/div>\n<\/div>\n<\/div>\n<\/div>\n<\/div>\n<\/div>\n<\/div>\n<\/div>\n<\/div>\n<\/div>\n<\/div>\n<\/div>\n<\/div>\n<\/div>\n<\/div>\n<\/div>\n<\/div>\n<\/div>\n<\/div>\n<\/div>\n<\/div>\n<\/div>\n<\/div>\n<\/div>\n<\/div>\n<\/div>\n<\/div>\n<\/div>\n<\/div>\n<\/div>\n<\/div>\n<\/div>\n<\/div>\n<\/div>\n<\/div>\n<\/div>\n<\/div>\n<\/div>\n<\/div>\n<\/div>\n<\/div>\n<\/div>\n<\/div>\n<\/div>\n<\/div>\n<\/div>\n<\/div>\n<\/div>\n<\/div>\n<div class=\"product--configurator lenz-variant-manager lenz-variant-manager--text-options\">\n<div class=\"configurator--variant\">\n<div class=\"variant--group\"><strong>Besleme a\u00e7\u0131kl\u0131\u011f\u0131:<\/strong> 310mm<br \/>\n<strong>Par\u00e7alama boyutu:<\/strong> 0,8 x 5 mm \u00e7apraz kesim<br \/>\n<strong>Sayfa kapasitesi:<\/strong> 4-6<\/div>\n<\/div>\n<\/div>\n","protected":false},"excerpt":{"rendered":"<p>P-7 \/ A3 i\u00e7in 310 mm (12\u201c) besleme a\u00e7\u0131kl\u0131\u011f\u0131na sahip, cazip fiyatl\u0131 ofis par\u00e7alay\u0131c\u0131.<\/p>\n<div class=\"variant--group\"><strong>Sipari\u015f numaras\u0131:<\/strong> 31047211<\/div>\n<div class=\"variant--group\"><strong>Besleme a\u00e7\u0131kl\u0131\u011f\u0131:<\/strong> 310mm<br \/>\n<strong>Par\u00e7alama boyutu:<\/strong> 0,8 x 5 mm \u00e7apraz kesim<br \/>\n<strong>Sayfa kapasitesi:<\/strong> 4-6<\/div>\n","protected":false},"featured_media":32044,"comment_status":"open","ping_status":"closed","template":"","meta":[],"product_brand":[],"product_cat":[37],"product_tag":[],"berocket_brand":[],"class_list":{"0":"post-32050","1":"product","2":"type-product","3":"status-publish","4":"has-post-thumbnail","6":"product_cat-evrak-imha","8":"first","9":"instock","10":"shipping-taxable","11":"product-type-simple"},"_links":{"self":[{"href":"https:\/\/inksistem.com.tr\/b2b\/wp-json\/wp\/v2\/product\/32050","targetHints":{"allow":["GET"]}}],"collection":[{"href":"https:\/\/inksistem.com.tr\/b2b\/wp-json\/wp\/v2\/product"}],"about":[{"href":"https:\/\/inksistem.com.tr\/b2b\/wp-json\/wp\/v2\/types\/product"}],"replies":[{"embeddable":true,"href":"https:\/\/inksistem.com.tr\/b2b\/wp-json\/wp\/v2\/comments?post=32050"}],"wp:featuredmedia":[{"embeddable":true,"href":"https:\/\/inksistem.com.tr\/b2b\/wp-json\/wp\/v2\/media\/32044"}],"wp:attachment":[{"href":"https:\/\/inksistem.com.tr\/b2b\/wp-json\/wp\/v2\/media?parent=32050"}],"wp:term":[{"taxonomy":"product_brand","embeddable":true,"href":"https:\/\/inksistem.com.tr\/b2b\/wp-json\/wp\/v2\/product_brand?post=32050"},{"taxonomy":"product_cat","embeddable":true,"href":"https:\/\/inksistem.com.tr\/b2b\/wp-json\/wp\/v2\/product_cat?post=32050"},{"taxonomy":"product_tag","embeddable":true,"href":"https:\/\/inksistem.com.tr\/b2b\/wp-json\/wp\/v2\/product_tag?post=32050"},{"taxonomy":"berocket_brand","embeddable":true,"href":"https:\/\/inksistem.com.tr\/b2b\/wp-json\/wp\/v2\/berocket_brand?post=32050"}],"curies":[{"name":"wp","href":"https:\/\/api.w.org\/{rel}","templated":true}]}}