{"id":32149,"date":"2023-12-25T13:34:21","date_gmt":"2023-12-25T10:34:21","guid":{"rendered":"http:\/\/inksistem.com.tr\/b2b\/?post_type=product&#038;p=32149"},"modified":"2023-12-25T13:34:21","modified_gmt":"2023-12-25T10:34:21","slug":"workforce-enterprise-am-c6000","status":"publish","type":"product","link":"https:\/\/inksistem.com.tr\/b2b\/urun\/workforce-enterprise-am-c6000\/","title":{"rendered":"WorkForce Enterprise AM-C6000"},"content":{"rendered":"<div class=\"product-overview__section\">\n<div class=\"product-overview__section-content\">\n<div class=\"product-overview__description product-overview__description--neon\">\n<div>\n<div class=\"heading1\">\n<h4>G\u00fcvenilir ve geli\u015fmi\u015f s\u00fcrd\u00fcr\u00fclebilirlik<\/h4>\n<p>Daha sade ve daha k\u0131sa bir k\u00e2\u011f\u0131t yolu ile k\u00e2\u011f\u0131t s\u0131k\u0131\u015fmalar\u0131n\u0131 daha kolay giderebilirsiniz ve sonland\u0131r\u0131c\u0131 ba\u011flant\u0131s\u0131 iyile\u015ftirilmi\u015ftir. B\u00f6ylece, servisle ilgili kesinti s\u00fcrelerini daha az ya\u015fars\u0131n\u0131z. Daha az sarf malzemesi gerekti\u011finden, daha az at\u0131k \u00e7\u0131kar\u0131r. D\u00fc\u015f\u00fck g\u00fc\u00e7 t\u00fcketimi sayesinde, bask\u0131 i\u015flemlerinin \u00e7evre \u00fczerindeki genel etkisi de \u00f6nemli \u00f6l\u00e7\u00fcde azal\u0131r.<\/p>\n<\/div>\n<div class=\"heading2\">\n<h4>Verimli bak\u0131m<\/h4>\n<p>De\u011fi\u015ftirilmesi gereken daha az par\u00e7aya sahip oldu\u011fundan, kullan\u0131c\u0131 m\u00fcdahalesini en aza indirerek g\u00fcnl\u00fck bak\u0131m\u0131 h\u0131zl\u0131 ve verimli hale getirir.<\/p>\n<\/div>\n<div class=\"heading3\">\n<h4>Is\u0131s\u0131z Teknoloji<\/h4>\n<p>Yaz\u0131c\u0131 \u00e7al\u0131\u015ft\u0131r\u0131ld\u0131\u011f\u0131nda veya uyku modundan \u00e7\u0131kar\u0131ld\u0131\u011f\u0131nda Epson\u2019\u0131n Is\u0131s\u0131z Precision Core Teknolojisinin haz\u0131r hale gelmesi i\u00e7in \u0131s\u0131nma gerekmez; bu da enerji t\u00fcketimini \u00f6nemli \u00f6l\u00e7\u00fcde azalt\u0131r. Bu, Epson\u2019\u0131n Is\u0131s\u0131z inkjet yaz\u0131c\u0131lar\u0131n\u0131n, lazer teknolojisine k\u0131yasla daha h\u0131zl\u0131 ilk sayfa \u00e7\u0131k\u0131\u015f s\u00fcresi (FPOT) sunmas\u0131n\u0131 sa\u011flar.<\/p>\n<\/div>\n<div class=\"heading4\">\n<h4>Geli\u015fmi\u015f yaz\u0131l\u0131m \u00e7\u00f6z\u00fcm\u00fc uyumlulu\u011fu<\/h4>\n<p>Verimlili\u011fi art\u0131rmak i\u00e7in mevcut BT altyap\u0131s\u0131na \u00e7e\u015fitli yaz\u0131l\u0131m \u00e7\u00f6z\u00fcmleri entegre edilebilir. Buna, ofis tipi Epson \u00fcr\u00fcnleri i\u00e7in geli\u015fmi\u015f uzaktan tan\u0131lama olana\u011f\u0131 sa\u011flayan bulut tabanl\u0131 cihaz izleme ve y\u00f6netim sistemini sunan Epson Uzaktan Hizmetleri (Epson Remote Services, ERS) de dahildir.<\/p>\n<\/div>\n<\/div>\n<\/div>\n<\/div>\n<\/div>\n<div class=\"product-overview__section product-overview__section--features\">\n<h2 class=\"product-overview__section-title\">Temel \u00d6zellikler<\/h2>\n<div class=\"product-overview__section-content\">\n<div class=\"product-overview__features\">\n<div class=\"blockdown description\">\n<ul class=\"features\">\n<li><strong>Y\u00fcksek g\u00fcvenilirlik<\/strong>\u00a0Kesintilerin se\u00e7enek olmad\u0131\u011f\u0131 ortamlar i\u00e7in basit mekanizma<\/li>\n<li><strong>Daha s\u00fcrd\u00fcr\u00fclebilir<\/strong>\u00a0Is\u0131s\u0131z teknoloji sayesinde daha d\u00fc\u015f\u00fck g\u00fc\u00e7 t\u00fcketimiyle enerji tasarrufu sa\u011flar<\/li>\n<li><strong>K\u00fc\u00e7\u00fck boyut<\/strong>\u00a0S\u0131n\u0131f\u0131ndaki en d\u00fc\u015f\u00fck ayak izlerinden biri<\/li>\n<li><strong>Daha az kesinti<\/strong>\u00a0K\u00e2\u011f\u0131t s\u0131k\u0131\u015fmas\u0131n\u0131 daha kolay gidermek i\u00e7in daha sade ve daha k\u0131sa k\u00e2\u011f\u0131t yolu<\/li>\n<li><strong>\u00c7\u00f6z\u00fcm uyumlulu\u011fu<\/strong>\u00a0\u00c7ok \u00e7e\u015fitli entegre yaz\u0131l\u0131m \u00e7\u00f6z\u00fcmleri<\/li>\n<\/ul>\n<p>&nbsp;<\/p>\n<\/div>\n<\/div>\n<\/div>\n<\/div>\n","protected":false},"excerpt":{"rendered":"<h4 class=\"buy-box__headline\">Daha s\u00fcrd\u00fcr\u00fclebilir bask\u0131<\/h4>\n<div class=\"buy-box__key-features\">\n<div class=\"blockdown description\">\n<ul class=\"features\">\n<li><strong>Y\u00fcksek g\u00fcvenilirlik<\/strong>\u00a0Kesintilerin se\u00e7enek olmad\u0131\u011f\u0131 ortamlar i\u00e7in basit mekanizma<\/li>\n<li><strong>Daha s\u00fcrd\u00fcr\u00fclebilir<\/strong>\u00a0Is\u0131s\u0131z teknoloji sayesinde daha d\u00fc\u015f\u00fck g\u00fc\u00e7 t\u00fcketimiyle enerji tasarrufu sa\u011flar<\/li>\n<li><strong>K\u00fc\u00e7\u00fck boyut<\/strong>\u00a0S\u0131n\u0131f\u0131ndaki en d\u00fc\u015f\u00fck ayak izlerinden biri<\/li>\n<li><strong>Daha az kesinti<\/strong>\u00a0K\u00e2\u011f\u0131t s\u0131k\u0131\u015fmas\u0131n\u0131 daha kolay gidermek i\u00e7in daha sade ve daha k\u0131sa k\u00e2\u011f\u0131t yolu<\/li>\n<li><strong>\u00c7\u00f6z\u00fcm uyumlulu\u011fu<\/strong>\u00a0\u00c7ok \u00e7e\u015fitli entegre yaz\u0131l\u0131m \u00e7\u00f6z\u00fcmleri<\/li>\n<\/ul>\n<\/div>\n<\/div>\n","protected":false},"featured_media":32150,"comment_status":"open","ping_status":"closed","template":"","meta":[],"product_brand":[],"product_cat":[31],"product_tag":[],"berocket_brand":[],"class_list":{"0":"post-32149","1":"product","2":"type-product","3":"status-publish","4":"has-post-thumbnail","6":"product_cat-yazici","8":"first","9":"instock","10":"shipping-taxable","11":"product-type-simple"},"_links":{"self":[{"href":"https:\/\/inksistem.com.tr\/b2b\/wp-json\/wp\/v2\/product\/32149","targetHints":{"allow":["GET"]}}],"collection":[{"href":"https:\/\/inksistem.com.tr\/b2b\/wp-json\/wp\/v2\/product"}],"about":[{"href":"https:\/\/inksistem.com.tr\/b2b\/wp-json\/wp\/v2\/types\/product"}],"replies":[{"embeddable":true,"href":"https:\/\/inksistem.com.tr\/b2b\/wp-json\/wp\/v2\/comments?post=32149"}],"wp:featuredmedia":[{"embeddable":true,"href":"https:\/\/inksistem.com.tr\/b2b\/wp-json\/wp\/v2\/media\/32150"}],"wp:attachment":[{"href":"https:\/\/inksistem.com.tr\/b2b\/wp-json\/wp\/v2\/media?parent=32149"}],"wp:term":[{"taxonomy":"product_brand","embeddable":true,"href":"https:\/\/inksistem.com.tr\/b2b\/wp-json\/wp\/v2\/product_brand?post=32149"},{"taxonomy":"product_cat","embeddable":true,"href":"https:\/\/inksistem.com.tr\/b2b\/wp-json\/wp\/v2\/product_cat?post=32149"},{"taxonomy":"product_tag","embeddable":true,"href":"https:\/\/inksistem.com.tr\/b2b\/wp-json\/wp\/v2\/product_tag?post=32149"},{"taxonomy":"berocket_brand","embeddable":true,"href":"https:\/\/inksistem.com.tr\/b2b\/wp-json\/wp\/v2\/berocket_brand?post=32149"}],"curies":[{"name":"wp","href":"https:\/\/api.w.org\/{rel}","templated":true}]}}