{"id":32213,"date":"2023-12-25T15:17:50","date_gmt":"2023-12-25T12:17:50","guid":{"rendered":"http:\/\/inksistem.com.tr\/b2b\/?post_type=product&#038;p=32213"},"modified":"2023-12-25T15:17:50","modified_gmt":"2023-12-25T12:17:50","slug":"workforce-pro-wf-c529rdtw-mea","status":"publish","type":"product","link":"https:\/\/inksistem.com.tr\/b2b\/urun\/workforce-pro-wf-c529rdtw-mea\/","title":{"rendered":"WorkForce Pro WF-C529RDTW (MEA)"},"content":{"rendered":"<div class=\"product-overview__section\">\n<div class=\"product-overview__section-content\">\n<div class=\"product-overview__description product-overview__description--neon\">\n<div>\n<div class=\"heading1\">\n<h4>Sayfa ba\u015f\u0131na d\u00fc\u015f\u00fck maliyet<\/h4>\n<p>Y\u00fcksek m\u00fcrekkep verimi malzeme sipari\u015f etme ve de\u011fi\u015ftirme ihtiyac\u0131n\u0131 azalt\u0131r, bask\u0131 maliyetini \u00f6ng\u00f6rmeye ve rekabet g\u00fcc\u00fc olan bir Toplam Sahip Olma Maliyeti (TCO) sunmaya yard\u0131mc\u0131 olur. Ayr\u0131ca daha az yedek par\u00e7aya sahip inkjet teknolojisi, hizmet ve m\u00fcdahale giderlerini azalt\u0131r.<\/p>\n<\/div>\n<div class=\"heading2\">\n<h4>Y\u00fcksek \u00fcretkenlik<\/h4>\n<p>Haz\u0131r modunda 4,8 saniyelik siyah ve 5,3 saniyelik renkli \u0130lk Sayfa \u00c7\u0131k\u0131\u015f S\u00fcresi (FPOT), renkli ve monoda (ISO h\u0131z\u0131) 24 sf\/dak&#8217;ya varan bask\u0131 h\u0131zlar\u0131 \u00fcretkenli\u011fi y\u00fcksek tutmaya olanak tan\u0131r. 240k sayfal\u0131k geli\u015ftirilmi\u015f dayan\u0131kl\u0131l\u0131\u011f\u0131 daha uzun bir s\u00fcre boyunca daha fazla bask\u0131 yapmaya katk\u0131da bulunur. 1.330 sayfal\u0131k maksimum ka\u011f\u0131t kapasitesi, yeniden doldurma i\u00e7in daha az zaman harcamak demektir.<\/p>\n<\/div>\n<div class=\"heading3\">\n<h4>D\u00fc\u015f\u00fck \u00e7evresel etki<\/h4>\n<p>\u0130nkjet teknolojimizin \u0131s\u0131ya ihtiya\u00e7 duymamas\u0131, bask\u0131 h\u0131z\u0131n\u0131 artt\u0131rman\u0131n yan\u0131 s\u0131ra daha az malzemeye ihtiya\u00e7 duyan d\u00fc\u015f\u00fck enerjili bir \u00e7\u00f6z\u00fcm sunarak \u00e7evreye olan etkiyi de azalt\u0131r. Y\u00fcksek m\u00fcrekkep verimi malzemelerin daha az at\u0131k olu\u015fturmas\u0131n\u0131 sa\u011flad\u0131\u011f\u0131ndan, toner tozu ve ozon gazlar\u0131 hakk\u0131nda endi\u015fe etmenize gerek kalmaz.<\/p>\n<\/div>\n<div class=\"heading4\">\n<h4>Profesyonel kullan\u0131m i\u00e7in yarat\u0131lm\u0131\u015ft\u0131r<\/h4>\n<p>WF-C529RDTW cihaz\u0131, Epson Print Admin ile g\u00fcvenli, follow-me yazd\u0131rma sunan nadir A4 ofis tipi tek i\u015flevli yaz\u0131c\u0131lardan biridir.<\/p>\n<\/div>\n<\/div>\n<\/div>\n<\/div>\n<\/div>\n<div class=\"product-overview__section product-overview__section--features\">\n<h2 class=\"product-overview__section-title\">Temel \u00d6zellikler<\/h2>\n<div class=\"product-overview__section-content\">\n<div class=\"product-overview__features\">\n<div class=\"blockdown description\">\n<ul class=\"features\">\n<li><strong>D\u00fc\u015f\u00fck i\u015fletme maliyeti<\/strong>\u00a0D\u00fc\u015f\u00fck Toplam Sahip Olma Maliyeti<\/li>\n<li><strong>H\u0131zl\u0131 FPOT<\/strong>\u00a0Haz\u0131r modunda 4,8 saniyelik siyah ve 5,3 saniyelik renkli sayfa \u00e7\u0131k\u0131\u015f\u0131<\/li>\n<li><strong>K\u00fc\u00e7\u00fck boyut<\/strong>\u00a0Ofis veya dar alana sahip i\u015f yerlerine daha kolay yerle\u015ftirme<\/li>\n<li><strong>\u00c7evreye daha az etki<\/strong>\u00a0D\u00fc\u015f\u00fck enerji t\u00fcketimi ile daha k\u00fc\u00e7\u00fck karbon ayak izi ve s\u0131f\u0131r ozon gaz\u0131<\/li>\n<li><strong>G\u00fcvenli, follow-me bask\u0131<\/strong>\u00a0Epson Print Admin dahil<\/li>\n<\/ul>\n<\/div>\n<\/div>\n<\/div>\n<\/div>\n<div class=\"product-overview__section\">\n<h2 class=\"product-overview__section-title\">Ek bilgileri indir<\/h2>\n<div class=\"product-overview__section-content\">\n<div class=\"product-overview__datasheets\">\n<div class=\"product-overview__datasheet\"><a href=\"https:\/\/neon.epson-europe.com\/content\/open\/datasheet.php?id=40120&amp;cc=TR&amp;lc=tr\"><strong class=\"product-overview__datasheet-title\">WorkForce Pro WF-C529RDTW (MEA) Veri Sayfas\u0131\/Bro\u015f\u00fcr<\/strong><\/a><\/div>\n<\/div>\n<\/div>\n<\/div>\n<div>\n<h3 class=\"tab-panel__section-title tab-panel__section-title--always-visible\">Teknik \u00d6zellikler<\/h3>\n<div class=\"tab-panel__section-content\">\n<div class=\"tech-specs\">\n<div class=\"tech-specs__intro\">\n<div class=\"tech-specs__description\">\u00dcr\u00fcn \u00f6zellikleri ve teknik \u00f6zellikler \u00f6nceden bildirimde bulunmaks\u0131z\u0131n de\u011fi\u015ftirilebilir<\/div>\n<\/div>\n<div class=\"tech-specs__accordion\">\n<div class=\"accordion-toggle accordion-toggle--product accordion-toggle--all js-accordion\">\n<div class=\"accordion-toggle__content js-accordion-content accordion-toggle__content--opened\">\n<div class=\"accordion-toggle__trigger js-accordion-toggle\">Teknoloji<\/div>\n<div class=\"accordion-toggle__inner\">\n<div class=\"accordion-toggle__group\">\n<div class=\"spec-table\">\n<div class=\"table-row\">\n<div class=\"table-head\">\n<h5>Bask\u0131 Y\u00f6ntemi<\/h5>\n<\/div>\n<div class=\"table-cell\">PrecisionCore\u2122 Bask\u0131 Kafas\u0131<\/div>\n<\/div>\n<\/div>\n<div class=\"spec-table\">\n<div class=\"table-row\">\n<div class=\"table-head\">\n<h5>A\u011f\u0131zl\u0131k yap\u0131land\u0131rmas\u0131<\/h5>\n<\/div>\n<div class=\"table-cell\">800\u00a0A\u011f\u0131zl\u0131klar Siyah, 800\u00a0Renk ba\u015f\u0131na noz\u00fcl<\/div>\n<\/div>\n<\/div>\n<div class=\"spec-table\">\n<div class=\"table-row\">\n<div class=\"table-head\">\n<h5>Asgari damlac\u0131k boyutu<\/h5>\n<\/div>\n<div class=\"table-cell\">3,8\u00a0pl, De\u011fi\u015fken Boyutlu Damlac\u0131k Teknolojisiyle<\/div>\n<\/div>\n<\/div>\n<div class=\"spec-table\">\n<div class=\"table-row\">\n<div class=\"table-head\">\n<h5>M\u00fcrekkep teknolojisi<\/h5>\n<\/div>\n<div class=\"table-cell\">De\u011fi\u015ftirilebilir M\u00fcrekkep Paketi Sistemi (RIPS)<\/div>\n<\/div>\n<\/div>\n<div class=\"spec-table\">\n<div class=\"table-row\">\n<div class=\"table-head\">\n<h5>Kategori<\/h5>\n<\/div>\n<div class=\"table-cell\">Mellanstor arbetsgrupp<\/div>\n<\/div>\n<\/div>\n<div class=\"spec-table\">\n<div class=\"table-row\">\n<div class=\"table-head\">\n<h5>\u00c7ok i\u015flevli<\/h5>\n<\/div>\n<div class=\"table-cell\">Bask\u0131<\/div>\n<\/div>\n<\/div>\n<\/div>\n<\/div>\n<\/div>\n<div class=\"accordion-toggle__content js-accordion-content accordion-toggle__content--opened\">\n<div class=\"accordion-toggle__trigger js-accordion-toggle\">Bask\u0131<\/div>\n<div class=\"accordion-toggle__inner\">\n<div class=\"accordion-toggle__group\">\n<div class=\"spec-table\">\n<div class=\"table-row\">\n<div class=\"table-head\">\n<h5>\u0130lk sayfaya kadarki s\u00fcre<\/h5>\n<\/div>\n<div class=\"table-cell\">Tek renkli\u00a04,8\u00a0Saniye, Colour\u00a05,3\u00a0Saniye<\/div>\n<\/div>\n<\/div>\n<div class=\"spec-table\">\n<div class=\"table-row\">\n<div class=\"table-head\">\n<h5>Bask\u0131 h\u0131z\u0131 ISO\/IEC 24734<\/h5>\n<\/div>\n<div class=\"table-cell\">24\u00a0Sayfa\/dk.\u00a0Tek renkli, 24\u00a0Sayfa\/dk.\u00a0Colour<\/div>\n<\/div>\n<\/div>\n<div class=\"spec-table\">\n<div class=\"table-row\">\n<div class=\"table-head\">\n<h5>Dubleks Bask\u0131 H\u0131z\u0131 ISO\/IEC<\/h5>\n<\/div>\n<div class=\"table-cell\">15\u00a0A4 Sayfa\/dak\u00a0Tek renkli, 15\u00a0A4 Sayfa\/dak\u00a0Colour<\/div>\n<\/div>\n<\/div>\n<div class=\"spec-table\">\n<div class=\"table-row\">\n<div class=\"table-head\">\n<h5>Bask\u0131 h\u0131z\u0131<\/h5>\n<\/div>\n<div class=\"table-cell\">34\u00a0Sayfa\/dk.\u00a0Tek renkli (d\u00fcz ka\u011f\u0131t), 34\u00a0Sayfa\/dk.\u00a0Colour (d\u00fcz ka\u011f\u0131t)<\/div>\n<\/div>\n<\/div>\n<div class=\"spec-table\">\n<div class=\"table-row\">\n<div class=\"table-head\">\n<h5>Bask\u0131 \u00e7\u00f6z\u00fcn\u00fcrl\u00fc\u011f\u00fc<\/h5>\n<\/div>\n<div class=\"table-cell\">4.800\u00a0x\u00a01.200\u00a0\u0130n\u00e7 ba\u015f\u0131na nokta<\/div>\n<\/div>\n<\/div>\n<div class=\"spec-table\">\n<div class=\"table-row\">\n<div class=\"table-head\">\n<h5>\u0130\u015f Hacmi<\/h5>\n<\/div>\n<div class=\"table-cell\">50.000\u00a0Sayfa\/ay<\/div>\n<\/div>\n<\/div>\n<div class=\"spec-table\">\n<div class=\"table-row\">\n<div class=\"table-head\">\n<h5>Renkler<\/h5>\n<\/div>\n<div class=\"table-cell\">Siyah, Cyan, Sar\u0131, Macenta<\/div>\n<\/div>\n<\/div>\n<\/div>\n<\/div>\n<\/div>\n<div class=\"accordion-toggle__content js-accordion-content accordion-toggle__content--opened\">\n<div class=\"accordion-toggle__trigger js-accordion-toggle\">Ba\u011flant\u0131 \u00f6zelli\u011fi<\/div>\n<div class=\"accordion-toggle__inner\">\n<div class=\"accordion-toggle__group\">\n<div class=\"spec-table\">\n<div class=\"table-row\">\n<div class=\"table-head\">\n<h5>Ba\u011flant\u0131lar<\/h5>\n<\/div>\n<div class=\"table-cell\">Y\u00fcksek H\u0131zl\u0131 USB \u2013 USB 2.0 \u00f6zellikleriyle uyumlu, Ethernet Arabirimi (1000 Base-T\/ 100-Base TX\/ 10-Base-T), Kablosuz LAN IEEE 802.11b\/g\/n, Wi-Fi Direct, USB 2.0-A<\/div>\n<\/div>\n<\/div>\n<div class=\"spec-table\">\n<div class=\"table-row\">\n<div class=\"table-head\">\n<h5>WLAN g\u00fcvenilirli\u011fi<\/h5>\n<\/div>\n<div class=\"table-cell\">WEP 64 Bit, WEP 128 Bit, WPA PSK (TKIP), WPA2 PSK (AES), WPA2 Enterprise (AES)<\/div>\n<\/div>\n<\/div>\n<\/div>\n<\/div>\n<\/div>\n<div class=\"accordion-toggle__content js-accordion-content accordion-toggle__content--opened\">\n<div class=\"accordion-toggle__trigger js-accordion-toggle\">Ka\u011f\u0131t \/ Malzeme Kullan\u0131m\u0131<\/div>\n<div class=\"accordion-toggle__inner\">\n<div class=\"accordion-toggle__group\">\n<div class=\"spec-table\">\n<div class=\"table-row\">\n<div class=\"table-head\">\n<h5>Ka\u011f\u0131t Formatlar\u0131<\/h5>\n<\/div>\n<div class=\"table-cell\">A4 (21.0&#215;29,7 cm), A5 (14,8&#215;21,0 cm), A6 (10,5&#215;14,8 cm), B5, B6, C4 (zarf), C6 (zarf), DL (zarf), No. 10 (zarf), Mektup, Legal, 9 x 13 cm, 10 x 15 cm, 13 x 18 cm, 16:9, HLT, EXE, Kullan\u0131c\u0131 tan\u0131ml\u0131<\/div>\n<\/div>\n<\/div>\n<div class=\"spec-table\">\n<div class=\"table-row\">\n<div class=\"table-head\">\n<h5>Uygun ka\u011f\u0131t a\u011f\u0131rl\u0131\u011f\u0131<\/h5>\n<\/div>\n<div class=\"table-cell\">64\u00a0g\/m\u00b2 &#8211; 300\u00a0g\/m\u00b2<\/div>\n<\/div>\n<\/div>\n<div class=\"spec-table\">\n<div class=\"table-row\">\n<div class=\"table-head\">\n<h5>\u00c7ift tarafl\u0131<\/h5>\n<\/div>\n<div class=\"table-cell\">Evet<\/div>\n<\/div>\n<\/div>\n<div class=\"spec-table\">\n<div class=\"table-row\">\n<div class=\"table-head\">\n<h5>Ka\u011f\u0131t \u00e7\u0131k\u0131\u015f tepsisinin kapasitesi<\/h5>\n<\/div>\n<div class=\"table-cell\">150\u00a0Sayfa<\/div>\n<\/div>\n<\/div>\n<div class=\"spec-table\">\n<div class=\"table-row\">\n<div class=\"table-head\">\n<h5>Paper Tray Capacity<\/h5>\n<\/div>\n<div class=\"table-cell\">830\u00a0Sayfa\u00a0Standart, 1.330\u00a0Sayfa\u00a0maksimum<\/div>\n<\/div>\n<\/div>\n<div class=\"spec-table\">\n<div class=\"table-row\">\n<div class=\"table-head\">\n<h5>Arka ka\u011f\u0131t yolu (\u00f6zel ka\u011f\u0131t)<\/h5>\n<\/div>\n<div class=\"table-cell\">Evet<\/div>\n<\/div>\n<\/div>\n<div class=\"spec-table\">\n<div class=\"table-row\">\n<div class=\"table-head\">\n<h5>Ka\u011f\u0131t tepsisi say\u0131s\u0131<\/h5>\n<\/div>\n<div class=\"table-cell\">2<\/div>\n<\/div>\n<\/div>\n<\/div>\n<\/div>\n<\/div>\n<div class=\"accordion-toggle__content js-accordion-content accordion-toggle__content--opened\">\n<div class=\"accordion-toggle__trigger js-accordion-toggle\">Genel<\/div>\n<div class=\"accordion-toggle__inner\">\n<div class=\"accordion-toggle__group\">\n<div class=\"spec-table\">\n<div class=\"table-row\">\n<div class=\"table-head\">\n<h5>Enerji t\u00fcketimi<\/h5>\n<\/div>\n<div class=\"table-cell\">1,2\u00a0W\u00a0(uyku modu), 24\u00a0W\u00a0(bask\u0131), 8\u00a0W\u00a0Haz\u0131r, 0,2\u00a0W\u00a0(kapal\u0131), TEC\u00a00,18\u00a0kWh\/week<\/div>\n<\/div>\n<\/div>\n<div class=\"spec-table\">\n<div class=\"table-row\">\n<div class=\"table-head\">\n<h5>Besleme Voltaj\u0131<\/h5>\n<\/div>\n<div class=\"table-cell\">AC 220 V &#8211; 240 V, 50 Hz &#8211; 60 Hz<\/div>\n<\/div>\n<\/div>\n<div class=\"spec-table\">\n<div class=\"table-row\">\n<div class=\"table-head\">\n<h5>\u00dcr\u00fcn boyutlar\u0131<\/h5>\n<\/div>\n<div class=\"table-cell\">425\u200e\u00a0x\u00a0535\u00a0x\u00a0513\u00a0mm\u00a0(Geni\u015flik x Derinlik x Y\u00fckseklik)<\/div>\n<\/div>\n<\/div>\n<div class=\"spec-table\">\n<div class=\"table-row\">\n<div class=\"table-head\">\n<h5>\u00dcr\u00fcn a\u011f\u0131rl\u0131\u011f\u0131<\/h5>\n<\/div>\n<div class=\"table-cell\">23,9\u00a0kg<\/div>\n<\/div>\n<\/div>\n<div class=\"spec-table\">\n<div class=\"table-row\">\n<div class=\"table-head\">\n<h5>Uyumlu \u0130\u015fletim Sistemleri<\/h5>\n<\/div>\n<div class=\"table-cell\">Mac OS 10.10.x, Mac OS 10.7.x, Mac OS 10.8.x, Mac OS 10.9.x, Mac OS X 10.11.x, Mac OS X 10.12.x, Mac OS X 10.6.8 or later, Windows 10, Windows 7, Windows 7 x64, Windows 8, Windows 8 (32\/64 bit), Windows 8.1, Windows 8.1 x64 Edition, Windows Server 2003 R2 x64, Windows Server 2008 (32\/64bit), Windows Server 2008 R2, Windows Server 2012 (64bit), Windows Server 2012 R2, Windows Server 2016, Windows Vista, Windows Vista (32\/64 bit), Windows Vista x64, Windows XP SP2 veya daha y\u00fcksek, Windows XP SP3, Windows XP x64, Windows Server 2003 R2, Windows XP Professional x64 S\u00fcr\u00fcm, XP Professional x64 Edition SP2<\/div>\n<\/div>\n<\/div>\n<div class=\"spec-table\">\n<div class=\"table-row\">\n<div class=\"table-head\">\n<h5>Ses g\u00fcc\u00fc<\/h5>\n<\/div>\n<div class=\"table-cell\">\u00c7al\u0131\u015fma:\u00a06,9\u00a0B (A)<\/div>\n<\/div>\n<\/div>\n<div class=\"spec-table\">\n<div class=\"table-row\">\n<div class=\"table-head\">\n<h5>Ses bas\u0131nc\u0131<\/h5>\n<\/div>\n<div class=\"table-cell\">\u00c7al\u0131\u015fma:\u00a054\u00a0dB (A)<\/div>\n<\/div>\n<\/div>\n<div class=\"spec-table\">\n<div class=\"table-row\">\n<div class=\"table-head\">\n<h5>Mobil ve Bulut bask\u0131 hizmetleri<\/h5>\n<\/div>\n<div class=\"table-cell\">Epson Connect (iPrint, Email Print, Remote Print Driver), Apple AirPrint, Google Cloud Print<\/div>\n<\/div>\n<\/div>\n<div class=\"spec-table\">\n<div class=\"table-row\">\n<div class=\"table-head\">\n<h5>G\u00fc\u00e7 Kayna\u011f\u0131<\/h5>\n<\/div>\n<div class=\"table-cell\">220V, 240V<\/div>\n<\/div>\n<\/div>\n<div class=\"spec-table\">\n<div class=\"table-row\">\n<div class=\"table-head\">\n<h5>Teslimat i\u00e7eri\u011fi<\/h5>\n<\/div>\n<div class=\"table-cell\">S\u00fcr\u00fcc\u00fc ve yard\u0131m program\u0131 (CD), Ba\u015flang\u0131\u00e7 M\u00fcrekkep Sa\u011flama Birimleri, G\u00fc\u00e7 kablosu, H\u0131zl\u0131 Kurulum K\u0131lavuzu, Kullanma k\u0131lavuzu (CD), Garanti belgesi<\/div>\n<\/div>\n<\/div>\n<\/div>\n<\/div>\n<\/div>\n<div class=\"accordion-toggle__content js-accordion-content accordion-toggle__content--opened\">\n<div class=\"accordion-toggle__trigger js-accordion-toggle\">Ek \u00d6zellikler<\/div>\n<div class=\"accordion-toggle__inner\">\n<div class=\"accordion-toggle__group\">\n<div class=\"spec-table\">\n<div class=\"table-row\">\n<div class=\"table-head\">\n<h5>\u00d6zellikler<\/h5>\n<\/div>\n<div class=\"table-cell\">Do\u011frudan Bask\u0131, USB&#8217;den do\u011frudan bask\u0131<\/div>\n<\/div>\n<\/div>\n<div class=\"spec-table\">\n<div class=\"table-row\">\n<div class=\"table-head\">\n<h5>LCD ekran<\/h5>\n<\/div>\n<div class=\"table-cell\">Tip: Renkli, Diyagonal:\u00a06,1\u00a0cm<\/div>\n<\/div>\n<\/div>\n<div class=\"spec-table\">\n<div class=\"table-row\">\n<div class=\"table-head\">\n<h5>Ortam \u0130\u015fleme<\/h5>\n<\/div>\n<div class=\"table-cell\">Otomatik dubleks (A4, d\u00fcz ka\u011f\u0131t), Portre ve Peyzaj bask\u0131s\u0131, Kal\u0131n Ortam Deste\u011fi<\/div>\n<\/div>\n<\/div>\n<\/div>\n<\/div>\n<\/div>\n<div class=\"accordion-toggle__content js-accordion-content accordion-toggle__content--opened\">\n<div class=\"accordion-toggle__trigger js-accordion-toggle\">Di\u011fer<\/div>\n<div class=\"accordion-toggle__inner\">\n<div class=\"accordion-toggle__group\">\n<div class=\"spec-table\">\n<div class=\"table-row\">\n<div class=\"table-head\">\n<h5>Garanti<\/h5>\n<\/div>\n<div class=\"table-cell\">24\u00a0Aylar\u00a0Yerinde servis<\/div>\n<\/div>\n<\/div>\n<\/div>\n<\/div>\n<\/div>\n<div class=\"accordion-toggle__content js-accordion-content accordion-toggle__content--opened\">\n<div class=\"accordion-toggle__trigger js-accordion-toggle\">Di\u011fer \u0130\u015flevler<\/div>\n<div class=\"accordion-toggle__inner\">\n<div class=\"accordion-toggle__group\">\n<div class=\"spec-table\">\n<div class=\"table-row\">\n<div class=\"table-head\">\n<h5>Em\u00fclasyonlar<\/h5>\n<\/div>\n<div class=\"table-cell\">PCL5c, PCL6, ESC\/P-R, PostScript 3, PDF 1.7<\/div>\n<\/div>\n<\/div>\n<\/div>\n<\/div>\n<\/div>\n<\/div>\n<\/div>\n<\/div>\n<\/div>\n<\/div>\n","protected":false},"excerpt":{"rendered":"<h4 class=\"buy-box__headline\">Y\u00fcksek verimli A4 RIPS yaz\u0131c\u0131<\/h4>\n<div class=\"buy-box__key-features\">\n<div class=\"blockdown description\">\n<ul class=\"features\">\n<li><strong>D\u00fc\u015f\u00fck i\u015fletme maliyeti<\/strong>\u00a0D\u00fc\u015f\u00fck Toplam Sahip Olma Maliyeti<\/li>\n<li><strong>H\u0131zl\u0131 FPOT<\/strong>\u00a0Haz\u0131r modunda 4,8 saniyelik siyah ve 5,3 saniyelik renkli sayfa \u00e7\u0131k\u0131\u015f\u0131<\/li>\n<li><strong>K\u00fc\u00e7\u00fck boyut<\/strong>\u00a0Ofis veya dar alana sahip i\u015f yerlerine daha kolay yerle\u015ftirme<\/li>\n<li><strong>\u00c7evreye daha az etki<\/strong>\u00a0D\u00fc\u015f\u00fck enerji t\u00fcketimi ile daha k\u00fc\u00e7\u00fck karbon ayak izi ve s\u0131f\u0131r ozon gaz\u0131<\/li>\n<li><strong>G\u00fcvenli, follow-me bask\u0131<\/strong>\u00a0Epson Print Admin dahil<\/li>\n<\/ul>\n<\/div>\n<\/div>\n","protected":false},"featured_media":32214,"comment_status":"open","ping_status":"closed","template":"","meta":[],"product_brand":[],"product_cat":[31],"product_tag":[],"berocket_brand":[41],"class_list":{"0":"post-32213","1":"product","2":"type-product","3":"status-publish","4":"has-post-thumbnail","6":"product_cat-yazici","7":"berocket_brand-epson","9":"first","10":"instock","11":"shipping-taxable","12":"product-type-simple"},"_links":{"self":[{"href":"https:\/\/inksistem.com.tr\/b2b\/wp-json\/wp\/v2\/product\/32213","targetHints":{"allow":["GET"]}}],"collection":[{"href":"https:\/\/inksistem.com.tr\/b2b\/wp-json\/wp\/v2\/product"}],"about":[{"href":"https:\/\/inksistem.com.tr\/b2b\/wp-json\/wp\/v2\/types\/product"}],"replies":[{"embeddable":true,"href":"https:\/\/inksistem.com.tr\/b2b\/wp-json\/wp\/v2\/comments?post=32213"}],"wp:featuredmedia":[{"embeddable":true,"href":"https:\/\/inksistem.com.tr\/b2b\/wp-json\/wp\/v2\/media\/32214"}],"wp:attachment":[{"href":"https:\/\/inksistem.com.tr\/b2b\/wp-json\/wp\/v2\/media?parent=32213"}],"wp:term":[{"taxonomy":"product_brand","embeddable":true,"href":"https:\/\/inksistem.com.tr\/b2b\/wp-json\/wp\/v2\/product_brand?post=32213"},{"taxonomy":"product_cat","embeddable":true,"href":"https:\/\/inksistem.com.tr\/b2b\/wp-json\/wp\/v2\/product_cat?post=32213"},{"taxonomy":"product_tag","embeddable":true,"href":"https:\/\/inksistem.com.tr\/b2b\/wp-json\/wp\/v2\/product_tag?post=32213"},{"taxonomy":"berocket_brand","embeddable":true,"href":"https:\/\/inksistem.com.tr\/b2b\/wp-json\/wp\/v2\/berocket_brand?post=32213"}],"curies":[{"name":"wp","href":"https:\/\/api.w.org\/{rel}","templated":true}]}}