{"id":32237,"date":"2023-12-25T22:34:36","date_gmt":"2023-12-25T19:34:36","guid":{"rendered":"http:\/\/inksistem.com.tr\/b2b\/?post_type=product&#038;p=32237"},"modified":"2023-12-25T22:34:36","modified_gmt":"2023-12-25T19:34:36","slug":"workforce-es-60w","status":"publish","type":"product","link":"https:\/\/inksistem.com.tr\/b2b\/urun\/workforce-es-60w\/","title":{"rendered":"WorkForce ES-60W"},"content":{"rendered":"<div class=\"product-overview__section\">\n<div class=\"product-overview__section-content\">\n<div class=\"product-overview__description product-overview__description--neon\">\n<div>\n<div class=\"heading1\">\n<h4>Her yerde taray\u0131n<\/h4>\n<p>ES-60W dahili Wi-Fi ve LCD Panelli bir batarya i\u00e7erir ve herhangi bir yerde sayfa ba\u015f\u0131na sadece 4 saniyelik h\u0131zlarda tarama yapmak i\u00e7in tam anlam\u0131yla hareket kabiliyeti sa\u011flar. Tam olarak \u015farj edildi\u011finde, bir g\u00fc\u00e7 kayna\u011f\u0131na ihtiya\u00e7 duymadan 300 sayfaya kadar tarama yap\u0131n.<\/p>\n<\/div>\n<div class=\"heading2\">\n<h4>Gayet organize<\/h4>\n<p>Epson&#8217;un yeni ScanSmart yaz\u0131l\u0131m\u0131 ile herkes, kolay kullan\u0131ml\u0131 tarama s\u00fcreci sayesinde kolayca ve istedi\u011fi \u015fekilde tarama yapabilir. Kullan\u0131c\u0131lar PDF, JPEG, TIFF ve daha pek \u00e7ok yayg\u0131n formatta dosya kaydedebilir ve g\u00f6nderebilir. Otomatik besleme moduyla kesintisiz tarama \u00f6zelli\u011fi i\u015finizi h\u0131zland\u0131r\u0131rken CIS sens\u00f6r\u00fc, \u0131s\u0131nma s\u00fcresine ihtiya\u00e7 olmadan an\u0131nda tarama sa\u011flar. Yeni LCD panel ile uzaktan \u00e7al\u0131\u015f\u0131rken kolayca g\u00f6rev tan\u0131mlayabilirsiniz.<\/p>\n<\/div>\n<div class=\"heading3\">\n<h4>Esnek<\/h4>\n<p>\u00c7ok say\u0131da belge ve medya t\u00fcr\u00fcnde tarama \u00f6zelli\u011fi bu modeli g\u00fcvenilir bir cihaz haline getirir. 35gsm &#8211; 270gsm aras\u0131ndaki ve 1,8 metreye ka\u011f\u0131tlar i\u015flenebilir.<\/p>\n<\/div>\n<\/div>\n<\/div>\n<\/div>\n<\/div>\n<div class=\"product-overview__section product-overview__section--features\">\n<h2 class=\"product-overview__section-title\">Temel \u00d6zellikler<\/h2>\n<div class=\"product-overview__section-content\">\n<div class=\"product-overview__features\">\n<div class=\"blockdown description\">\n<ul class=\"features\">\n<li><strong>Her yerde taray\u0131n<\/strong>\u00a0K\u00fc\u00e7\u00fck, hafif tasar\u0131m<\/li>\n<li><strong>USB kablo veya entegre pil g\u00fcc\u00fc<\/strong>\u00a0Tek \u015farjla 300 sayfaya kadar tarama<\/li>\n<li><strong>Y\u00fcksek tarama h\u0131zlar\u0131<\/strong>\u00a0Sayfa ba\u015f\u0131na d\u00f6rt saniyeye kadar h\u0131z (8.5ppm)<\/li>\n<li><strong>\u0130\u015f y\u00fck\u00fcn\u00fcz\u00fc kolayla\u015ft\u0131r\u0131n<\/strong>\u00a0Otomatik besleme moduyla kesintisiz tarama<\/li>\n<li><strong>Yeni ScanSmart yaz\u0131l\u0131m\u0131 dahildir<\/strong>\u00a0Kolay ve h\u0131zl\u0131 \u015fekilde taramaya ba\u015flay\u0131n<\/li>\n<\/ul>\n<\/div>\n<\/div>\n<\/div>\n<\/div>\n<div class=\"product-overview__section\">\n<h2 class=\"product-overview__section-title\">Ek bilgileri indir<\/h2>\n<div class=\"product-overview__section-content\">\n<div class=\"product-overview__datasheets\">\n<div class=\"product-overview__datasheet\"><a href=\"https:\/\/neon.epson-europe.com\/content\/open\/datasheet.php?id=26594&amp;cc=TR&amp;lc=tr\"><strong class=\"product-overview__datasheet-title\">WorkForce ES-60W Veri Sayfas\u0131\/Bro\u015f\u00fcr<\/strong><\/a><\/div>\n<\/div>\n<\/div>\n<\/div>\n<div><\/div>\n<div>\n<h3 class=\"tab-panel__section-title tab-panel__section-title--always-visible\">Teknik \u00d6zellikler<\/h3>\n<div class=\"tab-panel__section-content\">\n<div class=\"tech-specs\">\n<div class=\"tech-specs__intro\">\n<div class=\"tech-specs__description\">\u00dcr\u00fcn \u00f6zellikleri ve teknik \u00f6zellikler \u00f6nceden bildirimde bulunmaks\u0131z\u0131n de\u011fi\u015ftirilebilir<\/div>\n<\/div>\n<div class=\"tech-specs__accordion\">\n<div class=\"accordion-toggle accordion-toggle--product accordion-toggle--all js-accordion\">\n<div class=\"accordion-toggle__content js-accordion-content accordion-toggle__content--opened\">\n<div class=\"accordion-toggle__trigger js-accordion-toggle\">Teknoloji<\/div>\n<div class=\"accordion-toggle__inner\">\n<div class=\"accordion-toggle__group\">\n<div class=\"spec-table\">\n<div class=\"table-row\">\n<div class=\"table-head\">\n<h5>Taray\u0131c\u0131 T\u00fcr\u00fc<\/h5>\n<\/div>\n<div class=\"table-cell\">Mobil Taray\u0131c\u0131<\/div>\n<\/div>\n<\/div>\n<div class=\"spec-table\">\n<div class=\"table-row\">\n<div class=\"table-head\">\n<h5>Optik \u00c7\u00f6z\u00fcn\u00fcrl\u00fck (ADF)<\/h5>\n<\/div>\n<div class=\"table-cell\">600\u00a0\u0130n\u00e7 ba\u015f\u0131na nokta x 600\u00a0\u0130n\u00e7 ba\u015f\u0131na nokta (yatay x dikey)<\/div>\n<\/div>\n<\/div>\n<div class=\"spec-table\">\n<div class=\"table-row\">\n<div class=\"table-head\">\n<h5>Tarama \u00c7\u00f6z\u00fcn\u00fcrl\u00fc\u011f\u00fc<\/h5>\n<\/div>\n<div class=\"table-cell\">600\u00a0\u0130n\u00e7 ba\u015f\u0131na nokta x 600\u00a0\u0130n\u00e7 ba\u015f\u0131na nokta (yatay x dikey)<\/div>\n<\/div>\n<\/div>\n<div class=\"spec-table\">\n<div class=\"table-row\">\n<div class=\"table-head\">\n<h5>Ka\u011f\u0131t Formatlar\u0131<\/h5>\n<\/div>\n<div class=\"table-cell\">Legal, Kartvizitler, A4 (21.0&#215;29,7 cm), A5 (14,8&#215;21,0 cm), A6 (10,5&#215;14,8 cm), A7, A8, B5, B6, Kartpostal, Mektup, Plastik kartlar<\/div>\n<\/div>\n<\/div>\n<div class=\"spec-table\">\n<div class=\"table-row\">\n<div class=\"table-head\">\n<h5>Renk derinli\u011fi<\/h5>\n<\/div>\n<div class=\"table-cell\">Girdi: 48\u00a0Bit\u00a0Renk \/ 16\u00a0Bit\u00a0Tek renkli , \u00c7\u0131kt\u0131: 24\u00a0Bit\u00a0Renk \/ 8\u00a0Bit\u00a0Tek renkli<\/div>\n<\/div>\n<\/div>\n<div class=\"spec-table\">\n<div class=\"table-row\">\n<div class=\"table-head\">\n<h5>Kategori<\/h5>\n<\/div>\n<div class=\"table-cell\">K\u00fc\u00e7\u00fck ve Kompakt, A\u011f ve Wifi, Genel Ofis<\/div>\n<\/div>\n<\/div>\n<\/div>\n<\/div>\n<\/div>\n<div class=\"accordion-toggle__content js-accordion-content accordion-toggle__content--opened\">\n<div class=\"accordion-toggle__trigger js-accordion-toggle\">Taray\u0131c\u0131<\/div>\n<div class=\"accordion-toggle__inner\">\n<div class=\"accordion-toggle__group\">\n<div class=\"spec-table\">\n<div class=\"table-row\">\n<div class=\"table-head\">\n<h5>I\u015f\u0131k kayna\u011f\u0131<\/h5>\n<\/div>\n<div class=\"table-cell\">ReadyScan LED Teknolojisi<\/div>\n<\/div>\n<\/div>\n<div class=\"spec-table\">\n<div class=\"table-row\">\n<div class=\"table-head\">\n<h5>\u00c7\u0131k\u0131\u015f \u00c7\u00f6z\u00fcn\u00fcrl\u00fc\u011f\u00fc<\/h5>\n<\/div>\n<div class=\"table-cell\">600\u00a0\u0130n\u00e7 ba\u015f\u0131na nokta<\/div>\n<\/div>\n<\/div>\n<\/div>\n<\/div>\n<\/div>\n<div class=\"accordion-toggle__content js-accordion-content accordion-toggle__content--opened\">\n<div class=\"accordion-toggle__trigger js-accordion-toggle\">Tarama h\u0131z\u0131<\/div>\n<div class=\"accordion-toggle__inner\">\n<div class=\"accordion-toggle__group\">\n<div class=\"spec-table\">\n<div class=\"table-row\">\n<div class=\"table-head\">\n<h5>Tarama h\u0131z\u0131<\/h5>\n<\/div>\n<div class=\"table-cell\">Tek renkli:\u00a04\u00a0s\/Sayfa &#8211; Renk:\u00a04\u00a0s\/Sayfa \u00f6l\u00e7\u00fcm birimi Boyut: A4 , \u00c7\u00f6z\u00fcn\u00fcrl\u00fck: 200 \/ 300 dpi<\/div>\n<\/div>\n<\/div>\n<\/div>\n<\/div>\n<\/div>\n<div class=\"accordion-toggle__content js-accordion-content accordion-toggle__content--opened\">\n<div class=\"accordion-toggle__trigger js-accordion-toggle\">Ka\u011f\u0131t \/ Malzeme Kullan\u0131m\u0131<\/div>\n<div class=\"accordion-toggle__inner\">\n<div class=\"accordion-toggle__group\">\n<div class=\"spec-table\">\n<div class=\"table-row\">\n<div class=\"table-head\">\n<h5>Ka\u011f\u0131t Ayarlama Kapasitesi<\/h5>\n<\/div>\n<div class=\"table-cell\">1\u00a0Sayfa<\/div>\n<\/div>\n<\/div>\n<div class=\"spec-table\">\n<div class=\"table-row\">\n<div class=\"table-head\">\n<h5>ADF Ka\u011f\u0131t a\u011f\u0131rl\u0131\u011f\u0131<\/h5>\n<\/div>\n<div class=\"table-cell\">Otomatik y\u00fckleme: 35\u00a0 &#8211; \u00a0270\u00a0g\/m\u00b2, Elle y\u00fckleme:35\u00a0&#8211;\u00a0270\u00a0g\/m\u00b2<\/div>\n<\/div>\n<\/div>\n<div class=\"spec-table\">\n<div class=\"table-row\">\n<div class=\"table-head\">\n<h5>G\u00fcvenilir G\u00fcnl\u00fck \u0130\u015f Y\u00fck\u00fc<\/h5>\n<\/div>\n<div class=\"table-cell\">300\u00a0Sayfa<\/div>\n<\/div>\n<\/div>\n<div class=\"spec-table\">\n<div class=\"table-row\">\n<div class=\"table-head\">\n<h5>\u00c7ift tarafl\u0131 Tarama<\/h5>\n<\/div>\n<div class=\"table-cell\">Hay\u0131r<\/div>\n<\/div>\n<\/div>\n<\/div>\n<\/div>\n<\/div>\n<div class=\"accordion-toggle__content js-accordion-content accordion-toggle__content--opened\">\n<div class=\"accordion-toggle__trigger js-accordion-toggle\">Tarama \u00d6zellikleri<\/div>\n<div class=\"accordion-toggle__inner\">\n<div class=\"accordion-toggle__group\">\n<div class=\"spec-table\">\n<div class=\"table-row\">\n<div class=\"table-head\">\n<h5>\u00d6zellikler<\/h5>\n<\/div>\n<div class=\"table-cell\">Tek bir tu\u015fa basarak, RGB renk at\u0131\u011f\u0131, Bo\u015f Sayfalar\u0131 Atla, Delik mesafesi, Geli\u015fmi\u015f g\u00f6r\u00fcnt\u00fc i\u015fleme, \u00d6nceden tan\u0131mlanm\u0131\u015f ayarlar, Otomatik alan da\u011f\u0131t\u0131m\u0131, Otomatik \u00e7arp\u0131kl\u0131k d\u00fczeltme, Otomatik siyah beyaz ve renkli tespiti, RGB renk d\u00fczeltimi, otomatik g\u00f6r\u00fcnt\u00fc d\u00f6nd\u00fcrme, Metin d\u00fczeltme, D\u00fczle\u015ftirme, Otomatik boyut uyumlama i\u00e7in geli\u015ftirilmi\u015f k\u0131rpma i\u015flevi, Daraltma<\/div>\n<\/div>\n<\/div>\n<div class=\"spec-table\">\n<div class=\"table-row\">\n<div class=\"table-head\">\n<h5>\u00c7\u0131kt\u0131 formatlar\u0131<\/h5>\n<\/div>\n<div class=\"table-cell\">JPEG, PDF, Aranabilir PDF\u2019e tarama, PDF\/A<\/div>\n<\/div>\n<\/div>\n<div class=\"spec-table\">\n<div class=\"table-row\">\n<div class=\"table-head\">\n<h5>Tarama hacmi<\/h5>\n<\/div>\n<div class=\"table-cell\">300\u00a0Sayfa\/g\u00fcn<\/div>\n<\/div>\n<\/div>\n<\/div>\n<\/div>\n<\/div>\n<div class=\"accordion-toggle__content js-accordion-content accordion-toggle__content--opened\">\n<div class=\"accordion-toggle__trigger js-accordion-toggle\">Ba\u011flant\u0131 \u00f6zelli\u011fi<\/div>\n<div class=\"accordion-toggle__inner\">\n<div class=\"accordion-toggle__group\">\n<div class=\"spec-table\">\n<div class=\"table-row\">\n<div class=\"table-head\">\n<h5>Ba\u011flant\u0131lar<\/h5>\n<\/div>\n<div class=\"table-cell\">Wi-Fi Direct, USB 2.0 Micro-B<\/div>\n<\/div>\n<\/div>\n<\/div>\n<\/div>\n<\/div>\n<div class=\"accordion-toggle__content js-accordion-content accordion-toggle__content--opened\">\n<div class=\"accordion-toggle__trigger js-accordion-toggle\">Genel<\/div>\n<div class=\"accordion-toggle__inner\">\n<div class=\"accordion-toggle__group\">\n<div class=\"spec-table\">\n<div class=\"table-row\">\n<div class=\"table-head\">\n<h5>\u00dcr\u00fcn boyutlar\u0131<\/h5>\n<\/div>\n<div class=\"table-cell\">272\u200e\u00a0x\u00a047\u00a0x\u00a034\u00a0mm\u00a0(Geni\u015flik x Derinlik x Y\u00fckseklik)<\/div>\n<\/div>\n<\/div>\n<div class=\"spec-table\">\n<div class=\"table-row\">\n<div class=\"table-head\">\n<h5>\u00dcr\u00fcn a\u011f\u0131rl\u0131\u011f\u0131<\/h5>\n<\/div>\n<div class=\"table-cell\">0,3\u00a0kg<\/div>\n<\/div>\n<\/div>\n<div class=\"spec-table\">\n<div class=\"table-row\">\n<div class=\"table-head\">\n<h5>S\u00fcr\u00fcc\u00fc<\/h5>\n<\/div>\n<div class=\"table-cell\">TWAIN, WIA, SANE (Linux), ICA (Mac)<\/div>\n<\/div>\n<\/div>\n<div class=\"spec-table\">\n<div class=\"table-row\">\n<div class=\"table-head\">\n<h5>Dahil edilen Yaz\u0131l\u0131m<\/h5>\n<\/div>\n<div class=\"table-cell\">Epson Scan 2<\/div>\n<\/div>\n<\/div>\n<div class=\"spec-table\">\n<div class=\"table-row\">\n<div class=\"table-head\">\n<h5>Uyumlu \u0130\u015fletim Sistemleri<\/h5>\n<\/div>\n<div class=\"table-cell\">Mac OS 10.6+, Windows 10, Windows 10 (32\/64 bit), Windows 11, Windows 7, Windows 8, Windows 8.1, Windows Server 2003, Windows Server 2008 (32\/64bit), Windows Server 2012 R2, Windows Server 2016, Windows Vista, Windows XP<\/div>\n<\/div>\n<\/div>\n<div class=\"spec-table\">\n<div class=\"table-row\">\n<div class=\"table-head\">\n<h5>Hava nem oran\u0131<\/h5>\n<\/div>\n<div class=\"table-cell\">\u00c7al\u0131\u015ft\u0131rma\u00a010% &#8211; 85%, Depolama\u00a010% &#8211; 90%<\/div>\n<\/div>\n<\/div>\n<div class=\"spec-table\">\n<div class=\"table-row\">\n<div class=\"table-head\">\n<h5>S\u0131cakl\u0131k<\/h5>\n<\/div>\n<div class=\"table-cell\">\u00c7al\u0131\u015ft\u0131rma\u00a05\u00b0 C &#8211; 35\u00b0 C, Depolama\u00a0-25\u00b0 C &#8211; 60\u00b0 C<\/div>\n<\/div>\n<\/div>\n<div class=\"spec-table\">\n<div class=\"table-row\">\n<div class=\"table-head\">\n<h5>Teslimat i\u00e7eri\u011fi<\/h5>\n<\/div>\n<div class=\"table-cell\">USB kablos\u0131<\/div>\n<\/div>\n<\/div>\n<\/div>\n<\/div>\n<\/div>\n<div class=\"accordion-toggle__content js-accordion-content accordion-toggle__content--opened\">\n<div class=\"accordion-toggle__trigger js-accordion-toggle\">Di\u011fer<\/div>\n<div class=\"accordion-toggle__inner\">\n<div class=\"accordion-toggle__group\">\n<div class=\"spec-table\">\n<div class=\"table-row\">\n<div class=\"table-head\">\n<h5>Garanti<\/h5>\n<\/div>\n<div class=\"table-cell\">24\u00a0Aylar\u00a0servis merkezinde<\/div>\n<\/div>\n<\/div>\n<\/div>\n<\/div>\n<\/div>\n<\/div>\n<\/div>\n<\/div>\n<\/div>\n<\/div>\n","protected":false},"excerpt":{"rendered":"<h4 class=\"buy-box__headline\">Kablosuz mobil taray\u0131c\u0131<\/h4>\n<div class=\"buy-box__key-features\">\n<div class=\"blockdown description\">\n<ul class=\"features\">\n<li><strong>Her yerde taray\u0131n<\/strong>\u00a0K\u00fc\u00e7\u00fck, hafif tasar\u0131m<\/li>\n<li><strong>USB kablo veya entegre pil g\u00fcc\u00fc<\/strong>\u00a0Tek \u015farjla 300 sayfaya kadar tarama<\/li>\n<li><strong>Y\u00fcksek tarama h\u0131zlar\u0131<\/strong>\u00a0Sayfa ba\u015f\u0131na d\u00f6rt saniyeye kadar h\u0131z (8.5ppm)<\/li>\n<li><strong>\u0130\u015f y\u00fck\u00fcn\u00fcz\u00fc kolayla\u015ft\u0131r\u0131n<\/strong>\u00a0Otomatik besleme moduyla kesintisiz tarama<\/li>\n<li><strong>Yeni ScanSmart yaz\u0131l\u0131m\u0131 dahildir<\/strong>\u00a0Kolay ve h\u0131zl\u0131 \u015fekilde taramaya ba\u015flay\u0131n<\/li>\n<\/ul>\n<\/div>\n<\/div>\n","protected":false},"featured_media":32239,"comment_status":"open","ping_status":"closed","template":"","meta":[],"product_brand":[],"product_cat":[42],"product_tag":[],"berocket_brand":[41],"class_list":{"0":"post-32237","1":"product","2":"type-product","3":"status-publish","4":"has-post-thumbnail","6":"product_cat-tarayici","7":"berocket_brand-epson","9":"first","10":"instock","11":"shipping-taxable","12":"product-type-simple"},"_links":{"self":[{"href":"https:\/\/inksistem.com.tr\/b2b\/wp-json\/wp\/v2\/product\/32237","targetHints":{"allow":["GET"]}}],"collection":[{"href":"https:\/\/inksistem.com.tr\/b2b\/wp-json\/wp\/v2\/product"}],"about":[{"href":"https:\/\/inksistem.com.tr\/b2b\/wp-json\/wp\/v2\/types\/product"}],"replies":[{"embeddable":true,"href":"https:\/\/inksistem.com.tr\/b2b\/wp-json\/wp\/v2\/comments?post=32237"}],"wp:featuredmedia":[{"embeddable":true,"href":"https:\/\/inksistem.com.tr\/b2b\/wp-json\/wp\/v2\/media\/32239"}],"wp:attachment":[{"href":"https:\/\/inksistem.com.tr\/b2b\/wp-json\/wp\/v2\/media?parent=32237"}],"wp:term":[{"taxonomy":"product_brand","embeddable":true,"href":"https:\/\/inksistem.com.tr\/b2b\/wp-json\/wp\/v2\/product_brand?post=32237"},{"taxonomy":"product_cat","embeddable":true,"href":"https:\/\/inksistem.com.tr\/b2b\/wp-json\/wp\/v2\/product_cat?post=32237"},{"taxonomy":"product_tag","embeddable":true,"href":"https:\/\/inksistem.com.tr\/b2b\/wp-json\/wp\/v2\/product_tag?post=32237"},{"taxonomy":"berocket_brand","embeddable":true,"href":"https:\/\/inksistem.com.tr\/b2b\/wp-json\/wp\/v2\/berocket_brand?post=32237"}],"curies":[{"name":"wp","href":"https:\/\/api.w.org\/{rel}","templated":true}]}}