{"id":32249,"date":"2023-12-25T22:50:55","date_gmt":"2023-12-25T19:50:55","guid":{"rendered":"http:\/\/inksistem.com.tr\/b2b\/?post_type=product&#038;p=32249"},"modified":"2023-12-25T22:50:56","modified_gmt":"2023-12-25T19:50:56","slug":"expression-12000xl","status":"publish","type":"product","link":"https:\/\/inksistem.com.tr\/b2b\/urun\/expression-12000xl\/","title":{"rendered":"Expression 12000XL"},"content":{"rendered":"<div class=\"product-overview__section\">\n<div class=\"product-overview__section-content\">\n<div class=\"product-overview__description product-overview__description--neon\">\n<div>\n<div class=\"heading1\">\n<h4>Keskin ve hatas\u0131z g\u00f6r\u00fcnt\u00fc olu\u015fturulmas\u0131<\/h4>\n<p>Expression 12000XL modelinin serisinin en iyisi tarama teknolojisi sayesinde kullan\u0131c\u0131lar, A3 format\u0131na kadar son derece \u00fcst\u00fcn kaliteli g\u00f6r\u00fcnt\u00fc reprod\u00fcksiyonu sa\u011flayabilir. Kullan\u0131m\u0131 kolay Epson Scan, hem otomatik hem de profesyonel modlarda \u00e7al\u0131\u015farak kullan\u0131c\u0131lar\u0131n tarama sonu\u00e7lar\u0131n\u0131 optimum hale getirmesine olanak tan\u0131r.<\/p>\n<p>Expression 12000XL modelinin 3.8 DMax ve 48 bit renkli optik yo\u011funlu\u011fu, g\u00f6lgeli alanlarda bile en geni\u015f renk aral\u0131\u011f\u0131nda tam olarak olu\u015fturulmas\u0131 i\u00e7in keskin ve do\u011fru tarama sa\u011flar. Ek olarak, 2400 x 4800dpi y\u00fcksek \u00e7\u00f6z\u00fcn\u00fcrl\u00fck ve ultra hassas Micro Step Drive teknolojisi, kullan\u0131c\u0131lar\u0131n en k\u00fc\u00e7\u00fck ayr\u0131nt\u0131lar\u0131 dahi s\u0131ra d\u0131\u015f\u0131 bir netlikle yakalamas\u0131na olanak tan\u0131r.<\/p>\n<\/div>\n<div class=\"heading2\">\n<h4>Taramalar\u0131n\u0131z\u0131 netle\u015ftirin ve d\u00fczenleyin<\/h4>\n<p>Kapsaml\u0131 bir yaz\u0131l\u0131m ve g\u00f6r\u00fcnt\u00fcleme teknolojisi paketi, Expression 12000XL&#8217;nin \u00e7ok \u00e7e\u015fitli i\u015flevleri kolayca ve verimli bir \u015fekilde ger\u00e7ekle\u015ftirebilmesini sa\u011flar. Epson Scan&#8217;de, toz taneciklerini \u00f6nleme ve g\u00f6r\u00fcnt\u00fclerdeki renk ge\u00e7i\u015flerinin yumu\u015fat\u0131lmas\u0131 i\u00e7in \u00e7izgi giderme gibi \u00f6zellikler bulunur. SilverFast Ai 8.8&#8217;in g\u00f6r\u00fcnt\u00fc i\u015fleme i\u015flevleri, m\u00fckemmel g\u00f6r\u00fcnt\u00fc olu\u015fturulmas\u0131na bir ad\u0131m daha yakla\u015fman\u0131za yard\u0131m eder.<\/p>\n<\/div>\n<div class=\"heading3\">\n<h4>Film negatifleri de dahil olmak \u00fczere \u00e7ok \u00e7e\u015fitli \u00f6\u011feleri taray\u0131n<\/h4>\n<p>\u0130ste\u011fe ba\u011f\u0131 asetat birimi kullan\u0131c\u0131lar\u0131n, pozitif veya negatif filmler ve slaytlar gibi saydam materyallerde profesyonel sonu\u00e7lar elde ederek tarama yapmas\u0131na olanak tan\u0131r.<\/p>\n<\/div>\n<\/div>\n<\/div>\n<\/div>\n<\/div>\n<div class=\"product-overview__section product-overview__section--features\">\n<h2 class=\"product-overview__section-title\">Temel \u00d6zellikler<\/h2>\n<div class=\"product-overview__section-content\">\n<div class=\"product-overview__features\">\n<div class=\"blockdown description\">\n<ul class=\"features\">\n<li><strong>A3 grafik taray\u0131c\u0131<\/strong>\u00a0A3 format\u0131na kadar profesyonel sonu\u00e7lar<\/li>\n<li><strong>Daha \u00fcst\u00fcn kalite<\/strong>\u00a02,400 x 4,800dpi \u00e7\u00f6z\u00fcn\u00fcrl\u00fck<\/li>\n<li><strong>Y\u00fcksek hassasiyetli<\/strong>\u00a0Micro Step Drive teknolojisi<\/li>\n<li><strong>G\u00fc\u00e7l\u00fc yaz\u0131l\u0131m<\/strong>\u00a0Silverfast Ai 8.8<\/li>\n<li><strong>\u0130ste\u011fe ba\u011fl\u0131 TPU<\/strong>\u00a0Film ve slaytlar i\u00e7in asetat birimi<\/li>\n<\/ul>\n<\/div>\n<\/div>\n<\/div>\n<\/div>\n<div class=\"product-overview__section\">\n<h2 class=\"product-overview__section-title\">Ek bilgileri indir<\/h2>\n<div class=\"product-overview__section-content\">\n<div class=\"product-overview__datasheets\">\n<div class=\"product-overview__datasheet\"><a href=\"https:\/\/neon.epson-europe.com\/content\/open\/datasheet.php?id=20208&amp;cc=TR&amp;lc=tr\"><strong class=\"product-overview__datasheet-title\">Expression 12000XL Veri Sayfas\u0131\/Bro\u015f\u00fcr<\/strong><\/a><\/div>\n<\/div>\n<\/div>\n<\/div>\n<div><\/div>\n<div>\n<h3 class=\"tab-panel__section-title tab-panel__section-title--always-visible\">Teknik \u00d6zellikler<\/h3>\n<div class=\"tab-panel__section-content\">\n<div class=\"tech-specs\">\n<div class=\"tech-specs__intro\">\n<div class=\"tech-specs__description\">\u00dcr\u00fcn \u00f6zellikleri ve teknik \u00f6zellikler \u00f6nceden bildirimde bulunmaks\u0131z\u0131n de\u011fi\u015ftirilebilir<\/div>\n<\/div>\n<div class=\"tech-specs__accordion\">\n<div class=\"accordion-toggle accordion-toggle--product accordion-toggle--all js-accordion\">\n<div class=\"accordion-toggle__content js-accordion-content accordion-toggle__content--opened\">\n<div class=\"accordion-toggle__trigger js-accordion-toggle\">Teknoloji<\/div>\n<div class=\"accordion-toggle__inner\">\n<div class=\"accordion-toggle__group\">\n<div class=\"spec-table\">\n<div class=\"table-row\">\n<div class=\"table-head\">\n<h5>Taray\u0131c\u0131 T\u00fcr\u00fc<\/h5>\n<\/div>\n<div class=\"table-cell\">Grafik Taray\u0131c\u0131<\/div>\n<\/div>\n<\/div>\n<div class=\"spec-table\">\n<div class=\"table-row\">\n<div class=\"table-head\">\n<h5>Tarama \u00c7\u00f6z\u00fcn\u00fcrl\u00fc\u011f\u00fc<\/h5>\n<\/div>\n<div class=\"table-cell\">2.400\u00a0\u0130n\u00e7 ba\u015f\u0131na nokta x 4.800\u00a0\u0130n\u00e7 ba\u015f\u0131na nokta (yatay x dikey)<\/div>\n<\/div>\n<\/div>\n<div class=\"spec-table\">\n<div class=\"table-row\">\n<div class=\"table-head\">\n<h5>Optik Yo\u011funluk<\/h5>\n<\/div>\n<div class=\"table-cell\">3,8\u00a0Dmaks.<\/div>\n<\/div>\n<\/div>\n<div class=\"spec-table\">\n<div class=\"table-row\">\n<div class=\"table-head\">\n<h5>Tarama Aral\u0131\u011f\u0131 (maksimum)<\/h5>\n<\/div>\n<div class=\"table-cell\">310\u00a0mm x 437\u00a0mm (yatay x dikey)<\/div>\n<\/div>\n<\/div>\n<div class=\"spec-table\">\n<div class=\"table-row\">\n<div class=\"table-head\">\n<h5>Ka\u011f\u0131t Formatlar\u0131<\/h5>\n<\/div>\n<div class=\"table-cell\">A3 (29,7&#215;42,0 cm), A4 (21.0&#215;29,7 cm), A5 (14,8&#215;21,0 cm), B4, B5<\/div>\n<\/div>\n<\/div>\n<div class=\"spec-table\">\n<div class=\"table-row\">\n<div class=\"table-head\">\n<h5>Renk derinli\u011fi<\/h5>\n<\/div>\n<div class=\"table-cell\">Girdi: 16\u00a0Bit\u00a0Renk \/ 16\u00a0Bit\u00a0Tek renkli , \u00c7\u0131kt\u0131: 48\u00a0Bit\u00a0Renk \/ 48\u00a0Bit\u00a0Tek renkli<\/div>\n<\/div>\n<\/div>\n<div class=\"spec-table\">\n<div class=\"table-row\">\n<div class=\"table-head\">\n<h5>Kategori<\/h5>\n<\/div>\n<div class=\"table-cell\">Y\u00fcksek \u00c7\u00f6z\u00fcn\u00fcrl\u00fck<\/div>\n<\/div>\n<\/div>\n<\/div>\n<\/div>\n<\/div>\n<div class=\"accordion-toggle__content js-accordion-content accordion-toggle__content--opened\">\n<div class=\"accordion-toggle__trigger js-accordion-toggle\">Taray\u0131c\u0131<\/div>\n<div class=\"accordion-toggle__inner\">\n<div class=\"accordion-toggle__group\">\n<div class=\"spec-table\">\n<div class=\"table-row\">\n<div class=\"table-head\">\n<h5>I\u015f\u0131k kayna\u011f\u0131<\/h5>\n<\/div>\n<div class=\"table-cell\">ReadyScan LED Teknolojisi<\/div>\n<\/div>\n<\/div>\n<\/div>\n<\/div>\n<\/div>\n<div class=\"accordion-toggle__content js-accordion-content accordion-toggle__content--opened\">\n<div class=\"accordion-toggle__trigger js-accordion-toggle\">Tarama h\u0131z\u0131<\/div>\n<div class=\"accordion-toggle__inner\">\n<div class=\"accordion-toggle__group\">\n<div class=\"spec-table\">\n<div class=\"table-row\">\n<div class=\"table-head\">\n<h5>Tarama h\u0131z\u0131<\/h5>\n<\/div>\n<div class=\"table-cell\">Tek renkli:\u00a012\u00a0s\/Sayfa &#8211; Renk:\u00a012\u00a0s\/Sayfa \u00f6l\u00e7\u00fcm birimi Boyut: A4 , \u00c7\u00f6z\u00fcn\u00fcrl\u00fck: 300 dpi<\/div>\n<\/div>\n<\/div>\n<\/div>\n<\/div>\n<\/div>\n<div class=\"accordion-toggle__content js-accordion-content accordion-toggle__content--opened\">\n<div class=\"accordion-toggle__trigger js-accordion-toggle\">Tarama \u00d6zellikleri<\/div>\n<div class=\"accordion-toggle__inner\">\n<div class=\"accordion-toggle__group\">\n<div class=\"spec-table\">\n<div class=\"table-row\">\n<div class=\"table-head\">\n<h5>\u00c7\u0131kt\u0131 formatlar\u0131<\/h5>\n<\/div>\n<div class=\"table-cell\">BMP, JPEG, TIFF, \u00c7oklu TIFF\u2019e tarama, PDF<\/div>\n<\/div>\n<\/div>\n<\/div>\n<\/div>\n<\/div>\n<div class=\"accordion-toggle__content js-accordion-content accordion-toggle__content--opened\">\n<div class=\"accordion-toggle__trigger js-accordion-toggle\">Ba\u011flant\u0131 \u00f6zelli\u011fi<\/div>\n<div class=\"accordion-toggle__inner\">\n<div class=\"accordion-toggle__group\">\n<div class=\"spec-table\">\n<div class=\"table-row\">\n<div class=\"table-head\">\n<h5>Ba\u011flant\u0131lar<\/h5>\n<\/div>\n<div class=\"table-cell\">USB 2.0<\/div>\n<\/div>\n<\/div>\n<\/div>\n<\/div>\n<\/div>\n<div class=\"accordion-toggle__content js-accordion-content accordion-toggle__content--opened\">\n<div class=\"accordion-toggle__trigger js-accordion-toggle\">Genel<\/div>\n<div class=\"accordion-toggle__inner\">\n<div class=\"accordion-toggle__group\">\n<div class=\"spec-table\">\n<div class=\"table-row\">\n<div class=\"table-head\">\n<h5>\u00dcr\u00fcn boyutlar\u0131<\/h5>\n<\/div>\n<div class=\"table-cell\">656\u200e\u00a0x\u00a0458\u00a0x\u00a0158\u00a0mm\u00a0(Geni\u015flik x Derinlik x Y\u00fckseklik)<\/div>\n<\/div>\n<\/div>\n<div class=\"spec-table\">\n<div class=\"table-row\">\n<div class=\"table-head\">\n<h5>\u00dcr\u00fcn a\u011f\u0131rl\u0131\u011f\u0131<\/h5>\n<\/div>\n<div class=\"table-cell\">14,3\u00a0kg<\/div>\n<\/div>\n<\/div>\n<div class=\"spec-table\">\n<div class=\"table-row\">\n<div class=\"table-head\">\n<h5>S\u00fcr\u00fcc\u00fc<\/h5>\n<\/div>\n<div class=\"table-cell\">TWAIN, WIA, ISIS, Epson Scan2 (TWAIN), ICA (Mac)<\/div>\n<\/div>\n<\/div>\n<div class=\"spec-table\">\n<div class=\"table-row\">\n<div class=\"table-head\">\n<h5>Dahil edilen Yaz\u0131l\u0131m<\/h5>\n<\/div>\n<div class=\"table-cell\">Epson Scan 2, SilverFast Ai ver.\u00a08.8<\/div>\n<\/div>\n<\/div>\n<div class=\"spec-table\">\n<div class=\"table-row\">\n<div class=\"table-head\">\n<h5>Uyumlu \u0130\u015fletim Sistemleri<\/h5>\n<\/div>\n<div class=\"table-cell\">Mac OS 10.10.x, Mac OS 10.11, Mac OS 10.7.x, Mac OS 10.8.x, Mac OS 10.9.x, Windows 10, Windows 7, Windows 7 x64, Windows 8 (32\/64 bit), Windows Server 2003 (32\/64bit), Windows Server 2008 (32\/64bit), Windows Server 2008 R2, Windows Server 2012 (64bit), Windows Server 2012 R2, Windows Vista, Windows Vista x64, Windows XP, Windows Server 2003 R2<\/div>\n<\/div>\n<\/div>\n<div class=\"spec-table\">\n<div class=\"table-row\">\n<div class=\"table-head\">\n<h5>G\u00fcr\u00fclt\u00fc d\u00fczeyi<\/h5>\n<\/div>\n<div class=\"table-cell\">Operation (Roll):\u00a060\u00a0dB (A)<\/div>\n<\/div>\n<\/div>\n<div class=\"spec-table\">\n<div class=\"table-row\">\n<div class=\"table-head\">\n<h5>Hava nem oran\u0131<\/h5>\n<\/div>\n<div class=\"table-cell\">\u00c7al\u0131\u015ft\u0131rma\u00a010% &#8211; 80%, Depolama\u00a010% &#8211; 85%<\/div>\n<\/div>\n<\/div>\n<div class=\"spec-table\">\n<div class=\"table-row\">\n<div class=\"table-head\">\n<h5>S\u0131cakl\u0131k<\/h5>\n<\/div>\n<div class=\"table-cell\">\u00c7al\u0131\u015ft\u0131rma\u00a05\u00b0 C &#8211; 35\u00b0 C, Depolama\u00a025\u00b0 C &#8211; 60\u00b0 C<\/div>\n<\/div>\n<\/div>\n<div class=\"spec-table\">\n<div class=\"table-row\">\n<div class=\"table-head\">\n<h5>Teslimat i\u00e7eri\u011fi<\/h5>\n<\/div>\n<div class=\"table-cell\">Ana cihaz (\u00fcnite), G\u00fc\u00e7 kablosu, Talimat, Yaz\u0131l\u0131m (CD), USB kablos\u0131, Garanti belgesi<\/div>\n<\/div>\n<\/div>\n<\/div>\n<\/div>\n<\/div>\n<div class=\"accordion-toggle__content js-accordion-content accordion-toggle__content--opened\">\n<div class=\"accordion-toggle__trigger js-accordion-toggle\">Di\u011fer<\/div>\n<div class=\"accordion-toggle__inner\">\n<div class=\"accordion-toggle__group\">\n<div class=\"spec-table\">\n<div class=\"table-row\">\n<div class=\"table-head\">\n<h5>Garanti<\/h5>\n<\/div>\n<div class=\"table-cell\">24\u00a0Aylar\u00a0servis merkezinde<\/div>\n<\/div>\n<\/div>\n<\/div>\n<\/div>\n<\/div>\n<\/div>\n<\/div>\n<\/div>\n<\/div>\n<\/div>\n","protected":false},"excerpt":{"rendered":"<h4 class=\"buy-box__headline\">A3 grafik taray\u0131c\u0131<\/h4>\n<div class=\"buy-box__key-features\">\n<div class=\"blockdown description\">\n<ul class=\"features\">\n<li><strong>A3 grafik taray\u0131c\u0131<\/strong>\u00a0A3 format\u0131na kadar profesyonel sonu\u00e7lar<\/li>\n<li><strong>Daha \u00fcst\u00fcn kalite<\/strong>\u00a02,400 x 4,800dpi \u00e7\u00f6z\u00fcn\u00fcrl\u00fck<\/li>\n<li><strong>Y\u00fcksek hassasiyetli<\/strong>\u00a0Micro Step Drive teknolojisi<\/li>\n<li><strong>G\u00fc\u00e7l\u00fc yaz\u0131l\u0131m<\/strong>\u00a0Silverfast Ai 8.8<\/li>\n<li><strong>\u0130ste\u011fe ba\u011fl\u0131 TPU<\/strong>\u00a0Film ve slaytlar i\u00e7in asetat birimi<\/li>\n<\/ul>\n<\/div>\n<\/div>\n","protected":false},"featured_media":32250,"comment_status":"open","ping_status":"closed","template":"","meta":[],"product_brand":[],"product_cat":[42],"product_tag":[],"berocket_brand":[41],"class_list":{"0":"post-32249","1":"product","2":"type-product","3":"status-publish","4":"has-post-thumbnail","6":"product_cat-tarayici","7":"berocket_brand-epson","9":"first","10":"instock","11":"shipping-taxable","12":"product-type-simple"},"_links":{"self":[{"href":"https:\/\/inksistem.com.tr\/b2b\/wp-json\/wp\/v2\/product\/32249","targetHints":{"allow":["GET"]}}],"collection":[{"href":"https:\/\/inksistem.com.tr\/b2b\/wp-json\/wp\/v2\/product"}],"about":[{"href":"https:\/\/inksistem.com.tr\/b2b\/wp-json\/wp\/v2\/types\/product"}],"replies":[{"embeddable":true,"href":"https:\/\/inksistem.com.tr\/b2b\/wp-json\/wp\/v2\/comments?post=32249"}],"wp:featuredmedia":[{"embeddable":true,"href":"https:\/\/inksistem.com.tr\/b2b\/wp-json\/wp\/v2\/media\/32250"}],"wp:attachment":[{"href":"https:\/\/inksistem.com.tr\/b2b\/wp-json\/wp\/v2\/media?parent=32249"}],"wp:term":[{"taxonomy":"product_brand","embeddable":true,"href":"https:\/\/inksistem.com.tr\/b2b\/wp-json\/wp\/v2\/product_brand?post=32249"},{"taxonomy":"product_cat","embeddable":true,"href":"https:\/\/inksistem.com.tr\/b2b\/wp-json\/wp\/v2\/product_cat?post=32249"},{"taxonomy":"product_tag","embeddable":true,"href":"https:\/\/inksistem.com.tr\/b2b\/wp-json\/wp\/v2\/product_tag?post=32249"},{"taxonomy":"berocket_brand","embeddable":true,"href":"https:\/\/inksistem.com.tr\/b2b\/wp-json\/wp\/v2\/berocket_brand?post=32249"}],"curies":[{"name":"wp","href":"https:\/\/api.w.org\/{rel}","templated":true}]}}