{"id":32251,"date":"2023-12-26T08:43:30","date_gmt":"2023-12-26T05:43:30","guid":{"rendered":"http:\/\/inksistem.com.tr\/b2b\/?post_type=product&#038;p=32251"},"modified":"2023-12-26T08:43:31","modified_gmt":"2023-12-26T05:43:31","slug":"workforce-es-580w","status":"publish","type":"product","link":"https:\/\/inksistem.com.tr\/b2b\/urun\/workforce-es-580w\/","title":{"rendered":"WorkForce ES-580W"},"content":{"rendered":"<div class=\"product-overview__section\">\n<div class=\"product-overview__section-content\">\n<div class=\"product-overview__description product-overview__description--neon\">\n<div>\n<div class=\"heading1\">\n<h4>Bilgisayar gerektirmez<\/h4>\n<p>Kolay tarama: 10,9 cm dokunmatik ekran ile kablosuz olarak do\u011frudan a\u011f ve bulut klas\u00f6rlerine, e-posta adreslerine veya tak\u0131l\u0131 USB belle\u011fe tarayabilirsiniz &#8211; bilgisayar gerektirmez.<\/p>\n<\/div>\n<div class=\"heading2\">\n<h4>Zaman tasarrufu<\/h4>\n<p>Tek bir ge\u00e7i\u015fte \u00e7ift tarafl\u0131 tarama, 100 sayfal\u0131k otomatik belge besleyici ve 35 sf.\/dk.\/70 ipm<sup>1<\/sup>\u00a0tarama h\u0131z\u0131, i\u015finizi h\u0131zl\u0131 bir \u015fekilde tamamlayabilece\u011finiz ve zamandan tasarruf edebilece\u011finiz anlam\u0131na gelir.<\/p>\n<\/div>\n<div class=\"heading3\">\n<h4>Esnek tarama<\/h4>\n<p>Do\u011frudan taray\u0131c\u0131n\u0131n dokunmatik ekran\u0131ndan taray\u0131n ve bilgisayara gerek kalmadan \u00f6zelle\u015ftirilebilir \u00f6n ayarlar ve d\u00fczenler olu\u015fturun. Ayr\u0131ca, Epson ScanSmart yaz\u0131l\u0131m\u0131yla PC veya Mac&#8217;inizi kullanarak veya Epson Smart Panel uygulamas\u0131yla telefonunuz veya tabletiniz \u00fczerinden de tarama yapabilir ve payla\u015fabilirsiniz.<\/p>\n<\/div>\n<div class=\"heading4\">\n<h4>Ak\u0131ll\u0131<\/h4>\n<p>Ak\u0131ll\u0131 renk ve g\u00f6r\u00fcnt\u00fc ayarlamalar\u0131 &#8211; Epson\u2019un G\u00f6r\u00fcnt\u00fc \u0130\u015fleme Teknolojisi ile otomatik k\u0131rpma, e\u011frilik giderme, bo\u015f sayfa ve arka plan kald\u0131rma.<\/p>\n<\/div>\n<div class=\"heading5\">\n<h4>\u0130\u00e7iniz rahat olsun<\/h4>\n<p>K\u00e2\u011f\u0131t s\u0131k\u0131\u015fmalar\u0131, \u00e7ift tarafl\u0131 besleme ve camda kir alg\u0131lama i\u00e7in yerle\u015fik sens\u00f6rlerle, t\u00fcm belgeler g\u00fcvenli tutulur ve en y\u00fcksek kalitede taran\u0131r.<\/p>\n<\/div>\n<div class=\"heading6\">\n<h4>\u00c7ok y\u00f6nl\u00fc<\/h4>\n<p>Makbuzlar, kartvizitler, plastik kartlar ve daha fazlas\u0131 d\u00e2hil olmak \u00fczere 27-409 gsm aras\u0131ndaki her \u015feyi tarayarak y\u00fcksek kaliteli dijital dosyalar \u00fcretin.<\/p>\n<\/div>\n<\/div>\n<\/div>\n<\/div>\n<\/div>\n<div class=\"product-overview__section product-overview__section--features\">\n<h2 class=\"product-overview__section-title\">Temel \u00d6zellikler<\/h2>\n<div class=\"product-overview__section-content\">\n<div class=\"product-overview__features\">\n<div class=\"blockdown description\">\n<ul class=\"features\">\n<li><strong>Kablosuz tarama<\/strong>\u00a0Do\u011frudan buluta, a\u011f klas\u00f6rlerine veya e-postaya bilgisayars\u0131z tarama<\/li>\n<li><strong>PC ve Mac i\u00e7in sezgisel Epson ScanSmart yaz\u0131l\u0131m\u0131<\/strong>\u00a0\u00d6nizleme, OCR ve kar\u015f\u0131ya y\u00fckleme art\u0131k daha kolay<\/li>\n<li><strong>Verimli<\/strong>\u00a0Sayfan\u0131n her iki taraf\u0131n\u0131 tek ge\u00e7i\u015fte yakalayarak 35 sf.\/dk. \/ 70 ipm<sup>1<\/sup>\u2019ye kadar taray\u0131n<\/li>\n<li><strong>Ak\u0131ll\u0131<\/strong>\u00a0Otomatik k\u0131rpma, e\u011frilik giderme, bo\u015f sayfa ve arka plan\u0131 kald\u0131rma<\/li>\n<li><strong>Kumanda paneli<\/strong>\u00a0Kullan\u0131m\u0131 kolay 10,9 in\u00e7 renkli LCD dokunmatik ekran<\/li>\n<\/ul>\n<\/div>\n<\/div>\n<\/div>\n<\/div>\n<div class=\"product-overview__section\">\n<h2 class=\"product-overview__section-title\">Ek bilgileri indir<\/h2>\n<div class=\"product-overview__section-content\">\n<div class=\"product-overview__datasheets\">\n<div class=\"product-overview__datasheet\"><strong class=\"product-overview__datasheet-title\">WorkForce ES-580W Veri Sayfas\u0131\/Bro\u015f\u00fcr<\/strong><a class=\"btn btn-link btn-link--small btn-link--no-padding product-overview__datasheet-cta\" href=\"https:\/\/neon.epson-europe.com\/content\/open\/datasheet.php?id=30514&amp;cc=TR&amp;lc=tr\" aria-label=\"\" data-layer-track=\"download_interaction\" data-layer-on=\"click\" data-layer-name=\"Download WorkForce ES-580W Veri Sayfas\u0131\/Bro\u015f\u00fcr\" data-layer-data=\"{ \n    &quot;file_format&quot;: &quot;&quot;, \n    &quot;file_name&quot;: &quot;WorkForce ES-580W Veri Sayfas\u0131\/Bro\u015f\u00fcr&quot;, \n    &quot;file_type&quot;: &quot;DATASHEET&quot;, \n    &quot;related_product_id&quot;: &quot;30514&quot;, \n    &quot;related_product_name&quot;: &quot;WorkForce ES-580W&quot;,\n    &quot;asset_id&quot;: &quot;autodatasheet&quot;\n  }\">PDF<\/a><\/div>\n<div class=\"product-overview__datasheet\"><strong class=\"product-overview__datasheet-title\">Network scanner overview card <a href=\"https:\/\/epsonemear.a.bigcontent.io\/v1\/static\/a13790-brochure-lores-tr-tr_network-scanner-range\">PDF<\/a><\/strong><\/div>\n<\/div>\n<\/div>\n<\/div>\n","protected":false},"excerpt":{"rendered":"<h4 class=\"buy-box__headline\">Kablosuz, otomatik beslemeli taray\u0131c\u0131<\/h4>\n<div class=\"buy-box__key-features\">\n<div class=\"blockdown description\">\n<ul class=\"features\">\n<li><strong>Kablosuz tarama<\/strong>\u00a0Do\u011frudan buluta, a\u011f klas\u00f6rlerine veya e-postaya bilgisayars\u0131z tarama<\/li>\n<li><strong>PC ve Mac i\u00e7in sezgisel Epson ScanSmart yaz\u0131l\u0131m\u0131<\/strong>\u00a0\u00d6nizleme, OCR ve kar\u015f\u0131ya y\u00fckleme art\u0131k daha kolay<\/li>\n<li><strong>Verimli<\/strong>\u00a0Sayfan\u0131n her iki taraf\u0131n\u0131 tek ge\u00e7i\u015fte yakalayarak 35 sf.\/dk. \/ 70 ipm<sup>1<\/sup>\u2019ye kadar taray\u0131n<\/li>\n<li><strong>Ak\u0131ll\u0131<\/strong>\u00a0Otomatik k\u0131rpma, e\u011frilik giderme, bo\u015f sayfa ve arka plan\u0131 kald\u0131rma<\/li>\n<li><strong>Kumanda paneli<\/strong>\u00a0Kullan\u0131m\u0131 kolay 10,9 in\u00e7 renkli LCD dokunmatik ekran<\/li>\n<\/ul>\n<\/div>\n<\/div>\n","protected":false},"featured_media":32252,"comment_status":"open","ping_status":"closed","template":"","meta":[],"product_brand":[],"product_cat":[42],"product_tag":[],"berocket_brand":[41],"class_list":{"0":"post-32251","1":"product","2":"type-product","3":"status-publish","4":"has-post-thumbnail","6":"product_cat-tarayici","7":"berocket_brand-epson","9":"first","10":"instock","11":"shipping-taxable","12":"product-type-simple"},"_links":{"self":[{"href":"https:\/\/inksistem.com.tr\/b2b\/wp-json\/wp\/v2\/product\/32251","targetHints":{"allow":["GET"]}}],"collection":[{"href":"https:\/\/inksistem.com.tr\/b2b\/wp-json\/wp\/v2\/product"}],"about":[{"href":"https:\/\/inksistem.com.tr\/b2b\/wp-json\/wp\/v2\/types\/product"}],"replies":[{"embeddable":true,"href":"https:\/\/inksistem.com.tr\/b2b\/wp-json\/wp\/v2\/comments?post=32251"}],"wp:featuredmedia":[{"embeddable":true,"href":"https:\/\/inksistem.com.tr\/b2b\/wp-json\/wp\/v2\/media\/32252"}],"wp:attachment":[{"href":"https:\/\/inksistem.com.tr\/b2b\/wp-json\/wp\/v2\/media?parent=32251"}],"wp:term":[{"taxonomy":"product_brand","embeddable":true,"href":"https:\/\/inksistem.com.tr\/b2b\/wp-json\/wp\/v2\/product_brand?post=32251"},{"taxonomy":"product_cat","embeddable":true,"href":"https:\/\/inksistem.com.tr\/b2b\/wp-json\/wp\/v2\/product_cat?post=32251"},{"taxonomy":"product_tag","embeddable":true,"href":"https:\/\/inksistem.com.tr\/b2b\/wp-json\/wp\/v2\/product_tag?post=32251"},{"taxonomy":"berocket_brand","embeddable":true,"href":"https:\/\/inksistem.com.tr\/b2b\/wp-json\/wp\/v2\/berocket_brand?post=32251"}],"curies":[{"name":"wp","href":"https:\/\/api.w.org\/{rel}","templated":true}]}}