{"id":32262,"date":"2023-12-26T08:53:54","date_gmt":"2023-12-26T05:53:54","guid":{"rendered":"http:\/\/inksistem.com.tr\/b2b\/?post_type=product&#038;p=32262"},"modified":"2025-02-12T13:53:13","modified_gmt":"2025-02-12T10:53:13","slug":"workforce-ds-970","status":"publish","type":"product","link":"https:\/\/inksistem.com.tr\/b2b\/urun\/workforce-ds-970\/","title":{"rendered":"WorkForce DS-970"},"content":{"rendered":"<div class=\"tab-panel__section tab-panel__section--full-width js-tab-panel-section\" data-section=\"overview\" data-sticky-header-anchor=\"overview\">\n<div class=\"tab-panel__section-inner\">\n<div class=\"tab-panel__section-content\">\n<div class=\"product-overview\">\n<div class=\"product-overview__section\">\n<div class=\"product-overview__section-content\">\n<div class=\"product-overview__description product-overview__description--neon\">\n<div>\n<div class=\"heading1\">\n<h4>\u00dcst d\u00fczey performans<\/h4>\n<p>Epson\u2019un en h\u0131zl\u0131 A4 belge taray\u0131c\u0131s\u0131, s\u0131n\u0131f\u0131nda \u00f6nc\u00fc performans<sup>1<\/sup>\u00a0sunar. 100 sayfal\u0131k ADF&#8217;ye, dakikada 85 sayfal\u0131k (dakikada 170 g\u00f6r\u00fcnt\u00fc) tarama h\u0131z\u0131na ve otomatik besleme moduyla aral\u0131ks\u0131z tarama \u00f6zelli\u011fine sahip WorkForce DS-970 b\u00fcy\u00fck i\u015flerin alt\u0131ndan h\u0131zl\u0131 ve etkin bir \u015fekilde kalkar. Sezgisel paneli kullanarak \u00f6nceden tan\u0131ml\u0131 i\u015flere g\u00f6z at\u0131n ve belgelerinizi sadece birka\u00e7 d\u00fc\u011fmeye basarak do\u011fru yere aktar\u0131n. TWAIN, WIA ve ISIS s\u00fcr\u00fcc\u00fcleri, belge y\u00f6netimi sistemleriyle geli\u015fmi\u015f uyumlulu\u011fa sahiptir.<\/p>\n<\/div>\n<div class=\"heading2\">\n<h4>Etkin belge i\u015fleme<\/h4>\n<p>27 gsm-413 gsm aras\u0131nda \u00e7ok \u00e7e\u015fitli ka\u011f\u0131tlar\u0131 tarama \u00f6zelli\u011fine ve 6096 mm\u2019ye kadar uzun ka\u011f\u0131t tarama moduna sahip taray\u0131c\u0131 ile belge taramas\u0131n\u0131n kontrol\u00fc art\u0131k sizin elinizde.Yava\u015f mod, rulolar\u0131n h\u0131z\u0131n\u0131 d\u00fc\u015f\u00fcrerek belge s\u00fcrt\u00fcnme oran\u0131n\u0131 azalt\u0131r. B\u00f6ylelikle dosya boyutlar\u0131n\u0131 b\u00fcy\u00fctmeden hassas veya hasarl\u0131 belgeleri daha kolay yakalayabilirsiniz. Aktif Ay\u0131rma Rulosu Sistemi, \u00e7ift belge besleme sorununu engelleyerek her bir ka\u011f\u0131d\u0131n taranmas\u0131n\u0131 sa\u011flar. \u00c7ift Besleme Saptama ve Atlama (DFDS) i\u015flevi, zarflar veya \u00fczerinde yap\u0131\u015fkan notlar bulunan belgeler gibi zor ka\u011f\u0131tlar\u0131 kolayca taraman\u0131za yard\u0131mc\u0131 olur.<\/p>\n<\/div>\n<\/div>\n<\/div>\n<\/div>\n<\/div>\n<div class=\"product-overview__section product-overview__section--features\">\n<h2 class=\"product-overview__section-title\">Temel \u00d6zellikler<\/h2>\n<div class=\"product-overview__section-content\">\n<div class=\"product-overview__features\">\n<div class=\"blockdown description\">\n<ul class=\"features\">\n<li><strong>Y\u00fcksek h\u0131zl\u0131 tarama<\/strong>\u00a0100 sayfal\u0131k ADF ve dakikada 85 sayfal\u0131k (dakikada 170 g\u00f6r\u00fcnt\u00fc) tarama h\u0131z\u0131<\/li>\n<li><strong>Daha az m\u00fcdahale<\/strong>\u00a0\u00c7ift beslemeyi \u00f6nleyen Aktif Ay\u0131rma Rulosu sistemi<\/li>\n<li><strong>Yerle\u015fik koruma<\/strong>\u00a0\u0130\u015fleme hatalar\u0131n\u0131 tespit eden ultrasonik sens\u00f6rler ve ka\u011f\u0131t koruma sens\u00f6rleri<\/li>\n<li><strong>\u0130ste\u011fe ba\u011fl\u0131 d\u00fcz yatakl\u0131 taray\u0131c\u0131<\/strong>\u00a0D\u00f6n\u00fc\u015ft\u00fcrme kitinden istedi\u011finizi se\u00e7in ya da DS-5500 (A4) veya DS-50000 (A3) ba\u011flant\u0131s\u0131na gidin<\/li>\n<li><strong>\u0130ste\u011fe Ba\u011fl\u0131 A\u011f Arabirimi<\/strong>\u00a0Ofiste cihaz payla\u015f\u0131m\u0131na imkan verin. \u00d6nceden tan\u0131mlanm\u0131\u015f i\u015f profilleri olu\u015fturun<\/li>\n<\/ul>\n<\/div>\n<\/div>\n<\/div>\n<\/div>\n<div class=\"product-overview__section\">\n<h2 class=\"product-overview__section-title\">Ek bilgileri indir<\/h2>\n<div class=\"product-overview__section-content\">\n<div class=\"product-overview__datasheets\">\n<div class=\"product-overview__datasheet\"><strong class=\"product-overview__datasheet-title\">WorkForce DS-970 Veri Sayfas\u0131\/Bro\u015f\u00fcr<\/strong><a class=\"btn btn-link btn-link--small btn-link--no-padding product-overview__datasheet-cta\" href=\"https:\/\/neon.epson-europe.com\/content\/open\/datasheet.php?id=26625&amp;cc=TR&amp;lc=tr\" aria-label=\"\" data-layer-track=\"download_interaction\" data-layer-on=\"click\" data-layer-name=\"Download WorkForce DS-970 Veri Sayfas\u0131\/Bro\u015f\u00fcr\" data-layer-data=\"{ \n    &quot;file_format&quot;: &quot;&quot;, \n    &quot;file_name&quot;: &quot;WorkForce DS-970 Veri Sayfas\u0131\/Bro\u015f\u00fcr&quot;, \n    &quot;file_type&quot;: &quot;DATASHEET&quot;, \n    &quot;related_product_id&quot;: &quot;26625&quot;, \n    &quot;related_product_name&quot;: &quot;WorkForce DS-970&quot;,\n    &quot;asset_id&quot;: &quot;autodatasheet&quot;\n  }\">PDF<\/a><\/div>\n<\/div>\n<\/div>\n<\/div>\n<\/div>\n<\/div>\n<\/div>\n<\/div>\n<div class=\"tab-panel__section js-tab-panel-section\" data-section=\"tech-specs\" data-sticky-header-anchor=\"tech-specs\">\n<div class=\"tab-panel__section-inner\">\n<h3 class=\"tab-panel__section-title tab-panel__section-title--always-visible\">Teknik \u00d6zellikler<\/h3>\n<div class=\"tab-panel__section-content\">\n<div class=\"tech-specs\">\n<div class=\"tech-specs__intro\">\n<div class=\"tech-specs__description\">\u00dcr\u00fcn \u00f6zellikleri ve teknik \u00f6zellikler \u00f6nceden bildirimde bulunmaks\u0131z\u0131n de\u011fi\u015ftirilebilir<\/div>\n<\/div>\n<div class=\"tech-specs__accordion\">\n<div class=\"accordion-toggle accordion-toggle--product accordion-toggle--all js-accordion\">\n<div class=\"accordion-toggle__content js-accordion-content accordion-toggle__content--opened\">\n<div class=\"accordion-toggle__trigger js-accordion-toggle\">Teknoloji<\/div>\n<div class=\"accordion-toggle__inner\">\n<div class=\"accordion-toggle__group\">\n<div class=\"spec-table\">\n<div class=\"table-row\">\n<div class=\"table-head\">\n<h5>Taray\u0131c\u0131 T\u00fcr\u00fc<\/h5>\n<\/div>\n<div class=\"table-cell\">Ka\u011f\u0131t Beslemeli Taray\u0131c\u0131<\/div>\n<\/div>\n<\/div>\n<div class=\"spec-table\">\n<div class=\"table-row\">\n<div class=\"table-head\">\n<h5>Optik \u00c7\u00f6z\u00fcn\u00fcrl\u00fck (ADF)<\/h5>\n<\/div>\n<div class=\"table-cell\">600\u00a0\u0130n\u00e7 ba\u015f\u0131na nokta x 600\u00a0\u0130n\u00e7 ba\u015f\u0131na nokta (yatay x dikey)<\/div>\n<\/div>\n<\/div>\n<div class=\"spec-table\">\n<div class=\"table-row\">\n<div class=\"table-head\">\n<h5>Tarama \u00c7\u00f6z\u00fcn\u00fcrl\u00fc\u011f\u00fc<\/h5>\n<\/div>\n<div class=\"table-cell\">600\u00a0\u0130n\u00e7 ba\u015f\u0131na nokta x 600\u00a0\u0130n\u00e7 ba\u015f\u0131na nokta (yatay x dikey)<\/div>\n<\/div>\n<\/div>\n<div class=\"spec-table\">\n<div class=\"table-row\">\n<div class=\"table-head\">\n<h5>ADF Minimum Belge Boyutu<\/h5>\n<\/div>\n<div class=\"table-cell\">50,8\u00a0mm x 50,8\u00a0mm (yatay x dikey)<\/div>\n<\/div>\n<\/div>\n<div class=\"spec-table\">\n<div class=\"table-row\">\n<div class=\"table-head\">\n<h5>Maksimum Belge Boyutu-ADF<\/h5>\n<\/div>\n<div class=\"table-cell\">215,9\u00a0mm x 6.096\u00a0mm (yatay x dikey)<\/div>\n<\/div>\n<\/div>\n<div class=\"spec-table\">\n<div class=\"table-row\">\n<div class=\"table-head\">\n<h5>Ka\u011f\u0131t Formatlar\u0131<\/h5>\n<\/div>\n<div class=\"table-cell\">A4 (21.0&#215;29,7 cm), A5 (14,8&#215;21,0 cm), A6 (10,5&#215;14,8 cm), B4, B5, B6, Mektup, Legal, Kartpostal, Kartvizitler, Plastik kartlar<\/div>\n<\/div>\n<\/div>\n<div class=\"spec-table\">\n<div class=\"table-row\">\n<div class=\"table-head\">\n<h5>Renk derinli\u011fi<\/h5>\n<\/div>\n<div class=\"table-cell\">Girdi: 30\u00a0Bit\u00a0Renk \/ 10\u00a0Bit\u00a0Tek renkli , \u00c7\u0131kt\u0131: 24\u00a0Bit\u00a0Renk \/ 8\u00a0Bit\u00a0Tek renkli<\/div>\n<\/div>\n<\/div>\n<div class=\"spec-table\">\n<div class=\"table-row\">\n<div class=\"table-head\">\n<h5>Ultrasonik Sens\u00f6r<\/h5>\n<\/div>\n<div class=\"table-cell\">Evet<\/div>\n<\/div>\n<\/div>\n<div class=\"spec-table\">\n<div class=\"table-row\">\n<div class=\"table-head\">\n<h5>Kategori<\/h5>\n<\/div>\n<div class=\"table-cell\">Y\u00fcksek Kapasite, Genel Ofis<\/div>\n<\/div>\n<\/div>\n<\/div>\n<\/div>\n<\/div>\n<div class=\"accordion-toggle__content js-accordion-content accordion-toggle__content--opened\">\n<div class=\"accordion-toggle__trigger js-accordion-toggle\">Taray\u0131c\u0131<\/div>\n<div class=\"accordion-toggle__inner\">\n<div class=\"accordion-toggle__group\">\n<div class=\"spec-table\">\n<div class=\"table-row\">\n<div class=\"table-head\">\n<h5>I\u015f\u0131k kayna\u011f\u0131<\/h5>\n<\/div>\n<div class=\"table-cell\">ReadyScan LED Teknolojisi<\/div>\n<\/div>\n<\/div>\n<div class=\"spec-table\">\n<div class=\"table-row\">\n<div class=\"table-head\">\n<h5>\u00c7\u0131k\u0131\u015f \u00c7\u00f6z\u00fcn\u00fcrl\u00fc\u011f\u00fc<\/h5>\n<\/div>\n<div class=\"table-cell\">1200\u00a0\u0130n\u00e7 ba\u015f\u0131na nokta<\/div>\n<\/div>\n<\/div>\n<div class=\"spec-table\">\n<div class=\"table-row\">\n<div class=\"table-head\">\n<h5>LCD ekran<\/h5>\n<\/div>\n<div class=\"table-cell\">Tip: Renkli, Diyagonal:\u00a03,7\u00a0cm<\/div>\n<\/div>\n<\/div>\n<\/div>\n<\/div>\n<\/div>\n<div class=\"accordion-toggle__content js-accordion-content accordion-toggle__content--opened\">\n<div class=\"accordion-toggle__trigger js-accordion-toggle\">Tarama h\u0131z\u0131<\/div>\n<div class=\"accordion-toggle__inner\">\n<div class=\"accordion-toggle__group\">\n<div class=\"spec-table\">\n<div class=\"table-row\">\n<div class=\"table-head\">\n<h5>Tarama h\u0131z\u0131<\/h5>\n<\/div>\n<div class=\"table-cell\">Tek renkli:\u00a085\u00a0Sayfa\/dk. &#8211; Renk:\u00a085\u00a0Sayfa\/dk. \u00f6l\u00e7\u00fcm birimi Boyut: A4 , \u00c7\u00f6z\u00fcn\u00fcrl\u00fck: 200 \/ 300 dpi, Tek renkli:\u00a0170\u00a0g\u00f6r\u00fcnt\u00fc\/dak &#8211; Renk:\u00a0170\u00a0g\u00f6r\u00fcnt\u00fc\/dak \u00f6l\u00e7\u00fcm birimi Boyut: A4 , \u00c7\u00f6z\u00fcn\u00fcrl\u00fck: 200 \/ 300 dpi<\/div>\n<\/div>\n<\/div>\n<\/div>\n<\/div>\n<\/div>\n<div class=\"accordion-toggle__content js-accordion-content accordion-toggle__content--opened\">\n<div class=\"accordion-toggle__trigger js-accordion-toggle\">Ka\u011f\u0131t \/ Malzeme Kullan\u0131m\u0131<\/div>\n<div class=\"accordion-toggle__inner\">\n<div class=\"accordion-toggle__group\">\n<div class=\"spec-table\">\n<div class=\"table-row\">\n<div class=\"table-head\">\n<h5>Ka\u011f\u0131t Ayarlama Kapasitesi<\/h5>\n<\/div>\n<div class=\"table-cell\">100\u00a0Sayfa<\/div>\n<\/div>\n<\/div>\n<div class=\"spec-table\">\n<div class=\"table-row\">\n<div class=\"table-head\">\n<h5>ADF Ka\u011f\u0131t a\u011f\u0131rl\u0131\u011f\u0131<\/h5>\n<\/div>\n<div class=\"table-cell\">Otomatik y\u00fckleme: 27\u00a0 &#8211; \u00a0413\u00a0g\/m\u00b2<\/div>\n<\/div>\n<\/div>\n<div class=\"spec-table\">\n<div class=\"table-row\">\n<div class=\"table-head\">\n<h5>Otomatik Belge Besleyici Tipi<\/h5>\n<\/div>\n<div class=\"table-cell\">Tek ge\u00e7i\u015fte ikili tarama<\/div>\n<\/div>\n<\/div>\n<div class=\"spec-table\">\n<div class=\"table-row\">\n<div class=\"table-head\">\n<h5>G\u00fcvenilir G\u00fcnl\u00fck \u0130\u015f Y\u00fck\u00fc<\/h5>\n<\/div>\n<div class=\"table-cell\">14.000\u00a0Sayfa<\/div>\n<\/div>\n<\/div>\n<div class=\"spec-table\">\n<div class=\"table-row\">\n<div class=\"table-head\">\n<h5>Otomatik belge besleyici<\/h5>\n<\/div>\n<div class=\"table-cell\">100\u00a0Sayfa<\/div>\n<\/div>\n<\/div>\n<div class=\"spec-table\">\n<div class=\"table-row\">\n<div class=\"table-head\">\n<h5>\u00c7ift tarafl\u0131 Tarama<\/h5>\n<\/div>\n<div class=\"table-cell\">Evet<\/div>\n<\/div>\n<\/div>\n<\/div>\n<\/div>\n<\/div>\n<div class=\"accordion-toggle__content js-accordion-content accordion-toggle__content--opened\">\n<div class=\"accordion-toggle__trigger js-accordion-toggle\">Tarama \u00d6zellikleri<\/div>\n<div class=\"accordion-toggle__inner\">\n<div class=\"accordion-toggle__group\">\n<div class=\"spec-table\">\n<div class=\"table-row\">\n<div class=\"table-head\">\n<h5>\u00d6zellikler<\/h5>\n<\/div>\n<div class=\"table-cell\">RGB renk at\u0131\u011f\u0131, Geli\u015fmi\u015f Renk D\u00fc\u015f\u00fcm\u00fc \/ Zengin, Bo\u015f Sayfalar\u0131 Atla, A3 ciltleme, Delik mesafesi, Geli\u015fmi\u015f g\u00f6r\u00fcnt\u00fc i\u015fleme, \u00d6nceden tan\u0131mlanm\u0131\u015f ayarlar, Otomatik \u00e7arp\u0131kl\u0131k d\u00fczeltme, Otomatik \u00e7oklu belge tan\u0131ma, \u00e7ift g\u00f6r\u00fcnt\u00fc \u00e7\u0131k\u0131\u015f\u0131 (yaln\u0131zca Windows), otomatik g\u00f6r\u00fcnt\u00fc d\u00f6nd\u00fcrme, Metin d\u00fczeltme, D\u00fczle\u015ftirme, Barkod Tan\u0131ma, Manuel \/ Otomatik \u0130\u015f Ay\u0131rma, Scan to Cloud Storage<\/div>\n<\/div>\n<\/div>\n<div class=\"spec-table\">\n<div class=\"table-row\">\n<div class=\"table-head\">\n<h5>\u00c7\u0131kt\u0131 formatlar\u0131<\/h5>\n<\/div>\n<div class=\"table-cell\">BMP, JPEG, TIFF, \u00c7oklu TIFF\u2019e tarama, PDF, Aranabilir PDF\u2019e tarama, PDF\/A, PNG<\/div>\n<\/div>\n<\/div>\n<div class=\"spec-table\">\n<div class=\"table-row\">\n<div class=\"table-head\">\n<h5>Dosya s\u0131k\u0131\u015ft\u0131rma \u00f6zellikleri<\/h5>\n<\/div>\n<div class=\"table-cell\">TIFF S\u0131k\u0131\u015ft\u0131rma (JPEG(7) , CCITT G4, LZW), PDF S\u0131k\u0131\u015ft\u0131rma, JPEG s\u0131k\u0131\u015ft\u0131rma<\/div>\n<\/div>\n<\/div>\n<div class=\"spec-table\">\n<div class=\"table-row\">\n<div class=\"table-head\">\n<h5>Geli\u015fmi\u015f belge b\u00fct\u00fcnle\u015ftirme<\/h5>\n<\/div>\n<div class=\"table-cell\">E-postaya tarama, FTP&#8217;ye tarama, Microsoft SharePoint\u00ae\u2019a tarama, Bask\u0131ya tarama, Web klas\u00f6rlerine tarama<\/div>\n<\/div>\n<\/div>\n<div class=\"spec-table\">\n<div class=\"table-row\">\n<div class=\"table-head\">\n<h5>Tarama hacmi<\/h5>\n<\/div>\n<div class=\"table-cell\">14.000\u00a0Sayfa\/g\u00fcn<\/div>\n<\/div>\n<\/div>\n<\/div>\n<\/div>\n<\/div>\n<div class=\"accordion-toggle__content js-accordion-content accordion-toggle__content--opened\">\n<div class=\"accordion-toggle__trigger js-accordion-toggle\">Ba\u011flant\u0131 \u00f6zelli\u011fi<\/div>\n<div class=\"accordion-toggle__inner\">\n<div class=\"accordion-toggle__group\">\n<div class=\"spec-table\">\n<div class=\"table-row\">\n<div class=\"table-head\">\n<h5>Ba\u011flant\u0131lar<\/h5>\n<\/div>\n<div class=\"table-cell\">USB 3.2 Gen 1&#215;1<\/div>\n<\/div>\n<\/div>\n<\/div>\n<\/div>\n<\/div>\n<div class=\"accordion-toggle__content js-accordion-content accordion-toggle__content--opened\">\n<div class=\"accordion-toggle__trigger js-accordion-toggle\">Genel<\/div>\n<div class=\"accordion-toggle__inner\">\n<div class=\"accordion-toggle__group\">\n<div class=\"spec-table\">\n<div class=\"table-row\">\n<div class=\"table-head\">\n<h5>Besleme Voltaj\u0131<\/h5>\n<\/div>\n<div class=\"table-cell\">AC 100 V &#8211; 240 V, 50 Hz &#8211; 60 Hz<\/div>\n<\/div>\n<\/div>\n<div class=\"spec-table\">\n<div class=\"table-row\">\n<div class=\"table-head\">\n<h5>\u00dcr\u00fcn boyutlar\u0131<\/h5>\n<\/div>\n<div class=\"table-cell\">296\u200e\u00a0x\u00a0169\u00a0x\u00a0167\u00a0mm\u00a0(Geni\u015flik x Derinlik x Y\u00fckseklik)<\/div>\n<\/div>\n<\/div>\n<div class=\"spec-table\">\n<div class=\"table-row\">\n<div class=\"table-head\">\n<h5>\u00dcr\u00fcn a\u011f\u0131rl\u0131\u011f\u0131<\/h5>\n<\/div>\n<div class=\"table-cell\">3,6\u00a0kg<\/div>\n<\/div>\n<\/div>\n<div class=\"spec-table\">\n<div class=\"table-row\">\n<div class=\"table-head\">\n<h5>S\u00fcr\u00fcc\u00fc<\/h5>\n<\/div>\n<div class=\"table-cell\">TWAIN, ISIS (Webden indirilir), SANE (Linux), WIA (Windows), ICA (Mac)<\/div>\n<\/div>\n<\/div>\n<div class=\"spec-table\">\n<div class=\"table-row\">\n<div class=\"table-head\">\n<h5>Dahil edilen Yaz\u0131l\u0131m<\/h5>\n<\/div>\n<div class=\"table-cell\">Document Capture Pro, Epson Cihaz Y\u00f6neticisi (EDA), Epson Scan 2<\/div>\n<\/div>\n<\/div>\n<div class=\"spec-table\">\n<div class=\"table-row\">\n<div class=\"table-head\">\n<h5>Uyumlu \u0130\u015fletim Sistemleri<\/h5>\n<\/div>\n<div class=\"table-cell\">Mac OS 10.6+, Windows 10, Windows 10 (32\/64 bit), Windows 11, Windows 7, Windows 8, Windows 8.1, Windows Server 2003, Windows Server 2008 (32\/64bit), Windows Server 2012 R2, Windows Vista, Windows XP SP3<\/div>\n<\/div>\n<\/div>\n<div class=\"spec-table\">\n<div class=\"table-row\">\n<div class=\"table-head\">\n<h5>Enerji t\u00fcketimi<\/h5>\n<\/div>\n<div class=\"table-cell\">20\u00a0W, 8,5\u00a0W\u00a0(tasarruf), 1,4\u00a0W\u00a0(bekleme)<\/div>\n<\/div>\n<\/div>\n<div class=\"spec-table\">\n<div class=\"table-row\">\n<div class=\"table-head\">\n<h5>Ses g\u00fcc\u00fc<\/h5>\n<\/div>\n<div class=\"table-cell\">\u00c7al\u0131\u015fma:\u00a07\u00a0B (A)<\/div>\n<\/div>\n<\/div>\n<div class=\"spec-table\">\n<div class=\"table-row\">\n<div class=\"table-head\">\n<h5>Ses bas\u0131nc\u0131<\/h5>\n<\/div>\n<div class=\"table-cell\">\u00c7al\u0131\u015fma:\u00a055\u00a0dB (A)<\/div>\n<\/div>\n<\/div>\n<div class=\"spec-table\">\n<div class=\"table-row\">\n<div class=\"table-head\">\n<h5>Hava nem oran\u0131<\/h5>\n<\/div>\n<div class=\"table-cell\">\u00c7al\u0131\u015ft\u0131rma\u00a015% &#8211; 80%, Depolama\u00a015% &#8211; 85%<\/div>\n<\/div>\n<\/div>\n<div class=\"spec-table\">\n<div class=\"table-row\">\n<div class=\"table-head\">\n<h5>S\u0131cakl\u0131k<\/h5>\n<\/div>\n<div class=\"table-cell\">\u00c7al\u0131\u015ft\u0131rma\u00a05\u00b0 C &#8211; 35\u00b0 C, Depolama\u00a025\u00b0 C &#8211; 60\u00b0 C<\/div>\n<\/div>\n<\/div>\n<div class=\"spec-table\">\n<div class=\"table-row\">\n<div class=\"table-head\">\n<h5>Teslimat i\u00e7eri\u011fi<\/h5>\n<\/div>\n<div class=\"table-cell\">AC adapt\u00f6r\u00fc, S\u00fcr\u00fcc\u00fc ve yard\u0131m program\u0131 (CD), Ana cihaz (\u00fcnite), G\u00fc\u00e7 kablosu, Talimat, USB kablos\u0131, Warranty card<\/div>\n<\/div>\n<\/div>\n<div class=\"spec-table\">\n<div class=\"table-row\">\n<div class=\"table-head\">\n<h5>Se\u00e7enekler<\/h5>\n<\/div>\n<div class=\"table-cell\">Roller Assembly Kit<\/div>\n<\/div>\n<\/div>\n<\/div>\n<\/div>\n<\/div>\n<div class=\"accordion-toggle__content js-accordion-content accordion-toggle__content--opened\">\n<div class=\"accordion-toggle__trigger js-accordion-toggle\">Di\u011fer<\/div>\n<div class=\"accordion-toggle__inner\">\n<div class=\"accordion-toggle__group\">\n<div class=\"spec-table\">\n<div class=\"table-row\">\n<div class=\"table-head\">\n<h5>Garanti<\/h5>\n<\/div>\n<div class=\"table-cell\">24\u00a0Aylar\u00a0servis merkezinde<\/div>\n<\/div>\n<\/div>\n<\/div>\n<\/div>\n<\/div>\n<\/div>\n<\/div>\n<\/div>\n<\/div>\n<\/div>\n<\/div>\n","protected":false},"excerpt":{"rendered":"<h4 class=\"buy-box__headline\">Y\u00fcksek hacimli ka\u011f\u0131t beslemeli taray\u0131c\u0131<\/h4>\n<div class=\"buy-box__key-features\">\n<div class=\"blockdown description\">\n<ul class=\"features\">\n<li><strong>Y\u00fcksek h\u0131zl\u0131 tarama<\/strong>\u00a0100 sayfal\u0131k ADF ve dakikada 85 sayfal\u0131k (dakikada 170 g\u00f6r\u00fcnt\u00fc) tarama h\u0131z\u0131<\/li>\n<li><strong>Daha az m\u00fcdahale<\/strong>\u00a0\u00c7ift beslemeyi \u00f6nleyen Aktif Ay\u0131rma Rulosu sistemi<\/li>\n<li><strong>Yerle\u015fik koruma<\/strong>\u00a0\u0130\u015fleme hatalar\u0131n\u0131 tespit eden ultrasonik sens\u00f6rler ve ka\u011f\u0131t koruma sens\u00f6rleri<\/li>\n<li><strong>\u0130ste\u011fe ba\u011fl\u0131 d\u00fcz yatakl\u0131 taray\u0131c\u0131<\/strong>\u00a0D\u00f6n\u00fc\u015ft\u00fcrme kitinden istedi\u011finizi se\u00e7in ya da DS-5500 (A4) veya DS-50000 (A3) ba\u011flant\u0131s\u0131na gidin<\/li>\n<li><strong>\u0130ste\u011fe Ba\u011fl\u0131 A\u011f Arabirimi<\/strong>\u00a0Ofiste cihaz payla\u015f\u0131m\u0131na imkan verin. \u00d6nceden tan\u0131mlanm\u0131\u015f i\u015f profilleri olu\u015fturun<\/li>\n<\/ul>\n<\/div>\n<\/div>\n","protected":false},"featured_media":32263,"comment_status":"open","ping_status":"closed","template":"","meta":[],"product_brand":[],"product_cat":[42],"product_tag":[],"berocket_brand":[41],"class_list":{"0":"post-32262","1":"product","2":"type-product","3":"status-publish","4":"has-post-thumbnail","6":"product_cat-tarayici","7":"berocket_brand-epson","9":"first","10":"instock","11":"shipping-taxable","12":"product-type-simple"},"_links":{"self":[{"href":"https:\/\/inksistem.com.tr\/b2b\/wp-json\/wp\/v2\/product\/32262","targetHints":{"allow":["GET"]}}],"collection":[{"href":"https:\/\/inksistem.com.tr\/b2b\/wp-json\/wp\/v2\/product"}],"about":[{"href":"https:\/\/inksistem.com.tr\/b2b\/wp-json\/wp\/v2\/types\/product"}],"replies":[{"embeddable":true,"href":"https:\/\/inksistem.com.tr\/b2b\/wp-json\/wp\/v2\/comments?post=32262"}],"wp:featuredmedia":[{"embeddable":true,"href":"https:\/\/inksistem.com.tr\/b2b\/wp-json\/wp\/v2\/media\/32263"}],"wp:attachment":[{"href":"https:\/\/inksistem.com.tr\/b2b\/wp-json\/wp\/v2\/media?parent=32262"}],"wp:term":[{"taxonomy":"product_brand","embeddable":true,"href":"https:\/\/inksistem.com.tr\/b2b\/wp-json\/wp\/v2\/product_brand?post=32262"},{"taxonomy":"product_cat","embeddable":true,"href":"https:\/\/inksistem.com.tr\/b2b\/wp-json\/wp\/v2\/product_cat?post=32262"},{"taxonomy":"product_tag","embeddable":true,"href":"https:\/\/inksistem.com.tr\/b2b\/wp-json\/wp\/v2\/product_tag?post=32262"},{"taxonomy":"berocket_brand","embeddable":true,"href":"https:\/\/inksistem.com.tr\/b2b\/wp-json\/wp\/v2\/berocket_brand?post=32262"}],"curies":[{"name":"wp","href":"https:\/\/api.w.org\/{rel}","templated":true}]}}