{"id":32267,"date":"2023-12-26T08:58:37","date_gmt":"2023-12-26T05:58:37","guid":{"rendered":"http:\/\/inksistem.com.tr\/b2b\/?post_type=product&#038;p=32267"},"modified":"2023-12-26T08:58:38","modified_gmt":"2023-12-26T05:58:38","slug":"workforce-ds-50000","status":"publish","type":"product","link":"https:\/\/inksistem.com.tr\/b2b\/urun\/workforce-ds-50000\/","title":{"rendered":"WorkForce DS-50000"},"content":{"rendered":"<div class=\"tab-panel__section tab-panel__section--full-width js-tab-panel-section\" data-section=\"overview\" data-sticky-header-anchor=\"overview\">\n<div class=\"tab-panel__section-inner\">\n<div class=\"tab-panel__section-content\">\n<div class=\"product-overview\">\n<div class=\"product-overview__section\">\n<div class=\"product-overview__section-content\">\n<div class=\"product-overview__description product-overview__description--neon\">\n<div>\n<p>Bu cihaz \u00f6zel olarak belgeleri ayr\u0131 ayr\u0131 alacak \u015fekilde tasarlanm\u0131\u015ft\u0131r ve ciltlenmi\u015f materyallerin ve kal\u0131n ya da narin belgelerin taranmas\u0131 gibi \u00f6zel ihtiya\u00e7lar\u0131 olan kullan\u0131c\u0131lar i\u00e7in idealdir. Bu taray\u0131c\u0131, TWAIN, ISIS ve WIA deste\u011finin yan\u0131 s\u0131ra Document Capture Pro konekt\u00f6rleri sayesinde dikey uygulamalara kolayca dahil edilebilir.<\/p>\n<p>CCD teknolojisi, Book Spine Correction gibi yenilik\u00e7i g\u00f6r\u00fcnt\u00fcleme \u00f6zellikleri ve Epson Scan&#8217;\u0131n getirdi\u011fi geli\u015fmi\u015f renk \u00e7\u0131karma\/iyile\u015ftirme i\u015flevleri sayesinde y\u00fcksek kaliteli tarama sonu\u00e7lar\u0131 elde edilir. Ayr\u0131ca Document Capture Pro, taranan verilerin d\u00f6n\u00fc\u015ft\u00fcr\u00fclmelerinden ve neredeyse her t\u00fcr belge saklama veya belge y\u00f6netim sisteminde da\u011f\u0131t\u0131lmalar\u0131ndan \u00f6nce i\u015flemden ge\u00e7irilmelerini kolayla\u015ft\u0131rmaktad\u0131r.<\/p>\n<p>Bu taray\u0131c\u0131 ve \u00f6zellikleri, iste\u011fe ba\u011fl\u0131 A\u011f Aray\u00fcz Paneli ile birden \u00e7ok kullan\u0131c\u0131 aras\u0131nda payla\u015f\u0131labilmektedir. Document Capture Pro \u00e7\u00f6z\u00fcmleriyle birlikte A\u011f Aray\u00fcz Paneli, kullan\u0131c\u0131lar\u0131n Push Scan \u00f6zelliklerinden yararlanabilmesine ve \u2018e-postaya tara\u2019 ya da \u2018Microsoft SharePoint&#8217;e tara\u2019 gibi &#8216;hedefe tarama&#8217; i\u015flevlerini kullanabilmelerine imkan verir. Bu \u00f6zellikler karma\u015f\u0131k i\u015flerin hi\u00e7 \u00e7aba harcanmaks\u0131z\u0131n yap\u0131lmas\u0131n\u0131 sa\u011flamaktad\u0131r.<\/p>\n<p>Epson ReadyScan LED teknolojisi \u0131s\u0131nma s\u00fcresini ortadan kald\u0131r\u0131r, c\u0131va kullan\u0131lmad\u0131\u011f\u0131n\u0131n g\u00fcvencesini olu\u015fturur ve g\u00fc\u00e7 t\u00fcketimini azalt\u0131r. ENERGY STAR onay\u0131yla*1 birlikte t\u00fcm bu unsurlar do\u011fa dostu bir cihaz ortaya \u00e7\u0131kmas\u0131n\u0131 sa\u011flar.<\/p>\n<\/div>\n<\/div>\n<\/div>\n<\/div>\n<div class=\"product-overview__section product-overview__section--features\">\n<h2 class=\"product-overview__section-title\">Temel \u00d6zellikler<\/h2>\n<div class=\"product-overview__section-content\">\n<div class=\"product-overview__features\">\n<div class=\"blockdown description\">\n<ul class=\"features\">\n<li><strong>A3 d\u00fcz yatakl\u0131 taray\u0131c\u0131<\/strong>\u00a0A3 boyutuna kadar belgeleri tarar<\/li>\n<li><strong>Kaliteli sonu\u00e7lar<\/strong>\u00a0Y\u00fcksek kaliteli CCD teknolojisi<\/li>\n<li><strong>Is\u0131nma s\u00fcresi yoktur<\/strong>\u00a0An\u0131nda tarama i\u00e7in ReadyScan LED<\/li>\n<li><strong>A\u011fa ba\u011flanabilir<\/strong>\u00a0\u0130ste\u011fe Ba\u011fl\u0131 A\u011f Aray\u00fcz Paneli<\/li>\n<li><strong>\u00c7evre dostu<\/strong>\u00a0ENERGY STAR onayl\u0131 *1<\/li>\n<\/ul>\n<\/div>\n<\/div>\n<\/div>\n<\/div>\n<div class=\"product-overview__section\">\n<h2 class=\"product-overview__section-title\">Ek bilgileri indir<\/h2>\n<div class=\"product-overview__section-content\">\n<div class=\"product-overview__datasheets\">\n<div class=\"product-overview__datasheet\"><strong class=\"product-overview__datasheet-title\">WorkForce DS-50000 Veri Sayfas\u0131\/Bro\u015f\u00fcr<\/strong><a class=\"btn btn-link btn-link--small btn-link--no-padding product-overview__datasheet-cta\" href=\"https:\/\/neon.epson-europe.com\/content\/open\/datasheet.php?id=11453&amp;cc=TR&amp;lc=tr\" aria-label=\"\" data-layer-track=\"download_interaction\" data-layer-on=\"click\" data-layer-name=\"Download WorkForce DS-50000 Veri Sayfas\u0131\/Bro\u015f\u00fcr\" data-layer-data=\"{ \n    &quot;file_format&quot;: &quot;&quot;, \n    &quot;file_name&quot;: &quot;WorkForce DS-50000 Veri Sayfas\u0131\/Bro\u015f\u00fcr&quot;, \n    &quot;file_type&quot;: &quot;DATASHEET&quot;, \n    &quot;related_product_id&quot;: &quot;11453&quot;, \n    &quot;related_product_name&quot;: &quot;WorkForce DS-50000&quot;,\n    &quot;asset_id&quot;: &quot;autodatasheet&quot;\n  }\">PDF<\/a><\/div>\n<div class=\"product-overview__datasheet\"><strong class=\"product-overview__datasheet-title\">Business Range Brochure ETD<\/strong><a class=\"btn btn-link btn-link--small btn-link--no-padding product-overview__datasheet-cta\" href=\"https:\/\/epsonemear.a.bigcontent.io\/v1\/static\/c11cc95-pp3138-0314-broch-lores-tr-tr-business-range-brochure-etd\" aria-label=\"\" data-layer-track=\"download_interaction\" data-layer-on=\"click\" data-layer-name=\"Download Business Range Brochure ETD\" data-layer-data=\"{ \n    &quot;file_format&quot;: &quot;&quot;, \n    &quot;file_name&quot;: &quot;Business Range Brochure ETD&quot;, \n    &quot;file_type&quot;: &quot;BROCHURE&quot;, \n    &quot;related_product_id&quot;: &quot;11453&quot;, \n    &quot;related_product_name&quot;: &quot;WorkForce DS-50000&quot;,\n    &quot;asset_id&quot;: &quot;aaab5a52-3a0a-40b3-b8b0-207296c20b8b&quot;\n  }\">PDF<\/a><\/div>\n<\/div>\n<\/div>\n<\/div>\n<\/div>\n<\/div>\n<\/div>\n<\/div>\n<div class=\"tab-panel__section js-tab-panel-section\" data-section=\"tech-specs\" data-sticky-header-anchor=\"tech-specs\">\n<div class=\"tab-panel__section-inner\">\n<h3 class=\"tab-panel__section-title tab-panel__section-title--always-visible\">Teknik \u00d6zellikler<\/h3>\n<div class=\"tab-panel__section-content\">\n<div class=\"tech-specs\">\n<div class=\"tech-specs__intro\">\n<div class=\"tech-specs__description\">\u00dcr\u00fcn \u00f6zellikleri ve teknik \u00f6zellikler \u00f6nceden bildirimde bulunmaks\u0131z\u0131n de\u011fi\u015ftirilebilir<\/div>\n<\/div>\n<div class=\"tech-specs__accordion\">\n<div class=\"accordion-toggle accordion-toggle--product accordion-toggle--all js-accordion\">\n<div class=\"accordion-toggle__content js-accordion-content accordion-toggle__content--opened\">\n<div class=\"accordion-toggle__trigger js-accordion-toggle\">Teknoloji<\/div>\n<div class=\"accordion-toggle__inner\">\n<div class=\"accordion-toggle__group\">\n<div class=\"spec-table\">\n<div class=\"table-row\">\n<div class=\"table-head\">\n<h5>Taray\u0131c\u0131 T\u00fcr\u00fc<\/h5>\n<\/div>\n<div class=\"table-cell\">Flatbed (D\u00fcz) Taray\u0131c\u0131<\/div>\n<\/div>\n<\/div>\n<div class=\"spec-table\">\n<div class=\"table-row\">\n<div class=\"table-head\">\n<h5>Tarama \u00c7\u00f6z\u00fcn\u00fcrl\u00fc\u011f\u00fc<\/h5>\n<\/div>\n<div class=\"table-cell\">600\u00a0\u0130n\u00e7 ba\u015f\u0131na nokta x 600\u00a0\u0130n\u00e7 ba\u015f\u0131na nokta (yatay x dikey)<\/div>\n<\/div>\n<\/div>\n<div class=\"spec-table\">\n<div class=\"table-row\">\n<div class=\"table-head\">\n<h5>Ka\u011f\u0131t Formatlar\u0131<\/h5>\n<\/div>\n<div class=\"table-cell\">A3 (29,7&#215;42,0 cm), A4 (21.0&#215;29,7 cm), A5 (14,8&#215;21,0 cm), A6 (10,5&#215;14,8 cm), B5, Mektup, Legal, Executive<\/div>\n<\/div>\n<\/div>\n<div class=\"spec-table\">\n<div class=\"table-row\">\n<div class=\"table-head\">\n<h5>Renk derinli\u011fi<\/h5>\n<\/div>\n<div class=\"table-cell\">Girdi: 48\u00a0Bit\u00a0Renk \/ 16\u00a0Bit\u00a0Tek renkli , \u00c7\u0131kt\u0131: 24\u00a0Bit\u00a0Renk \/ 8\u00a0Bit\u00a0Tek renkli<\/div>\n<\/div>\n<\/div>\n<div class=\"spec-table\">\n<div class=\"table-row\">\n<div class=\"table-head\">\n<h5>Kategori<\/h5>\n<\/div>\n<div class=\"table-cell\">Genel Ofis<\/div>\n<\/div>\n<\/div>\n<\/div>\n<\/div>\n<\/div>\n<div class=\"accordion-toggle__content js-accordion-content accordion-toggle__content--opened\">\n<div class=\"accordion-toggle__trigger js-accordion-toggle\">Taray\u0131c\u0131<\/div>\n<div class=\"accordion-toggle__inner\">\n<div class=\"accordion-toggle__group\">\n<div class=\"spec-table\">\n<div class=\"table-row\">\n<div class=\"table-head\">\n<h5>I\u015f\u0131k kayna\u011f\u0131<\/h5>\n<\/div>\n<div class=\"table-cell\">ReadyScan LED Teknolojisi<\/div>\n<\/div>\n<\/div>\n<div class=\"spec-table\">\n<div class=\"table-row\">\n<div class=\"table-head\">\n<h5>LCD Ekran<\/h5>\n<\/div>\n<div class=\"table-cell\">\u0130ste\u011fe Ba\u011fl\u0131 A\u011f Arabirimi Paneli<\/div>\n<\/div>\n<\/div>\n<\/div>\n<\/div>\n<\/div>\n<div class=\"accordion-toggle__content js-accordion-content accordion-toggle__content--opened\">\n<div class=\"accordion-toggle__trigger js-accordion-toggle\">Tarama h\u0131z\u0131<\/div>\n<div class=\"accordion-toggle__inner\">\n<div class=\"accordion-toggle__group\">\n<div class=\"spec-table\">\n<div class=\"table-row\">\n<div class=\"table-head\">\n<h5>Tarama h\u0131z\u0131<\/h5>\n<\/div>\n<div class=\"table-cell\">Tek renkli:\u00a04\u00a0s\/Sayfa &#8211; Renk:\u00a04\u00a0s\/Sayfa \u00f6l\u00e7\u00fcm birimi Boyut: A3 , \u00c7\u00f6z\u00fcn\u00fcrl\u00fck: 200 \/ 300 dpi, Tek renkli:\u00a00,4\u00a0ms\/Sat\u0131r &#8211; Renk:\u00a00,4\u00a0ms\/Sat\u0131r \u00f6l\u00e7\u00fcm birimi Boyut: A3 , \u00c7\u00f6z\u00fcn\u00fcrl\u00fck: 200 \/ 300 dpi<\/div>\n<\/div>\n<\/div>\n<\/div>\n<\/div>\n<\/div>\n<div class=\"accordion-toggle__content js-accordion-content accordion-toggle__content--opened\">\n<div class=\"accordion-toggle__trigger js-accordion-toggle\">Tarama \u00d6zellikleri<\/div>\n<div class=\"accordion-toggle__inner\">\n<div class=\"accordion-toggle__group\">\n<div class=\"spec-table\">\n<div class=\"table-row\">\n<div class=\"table-head\">\n<h5>\u00d6zellikler<\/h5>\n<\/div>\n<div class=\"table-cell\">\u00d6nceden tan\u0131mlanm\u0131\u015f ayarlar, Otomatik alan da\u011f\u0131t\u0131m\u0131, Otomatik \u00e7arp\u0131kl\u0131k d\u00fczeltme, Otomatik siyah beyaz ve renkli tespiti, \u00e7ift g\u00f6r\u00fcnt\u00fc \u00e7\u0131k\u0131\u015f\u0131 (yaln\u0131zca Windows), otomatik g\u00f6r\u00fcnt\u00fc d\u00f6nd\u00fcrme, Metin d\u00fczeltme, D\u00fczle\u015ftirme, Otomatik boyut uyumlama i\u00e7in geli\u015ftirilmi\u015f k\u0131rpma i\u015flevi, Bulan\u0131kl\u0131\u011f\u0131 maskelemek, Daraltma, Yatay ve Dikey Belge Ay\u0131rma, Kitap sayfa hizalama, Otomatik Klas\u00f6r Olu\u015fturma, Barkod Tan\u0131ma, B\u00f6lgesel OCR A ve B deste\u011fi<\/div>\n<\/div>\n<\/div>\n<div class=\"spec-table\">\n<div class=\"table-row\">\n<div class=\"table-head\">\n<h5>\u00c7\u0131kt\u0131 formatlar\u0131<\/h5>\n<\/div>\n<div class=\"table-cell\">JPEG, TIFF, \u00c7oklu TIFF\u2019e tarama, PDF, Aranabilir PDF\u2019e tarama, G\u00fcvenli PDF\u2019e tarama, PDF\/A<\/div>\n<\/div>\n<\/div>\n<div class=\"spec-table\">\n<div class=\"table-row\">\n<div class=\"table-head\">\n<h5>Dosya s\u0131k\u0131\u015ft\u0131rma \u00f6zellikleri<\/h5>\n<\/div>\n<div class=\"table-cell\">Donan\u0131m JPEG s\u0131k\u0131\u015ft\u0131rma, TIFF S\u0131k\u0131\u015ft\u0131rma (JPEG(7) , CCITT G4, LZW), PDF S\u0131k\u0131\u015ft\u0131rma<\/div>\n<\/div>\n<\/div>\n<div class=\"spec-table\">\n<div class=\"table-row\">\n<div class=\"table-head\">\n<h5>Geli\u015fmi\u015f belge b\u00fct\u00fcnle\u015ftirme<\/h5>\n<\/div>\n<div class=\"table-cell\">E-postaya tarama, FTP&#8217;ye tarama, Microsoft SharePoint\u00ae\u2019a tarama, Bask\u0131ya tarama, Web klas\u00f6rlerine tarama, A\u011f klas\u00f6r\u00fcne tarama<\/div>\n<\/div>\n<\/div>\n<\/div>\n<\/div>\n<\/div>\n<div class=\"accordion-toggle__content js-accordion-content accordion-toggle__content--opened\">\n<div class=\"accordion-toggle__trigger js-accordion-toggle\">Ba\u011flant\u0131 \u00f6zelli\u011fi<\/div>\n<div class=\"accordion-toggle__inner\">\n<div class=\"accordion-toggle__group\">\n<div class=\"spec-table\">\n<div class=\"table-row\">\n<div class=\"table-head\">\n<h5>Ba\u011flant\u0131lar<\/h5>\n<\/div>\n<div class=\"table-cell\">USB 2.0, Ethernet arabirimi (100 Base-TX \/ 10 Base-T) (iste\u011fe ba\u011fl\u0131)<\/div>\n<\/div>\n<\/div>\n<div class=\"spec-table\">\n<div class=\"table-row\">\n<div class=\"table-head\">\n<h5>A\u011f Arabirimi Paneli<\/h5>\n<\/div>\n<div class=\"table-cell\">\u0130ste\u011fe Ba\u011fl\u0131<\/div>\n<\/div>\n<\/div>\n<div class=\"spec-table\">\n<div class=\"table-row\">\n<div class=\"table-head\">\n<h5>Ethernet ayarlar\u0131<\/h5>\n<\/div>\n<div class=\"table-cell\">10BASE-T \/ 100BASE-TX \/ 1000BASE-T \/ Tam dubleks \/ Yar\u0131 dubleks<\/div>\n<\/div>\n<\/div>\n<div class=\"spec-table\">\n<div class=\"table-row\">\n<div class=\"table-head\">\n<h5>Panel tipi<\/h5>\n<\/div>\n<div class=\"table-cell\">5 hatl\u0131 Push Scan \u00f6zellikli LCD<\/div>\n<\/div>\n<\/div>\n<div class=\"spec-table\">\n<div class=\"table-row\">\n<div class=\"table-head\">\n<h5>Push scan \u00f6zellikleri<\/h5>\n<\/div>\n<div class=\"table-cell\">Evet\u00a0(Document Capture Pro \u00e7\u00f6z\u00fcmleri ile birlikte)<\/div>\n<\/div>\n<\/div>\n<\/div>\n<\/div>\n<\/div>\n<div class=\"accordion-toggle__content js-accordion-content accordion-toggle__content--opened\">\n<div class=\"accordion-toggle__trigger js-accordion-toggle\">Genel<\/div>\n<div class=\"accordion-toggle__inner\">\n<div class=\"accordion-toggle__group\">\n<div class=\"spec-table\">\n<div class=\"table-row\">\n<div class=\"table-head\">\n<h5>Besleme Voltaj\u0131<\/h5>\n<\/div>\n<div class=\"table-cell\">AC 100 V &#8211; 240 V, 50 Hz &#8211; 60 Hz<\/div>\n<\/div>\n<\/div>\n<div class=\"spec-table\">\n<div class=\"table-row\">\n<div class=\"table-head\">\n<h5>\u00dcr\u00fcn boyutlar\u0131<\/h5>\n<\/div>\n<div class=\"table-cell\">640\u200e\u00a0x\u00a0468\u00a0x\u00a0156\u00a0mm\u00a0(Geni\u015flik x Derinlik x Y\u00fckseklik)<\/div>\n<\/div>\n<\/div>\n<div class=\"spec-table\">\n<div class=\"table-row\">\n<div class=\"table-head\">\n<h5>\u00dcr\u00fcn a\u011f\u0131rl\u0131\u011f\u0131<\/h5>\n<\/div>\n<div class=\"table-cell\">14,8\u00a0kg<\/div>\n<\/div>\n<\/div>\n<div class=\"spec-table\">\n<div class=\"table-row\">\n<div class=\"table-head\">\n<h5>S\u00fcr\u00fcc\u00fc<\/h5>\n<\/div>\n<div class=\"table-cell\">TWAIN, WIA, ISIS, ISIS (Webden indirilir), SANE (Linux), ICA (Mac)<\/div>\n<\/div>\n<\/div>\n<div class=\"spec-table\">\n<div class=\"table-row\">\n<div class=\"table-head\">\n<h5>Dahil edilen Yaz\u0131l\u0131m<\/h5>\n<\/div>\n<div class=\"table-cell\">Epson Document Capture Pro, Epson Document Capture Pro Server (\u00fccretsiz indirme), Epson Event Manager (Yaln\u0131zca Mac), Epson Tarama<\/div>\n<\/div>\n<\/div>\n<div class=\"spec-table\">\n<div class=\"table-row\">\n<div class=\"table-head\">\n<h5>Uyumlu \u0130\u015fletim Sistemleri<\/h5>\n<\/div>\n<div class=\"table-cell\">XenApp 5.0, XenApp 6.0, Mac OS 10.4+, Mac OS X 10.11.x, Presentation Server 4.5, Terminal Service, Windows 10, Windows 10 (32\/64 bit), Windows 11, Windows 7, Windows 7 x64, Windows 8, Windows 8.1, Windows Server 2003 (32\/64bit), Windows Server 2008 (32\/64bit), Windows Server 2008 R2, Windows Vista, Windows Vista x64, Windows XP, Windows XP x64, Windows Server 2003 R2<\/div>\n<\/div>\n<\/div>\n<div class=\"spec-table\">\n<div class=\"table-row\">\n<div class=\"table-head\">\n<h5>Enerji t\u00fcketimi<\/h5>\n<\/div>\n<div class=\"table-cell\">25,5\u00a0W, 9,5\u00a0W\u00a0(tasarruf), 1,5\u00a0W\u00a0(bekleme)<\/div>\n<\/div>\n<\/div>\n<div class=\"spec-table\">\n<div class=\"table-row\">\n<div class=\"table-head\">\n<h5>G\u00fcr\u00fclt\u00fc d\u00fczeyi<\/h5>\n<\/div>\n<div class=\"table-cell\">Operation (Roll):\u00a054,9\u00a0dB (A)<\/div>\n<\/div>\n<\/div>\n<div class=\"spec-table\">\n<div class=\"table-row\">\n<div class=\"table-head\">\n<h5>Hava nem oran\u0131<\/h5>\n<\/div>\n<div class=\"table-cell\">\u00c7al\u0131\u015ft\u0131rma\u00a010% &#8211; 80%, Depolama\u00a010% &#8211; 85%<\/div>\n<\/div>\n<\/div>\n<div class=\"spec-table\">\n<div class=\"table-row\">\n<div class=\"table-head\">\n<h5>S\u0131cakl\u0131k<\/h5>\n<\/div>\n<div class=\"table-cell\">\u00c7al\u0131\u015ft\u0131rma\u00a05\u00b0 C &#8211; 35\u00b0 C, Depolama\u00a0-25\u00b0 C &#8211; 60\u00b0 C<\/div>\n<\/div>\n<\/div>\n<div class=\"spec-table\">\n<div class=\"table-row\">\n<div class=\"table-head\">\n<h5>Teslimat i\u00e7eri\u011fi<\/h5>\n<\/div>\n<div class=\"table-cell\">Ana cihaz (\u00fcnite), G\u00fc\u00e7 kablosu, Talimat, Yaz\u0131l\u0131m (CD), USB kablos\u0131, Garanti belgesi<\/div>\n<\/div>\n<\/div>\n<\/div>\n<\/div>\n<\/div>\n<div class=\"accordion-toggle__content js-accordion-content accordion-toggle__content--opened\">\n<div class=\"accordion-toggle__trigger js-accordion-toggle\">Di\u011fer<\/div>\n<div class=\"accordion-toggle__inner\">\n<div class=\"accordion-toggle__group\">\n<div class=\"spec-table\">\n<div class=\"table-row\">\n<div class=\"table-head\">\n<h5>Garanti<\/h5>\n<\/div>\n<div class=\"table-cell\">24\u00a0Aylar\u00a0servis merkezinde<\/div>\n<\/div>\n<\/div>\n<\/div>\n<\/div>\n<\/div>\n<\/div>\n<\/div>\n<\/div>\n<\/div>\n<\/div>\n<\/div>\n","protected":false},"excerpt":{"rendered":"<h4 class=\"buy-box__headline\">A3 belge taray\u0131c\u0131<\/h4>\n<div class=\"buy-box__key-features\">\n<div class=\"blockdown description\">\n<ul class=\"features\">\n<li><strong>A3 d\u00fcz yatakl\u0131 taray\u0131c\u0131<\/strong>\u00a0A3 boyutuna kadar belgeleri tarar<\/li>\n<li><strong>Kaliteli sonu\u00e7lar<\/strong>\u00a0Y\u00fcksek kaliteli CCD teknolojisi<\/li>\n<li><strong>Is\u0131nma s\u00fcresi yoktur<\/strong>\u00a0An\u0131nda tarama i\u00e7in ReadyScan LED<\/li>\n<li><strong>A\u011fa ba\u011flanabilir<\/strong>\u00a0\u0130ste\u011fe Ba\u011fl\u0131 A\u011f Aray\u00fcz Paneli<\/li>\n<li><strong>\u00c7evre dostu<\/strong>\u00a0ENERGY STAR onayl\u0131 *1<\/li>\n<\/ul>\n<\/div>\n<\/div>\n","protected":false},"featured_media":32268,"comment_status":"open","ping_status":"closed","template":"","meta":[],"product_brand":[],"product_cat":[42],"product_tag":[],"berocket_brand":[41],"class_list":{"0":"post-32267","1":"product","2":"type-product","3":"status-publish","4":"has-post-thumbnail","6":"product_cat-tarayici","7":"berocket_brand-epson","9":"first","10":"instock","11":"shipping-taxable","12":"product-type-simple"},"_links":{"self":[{"href":"https:\/\/inksistem.com.tr\/b2b\/wp-json\/wp\/v2\/product\/32267","targetHints":{"allow":["GET"]}}],"collection":[{"href":"https:\/\/inksistem.com.tr\/b2b\/wp-json\/wp\/v2\/product"}],"about":[{"href":"https:\/\/inksistem.com.tr\/b2b\/wp-json\/wp\/v2\/types\/product"}],"replies":[{"embeddable":true,"href":"https:\/\/inksistem.com.tr\/b2b\/wp-json\/wp\/v2\/comments?post=32267"}],"wp:featuredmedia":[{"embeddable":true,"href":"https:\/\/inksistem.com.tr\/b2b\/wp-json\/wp\/v2\/media\/32268"}],"wp:attachment":[{"href":"https:\/\/inksistem.com.tr\/b2b\/wp-json\/wp\/v2\/media?parent=32267"}],"wp:term":[{"taxonomy":"product_brand","embeddable":true,"href":"https:\/\/inksistem.com.tr\/b2b\/wp-json\/wp\/v2\/product_brand?post=32267"},{"taxonomy":"product_cat","embeddable":true,"href":"https:\/\/inksistem.com.tr\/b2b\/wp-json\/wp\/v2\/product_cat?post=32267"},{"taxonomy":"product_tag","embeddable":true,"href":"https:\/\/inksistem.com.tr\/b2b\/wp-json\/wp\/v2\/product_tag?post=32267"},{"taxonomy":"berocket_brand","embeddable":true,"href":"https:\/\/inksistem.com.tr\/b2b\/wp-json\/wp\/v2\/berocket_brand?post=32267"}],"curies":[{"name":"wp","href":"https:\/\/api.w.org\/{rel}","templated":true}]}}