{"id":32272,"date":"2023-12-26T09:01:59","date_gmt":"2023-12-26T06:01:59","guid":{"rendered":"http:\/\/inksistem.com.tr\/b2b\/?post_type=product&#038;p=32272"},"modified":"2023-12-26T09:02:00","modified_gmt":"2023-12-26T06:02:00","slug":"workforce-ds-1660w","status":"publish","type":"product","link":"https:\/\/inksistem.com.tr\/b2b\/urun\/workforce-ds-1660w\/","title":{"rendered":"WorkForce DS-1660W"},"content":{"rendered":"<div class=\"tab-panel__section tab-panel__section--full-width js-tab-panel-section\" data-section=\"overview\" data-sticky-header-anchor=\"overview\">\n<div class=\"tab-panel__section-inner\">\n<div class=\"tab-panel__section-content\">\n<div class=\"product-overview\">\n<div class=\"product-overview__section\">\n<div class=\"product-overview__section-content\">\n<div class=\"product-overview__description product-overview__description--neon\">\n<div>\n<div class=\"heading1\">\n<h4>Ak\u0131ll\u0131 \u00f6zellikler<\/h4>\n<p>Epson G\u00f6r\u00fcnt\u00fc \u0130\u015fleme Teknolojisi ile otomatik k\u0131rpma, \u00e7arp\u0131kl\u0131k giderme, bo\u015f sayfa ve arka plan kald\u0131rma dahil, ak\u0131ll\u0131 renk ve g\u00f6r\u00fcnt\u00fc ayarlar\u0131. Uzun belge modu ile, \u00fc\u00e7 metreden (3048 mm) uzun tek tarafl\u0131 ka\u011f\u0131tlar\u0131 tarayabilirsiniz.<\/p>\n<\/div>\n<div class=\"heading2\">\n<h4>Esnek yerle\u015ftirme<\/h4>\n<p>DS-1660W&#8217;da bulunan Wi-Fi ve Wi-Fi Direct ba\u011flanabilirli\u011fi, \u00e7al\u0131\u015fma ortamlar\u0131na bir\u00e7ok ki\u015fi taraf\u0131ndan kolayca ula\u015f\u0131labilir \u00f6zel bir tarama \u00e7\u00f6z\u00fcm\u00fc getirmek isteyen kurulu\u015flar i\u00e7in ekstra kolayl\u0131k sa\u011flarken, \u00e7ift tarafl\u0131 tarama ve Otomatik G\u00f6r\u00fcnt\u00fc T\u00fcr\u00fc Alg\u0131lama \u00f6zellikleri de ofis verimlili\u011fini art\u0131r\u0131r. NFC \u00f6zelli\u011fi etkinle\u015ftirilmi\u015f durumdayken, mobil cihaz\u0131n\u0131z\u0131n kontrol\u00fcn\u00fc sa\u011flamak i\u00e7in Epson Scan Uygulamas\u0131n\u0131 kullan\u0131n, ard\u0131ndan &#8211; kaydetmeden ve payla\u015fmadan \u00f6nce dijital g\u00f6r\u00fcnt\u00fcleri d\u00fczenleyin ve iyile\u015ftirin.<\/p>\n<\/div>\n<div class=\"heading3\">\n<h4>Ofis verimlili\u011finizi artt\u0131r\u0131n<\/h4>\n<p>25 sf.\/dak.&#8217;l\u0131k tarama h\u0131z\u0131 ile s\u0131n\u0131f\u0131n\u0131n en h\u0131zl\u0131 taray\u0131c\u0131lar\u0131ndan biridir. USB 3.0 ba\u011flanabilirli\u011fi, 300 dpi y\u00fcksek \u00e7\u00f6z\u00fcn\u00fcrl\u00fckte tarama yaparken dahi hi\u00e7bir yava\u015flama olmayaca\u011f\u0131 anlam\u0131na gelir. Daha fazla rahatl\u0131k i\u00e7in \u00e7ift tarafl\u0131 tarama \u00f6zelli\u011fi ile bir sayfan\u0131n her iki taraf\u0131n\u0131 da taray\u0131n. \u0130ste\u011fe ba\u011fl\u0131 a\u011f paneli ile 30 adede kadar i\u015f olu\u015fturun ve do\u011frudan sunucu konumlar\u0131na, bulut hizmetlerine ve Microsoft SharePoint&#8217;e taray\u0131n. Dahili Epson yaz\u0131l\u0131m\u0131, bir kez tarama ve iki farkl\u0131 hedefe g\u00f6ndermek anlam\u0131na gelen ikili g\u00f6r\u00fcnt\u00fc \u00e7\u0131kt\u0131s\u0131 sa\u011flar. DS-1630 klas\u00f6rlere, e-postaya, \u00e7evrimi\u00e7i depolama hesaplar\u0131na<sup>2<\/sup>\u00a0ve daha fazlas\u0131na tek dokunu\u015fla kolay tarama yapabilmenizi sa\u011flar.<\/p>\n<\/div>\n<\/div>\n<\/div>\n<\/div>\n<\/div>\n<div class=\"product-overview__section product-overview__section--features\">\n<h2 class=\"product-overview__section-title\">Temel \u00d6zellikler<\/h2>\n<div class=\"product-overview__section-content\">\n<div class=\"product-overview__features\">\n<div class=\"blockdown description\">\n<ul class=\"features\">\n<li><strong>S\u0131n\u0131f\u0131ndaki en k\u00fc\u00e7\u00fck boyuta sahiptir<sup>1<\/sup><\/strong>\u00a0Bu da onun hem \u00f6n ofis, hem de arka ofis ortamlar\u0131na kolayca yerle\u015ftirilebilmesini sa\u011flar.<\/li>\n<li><strong>\u00c7ok \u00e7e\u015fitli belgeleri taray\u0131n<\/strong>\u00a0Kitaplar, ciltli belgeler, pasaportlar ve hassas \u00f6\u011feler dahil<\/li>\n<li><strong>Ak\u0131ll\u0131 renk ve g\u00f6r\u00fcnt\u00fc ayarlar\u0131<\/strong>\u00a0Otomatik k\u0131rpma, \u00e7arp\u0131kl\u0131k giderme, bo\u015f sayfa ve arka plan\u0131 kald\u0131rma<\/li>\n<li><strong>S\u0131n\u0131f\u0131ndaki en h\u0131zl\u0131lardan biri<\/strong>\u00a025 sf.\/dak. tarama h\u0131z\u0131<\/li>\n<li><strong>Kablosuz ve USB 3.0 ba\u011flant\u0131 \u00f6zelli\u011fi<\/strong>\u00a0Esnekli\u011fi ve h\u0131z\u0131 se\u00e7in<\/li>\n<\/ul>\n<\/div>\n<\/div>\n<\/div>\n<\/div>\n<div class=\"product-overview__section\">\n<h2 class=\"product-overview__section-title\">Ek bilgileri indir<\/h2>\n<div class=\"product-overview__section-content\">\n<div class=\"product-overview__datasheets\">\n<div class=\"product-overview__datasheet\"><strong class=\"product-overview__datasheet-title\">WorkForce DS-1660W Veri Sayfas\u0131\/Bro\u015f\u00fcr<\/strong><a class=\"btn btn-link btn-link--small btn-link--no-padding product-overview__datasheet-cta\" href=\"https:\/\/neon.epson-europe.com\/content\/open\/datasheet.php?id=18804&amp;cc=TR&amp;lc=tr\" aria-label=\"\" data-layer-track=\"download_interaction\" data-layer-on=\"click\" data-layer-name=\"Download WorkForce DS-1660W Veri Sayfas\u0131\/Bro\u015f\u00fcr\" data-layer-data=\"{ \n    &quot;file_format&quot;: &quot;&quot;, \n    &quot;file_name&quot;: &quot;WorkForce DS-1660W Veri Sayfas\u0131\/Bro\u015f\u00fcr&quot;, \n    &quot;file_type&quot;: &quot;DATASHEET&quot;, \n    &quot;related_product_id&quot;: &quot;18804&quot;, \n    &quot;related_product_name&quot;: &quot;WorkForce DS-1660W&quot;,\n    &quot;asset_id&quot;: &quot;autodatasheet&quot;\n  }\">PDF<\/a><\/div>\n<\/div>\n<\/div>\n<\/div>\n<\/div>\n<\/div>\n<\/div>\n<\/div>\n<div class=\"tab-panel__section js-tab-panel-section\" data-section=\"tech-specs\" data-sticky-header-anchor=\"tech-specs\">\n<div class=\"tab-panel__section-inner\">\n<h3 class=\"tab-panel__section-title tab-panel__section-title--always-visible\">Teknik \u00d6zellikler<\/h3>\n<div class=\"tab-panel__section-content\">\n<div class=\"tech-specs\">\n<div class=\"tech-specs__intro\">\n<div class=\"tech-specs__description\">\u00dcr\u00fcn \u00f6zellikleri ve teknik \u00f6zellikler \u00f6nceden bildirimde bulunmaks\u0131z\u0131n de\u011fi\u015ftirilebilir<\/div>\n<\/div>\n<div class=\"tech-specs__accordion\">\n<div class=\"accordion-toggle accordion-toggle--product accordion-toggle--all js-accordion\">\n<div class=\"accordion-toggle__content js-accordion-content accordion-toggle__content--opened\">\n<div class=\"accordion-toggle__trigger js-accordion-toggle\">Teknoloji<\/div>\n<div class=\"accordion-toggle__inner\">\n<div class=\"accordion-toggle__group\">\n<div class=\"spec-table\">\n<div class=\"table-row\">\n<div class=\"table-head\">\n<h5>Taray\u0131c\u0131 T\u00fcr\u00fc<\/h5>\n<\/div>\n<div class=\"table-cell\">Flatbed (D\u00fcz) Taray\u0131c\u0131<\/div>\n<\/div>\n<\/div>\n<div class=\"spec-table\">\n<div class=\"table-row\">\n<div class=\"table-head\">\n<h5>Optik \u00c7\u00f6z\u00fcn\u00fcrl\u00fck (ADF)<\/h5>\n<\/div>\n<div class=\"table-cell\">600\u00a0\u0130n\u00e7 ba\u015f\u0131na nokta x 600\u00a0\u0130n\u00e7 ba\u015f\u0131na nokta (yatay x dikey)<\/div>\n<\/div>\n<\/div>\n<div class=\"spec-table\">\n<div class=\"table-row\">\n<div class=\"table-head\">\n<h5>Tarama \u00c7\u00f6z\u00fcn\u00fcrl\u00fc\u011f\u00fc<\/h5>\n<\/div>\n<div class=\"table-cell\">1.200\u00a0\u0130n\u00e7 ba\u015f\u0131na nokta x 1.200\u00a0\u0130n\u00e7 ba\u015f\u0131na nokta (yatay x dikey)<\/div>\n<\/div>\n<\/div>\n<div class=\"spec-table\">\n<div class=\"table-row\">\n<div class=\"table-head\">\n<h5>Tarama Alan\u0131<\/h5>\n<\/div>\n<div class=\"table-cell\">210\u00a0mm x 297\u00a0mm (yatay x dikey)<\/div>\n<\/div>\n<\/div>\n<div class=\"spec-table\">\n<div class=\"table-row\">\n<div class=\"table-head\">\n<h5>ADF Minimum Belge Boyutu<\/h5>\n<\/div>\n<div class=\"table-cell\">89\u00a0mm x 127\u00a0mm (yatay x dikey)<\/div>\n<\/div>\n<\/div>\n<div class=\"spec-table\">\n<div class=\"table-row\">\n<div class=\"table-head\">\n<h5>Maksimum Belge Boyutu-ADF<\/h5>\n<\/div>\n<div class=\"table-cell\">210\u00a0mm x 3.048\u00a0mm (yatay x dikey)<\/div>\n<\/div>\n<\/div>\n<div class=\"spec-table\">\n<div class=\"table-row\">\n<div class=\"table-head\">\n<h5>Ka\u011f\u0131t Formatlar\u0131<\/h5>\n<\/div>\n<div class=\"table-cell\">A4 (21.0&#215;29,7 cm), A5 (14,8&#215;21,0 cm), A6 (10,5&#215;14,8 cm), B5, Mektup, Letter Legal<\/div>\n<\/div>\n<\/div>\n<div class=\"spec-table\">\n<div class=\"table-row\">\n<div class=\"table-head\">\n<h5>Renk derinli\u011fi<\/h5>\n<\/div>\n<div class=\"table-cell\">Girdi: 30\u00a0Bit\u00a0Renk \/ 10\u00a0Bit\u00a0Tek renkli , \u00c7\u0131kt\u0131: 24\u00a0Bit\u00a0Renk \/ 8\u00a0Bit\u00a0Tek renkli<\/div>\n<\/div>\n<\/div>\n<div class=\"spec-table\">\n<div class=\"table-row\">\n<div class=\"table-head\">\n<h5>Kategori<\/h5>\n<\/div>\n<div class=\"table-cell\">K\u00fc\u00e7\u00fck ve Kompakt, A\u011f ve Wifi, Genel Ofis<\/div>\n<\/div>\n<\/div>\n<\/div>\n<\/div>\n<\/div>\n<div class=\"accordion-toggle__content js-accordion-content accordion-toggle__content--opened\">\n<div class=\"accordion-toggle__trigger js-accordion-toggle\">Taray\u0131c\u0131<\/div>\n<div class=\"accordion-toggle__inner\">\n<div class=\"accordion-toggle__group\">\n<div class=\"spec-table\">\n<div class=\"table-row\">\n<div class=\"table-head\">\n<h5>I\u015f\u0131k kayna\u011f\u0131<\/h5>\n<\/div>\n<div class=\"table-cell\">RGB LED<\/div>\n<\/div>\n<\/div>\n<\/div>\n<\/div>\n<\/div>\n<div class=\"accordion-toggle__content js-accordion-content accordion-toggle__content--opened\">\n<div class=\"accordion-toggle__trigger js-accordion-toggle\">Tarama h\u0131z\u0131<\/div>\n<div class=\"accordion-toggle__inner\">\n<div class=\"accordion-toggle__group\">\n<div class=\"spec-table\">\n<div class=\"table-row\">\n<div class=\"table-head\">\n<h5>Tarama h\u0131z\u0131<\/h5>\n<\/div>\n<div class=\"table-cell\">Tek renkli:\u00a025\u00a0Sayfa\/dk. &#8211; Renk:\u00a025\u00a0Sayfa\/dk. , \u00c7\u00f6z\u00fcn\u00fcrl\u00fck: 200 \/ 300 dpi, Tek renkli:\u00a010\u00a0g\u00f6r\u00fcnt\u00fc\/dak , \u00c7\u00f6z\u00fcn\u00fcrl\u00fck: 200 \/ 300 dpi<\/div>\n<\/div>\n<\/div>\n<\/div>\n<\/div>\n<\/div>\n<div class=\"accordion-toggle__content js-accordion-content accordion-toggle__content--opened\">\n<div class=\"accordion-toggle__trigger js-accordion-toggle\">Ka\u011f\u0131t \/ Malzeme Kullan\u0131m\u0131<\/div>\n<div class=\"accordion-toggle__inner\">\n<div class=\"accordion-toggle__group\">\n<div class=\"spec-table\">\n<div class=\"table-row\">\n<div class=\"table-head\">\n<h5>Ka\u011f\u0131t Ayarlama Kapasitesi<\/h5>\n<\/div>\n<div class=\"table-cell\">50\u00a0Sayfa<\/div>\n<\/div>\n<\/div>\n<div class=\"spec-table\">\n<div class=\"table-row\">\n<div class=\"table-head\">\n<h5>ADF Ka\u011f\u0131t a\u011f\u0131rl\u0131\u011f\u0131<\/h5>\n<\/div>\n<div class=\"table-cell\">Otomatik y\u00fckleme: 50\u00a0 &#8211; \u00a0120\u00a0g\/m\u00b2<\/div>\n<\/div>\n<\/div>\n<div class=\"spec-table\">\n<div class=\"table-row\">\n<div class=\"table-head\">\n<h5>G\u00fcvenilir G\u00fcnl\u00fck \u0130\u015f Y\u00fck\u00fc<\/h5>\n<\/div>\n<div class=\"table-cell\">1.500\u00a0Sayfa<\/div>\n<\/div>\n<\/div>\n<div class=\"spec-table\">\n<div class=\"table-row\">\n<div class=\"table-head\">\n<h5>Otomatik belge besleyici<\/h5>\n<\/div>\n<div class=\"table-cell\">50\u00a0Sayfa<\/div>\n<\/div>\n<\/div>\n<div class=\"spec-table\">\n<div class=\"table-row\">\n<div class=\"table-head\">\n<h5>\u00c7ift tarafl\u0131 Tarama<\/h5>\n<\/div>\n<div class=\"table-cell\">Evet<\/div>\n<\/div>\n<\/div>\n<\/div>\n<\/div>\n<\/div>\n<div class=\"accordion-toggle__content js-accordion-content accordion-toggle__content--opened\">\n<div class=\"accordion-toggle__trigger js-accordion-toggle\">Tarama \u00d6zellikleri<\/div>\n<div class=\"accordion-toggle__inner\">\n<div class=\"accordion-toggle__group\">\n<div class=\"spec-table\">\n<div class=\"table-row\">\n<div class=\"table-head\">\n<h5>\u00d6zellikler<\/h5>\n<\/div>\n<div class=\"table-cell\">RGB renk at\u0131\u011f\u0131, Geli\u015fmi\u015f Renk D\u00fc\u015f\u00fcm\u00fc \/ Zengin, Bo\u015f Sayfalar\u0131 Atla, Delik mesafesi, Geli\u015fmi\u015f g\u00f6r\u00fcnt\u00fc i\u015fleme, Otomatik \u00e7arp\u0131kl\u0131k d\u00fczeltme, RGB renk d\u00fczeltimi, otomatik g\u00f6r\u00fcnt\u00fc d\u00f6nd\u00fcrme, Metin d\u00fczeltme, D\u00fczle\u015ftirme, Daraltma, Barkod Tan\u0131ma, B\u00f6lgesel OCR A ve B deste\u011fi, Tam B\u00f6lgesel OCR<\/div>\n<\/div>\n<\/div>\n<div class=\"spec-table\">\n<div class=\"table-row\">\n<div class=\"table-head\">\n<h5>\u00c7\u0131kt\u0131 formatlar\u0131<\/h5>\n<\/div>\n<div class=\"table-cell\">JPEG, TIFF, \u00c7oklu TIFF\u2019e tarama, PDF, PDF\u2019e tarama \/ toplu, Aranabilir PDF\u2019e tarama<\/div>\n<\/div>\n<\/div>\n<div class=\"spec-table\">\n<div class=\"table-row\">\n<div class=\"table-head\">\n<h5>Tarama hacmi<\/h5>\n<\/div>\n<div class=\"table-cell\">1.500\u00a0Sayfa\/g\u00fcn<\/div>\n<\/div>\n<\/div>\n<\/div>\n<\/div>\n<\/div>\n<div class=\"accordion-toggle__content js-accordion-content accordion-toggle__content--opened\">\n<div class=\"accordion-toggle__trigger js-accordion-toggle\">Ba\u011flant\u0131 \u00f6zelli\u011fi<\/div>\n<div class=\"accordion-toggle__inner\">\n<div class=\"accordion-toggle__group\">\n<div class=\"spec-table\">\n<div class=\"table-row\">\n<div class=\"table-head\">\n<h5>Ba\u011flant\u0131lar<\/h5>\n<\/div>\n<div class=\"table-cell\">Kablosuz LAN IEEE 802.11a\/b\/g\/n, Wi-Fi Direct, USB 3.2 Gen 1&#215;1<\/div>\n<\/div>\n<\/div>\n<\/div>\n<\/div>\n<\/div>\n<div class=\"accordion-toggle__content js-accordion-content accordion-toggle__content--opened\">\n<div class=\"accordion-toggle__trigger js-accordion-toggle\">Genel<\/div>\n<div class=\"accordion-toggle__inner\">\n<div class=\"accordion-toggle__group\">\n<div class=\"spec-table\">\n<div class=\"table-row\">\n<div class=\"table-head\">\n<h5>\u00dcr\u00fcn boyutlar\u0131<\/h5>\n<\/div>\n<div class=\"table-cell\">451\u200e\u00a0x\u00a0318\u00a0x\u00a0121\u00a0mm\u00a0(Geni\u015flik x Derinlik x Y\u00fckseklik)<\/div>\n<\/div>\n<\/div>\n<div class=\"spec-table\">\n<div class=\"table-row\">\n<div class=\"table-head\">\n<h5>\u00dcr\u00fcn a\u011f\u0131rl\u0131\u011f\u0131<\/h5>\n<\/div>\n<div class=\"table-cell\">3,9\u00a0kg<\/div>\n<\/div>\n<\/div>\n<div class=\"spec-table\">\n<div class=\"table-row\">\n<div class=\"table-head\">\n<h5>S\u00fcr\u00fcc\u00fc<\/h5>\n<\/div>\n<div class=\"table-cell\">TWAIN, WIA, SANE (Linux), ICA (Mac)<\/div>\n<\/div>\n<\/div>\n<div class=\"spec-table\">\n<div class=\"table-row\">\n<div class=\"table-head\">\n<h5>Dahil edilen Yaz\u0131l\u0131m<\/h5>\n<\/div>\n<div class=\"table-cell\">Epson Document Capture (Sadece Mac), Epson Document Capture Pro, Epson Document Capture Pro Server (\u00fccretsiz indirme), Epson Scan 2<\/div>\n<\/div>\n<\/div>\n<div class=\"spec-table\">\n<div class=\"table-row\">\n<div class=\"table-head\">\n<h5>Uyumlu \u0130\u015fletim Sistemleri<\/h5>\n<\/div>\n<div class=\"table-cell\">Mac OS 10.7.x, Mac OS 10.8.x, Mac OS 10.9.x, Mac OS X, Mac OS X 10.6.8, Mac OS X 10.6.8 or later, Windows 10, Windows 11, Windows 7, Windows 7 x64, Windows 8, Windows 8 (32\/64 bit), Windows 8.1, Windows 8.1 x64 Edition, Windows Vista, Windows Vista x64<\/div>\n<\/div>\n<\/div>\n<div class=\"spec-table\">\n<div class=\"table-row\">\n<div class=\"table-head\">\n<h5>G\u00fcr\u00fclt\u00fc d\u00fczeyi<\/h5>\n<\/div>\n<div class=\"table-cell\">Operation (Roll):\u00a055\u00a0dB (A)<\/div>\n<\/div>\n<\/div>\n<div class=\"spec-table\">\n<div class=\"table-row\">\n<div class=\"table-head\">\n<h5>Hava nem oran\u0131<\/h5>\n<\/div>\n<div class=\"table-cell\">\u00c7al\u0131\u015ft\u0131rma\u00a020% &#8211; 80%, Depolama\u00a020% &#8211; 80%<\/div>\n<\/div>\n<\/div>\n<div class=\"spec-table\">\n<div class=\"table-row\">\n<div class=\"table-head\">\n<h5>S\u0131cakl\u0131k<\/h5>\n<\/div>\n<div class=\"table-cell\">\u00c7al\u0131\u015ft\u0131rma\u00a010\u00b0 C &#8211; 35\u00b0 C, Depolama\u00a0-20\u00b0 C &#8211; 80\u00b0 C<\/div>\n<\/div>\n<\/div>\n<div class=\"spec-table\">\n<div class=\"table-row\">\n<div class=\"table-head\">\n<h5>Teslimat i\u00e7eri\u011fi<\/h5>\n<\/div>\n<div class=\"table-cell\">Ana cihaz (\u00fcnite), G\u00fc\u00e7 kablosu, Talimat, Yaz\u0131l\u0131m (CD), USB kablos\u0131, Garanti belgesi<\/div>\n<\/div>\n<\/div>\n<\/div>\n<\/div>\n<\/div>\n<div class=\"accordion-toggle__content js-accordion-content accordion-toggle__content--opened\">\n<div class=\"accordion-toggle__trigger js-accordion-toggle\">Di\u011fer<\/div>\n<div class=\"accordion-toggle__inner\">\n<div class=\"accordion-toggle__group\">\n<div class=\"spec-table\">\n<div class=\"table-row\">\n<div class=\"table-head\">\n<h5>Garanti<\/h5>\n<\/div>\n<div class=\"table-cell\">24\u00a0Aylar\u00a0servis merkezinde<\/div>\n<\/div>\n<\/div>\n<\/div>\n<\/div>\n<\/div>\n<\/div>\n<\/div>\n<\/div>\n<\/div>\n<\/div>\n<\/div>\n","protected":false},"excerpt":{"rendered":"<h4 class=\"buy-box__headline\">Uygun fiyatl\u0131 Wi-Fi d\u00fcz yatakl\u0131<\/h4>\n<div class=\"buy-box__key-features\">\n<div class=\"blockdown description\">\n<ul class=\"features\">\n<li><strong>S\u0131n\u0131f\u0131ndaki en k\u00fc\u00e7\u00fck boyuta sahiptir<sup>1<\/sup><\/strong>\u00a0Bu da onun hem \u00f6n ofis, hem de arka ofis ortamlar\u0131na kolayca yerle\u015ftirilebilmesini sa\u011flar.<\/li>\n<li><strong>\u00c7ok \u00e7e\u015fitli belgeleri taray\u0131n<\/strong>\u00a0Kitaplar, ciltli belgeler, pasaportlar ve hassas \u00f6\u011feler dahil<\/li>\n<li><strong>Ak\u0131ll\u0131 renk ve g\u00f6r\u00fcnt\u00fc ayarlar\u0131<\/strong>\u00a0Otomatik k\u0131rpma, \u00e7arp\u0131kl\u0131k giderme, bo\u015f sayfa ve arka plan\u0131 kald\u0131rma<\/li>\n<li><strong>S\u0131n\u0131f\u0131ndaki en h\u0131zl\u0131lardan biri<\/strong>\u00a025 sf.\/dak. tarama h\u0131z\u0131<\/li>\n<li><strong>Kablosuz ve USB 3.0 ba\u011flant\u0131 \u00f6zelli\u011fi<\/strong>\u00a0Esnekli\u011fi ve h\u0131z\u0131 se\u00e7in<\/li>\n<\/ul>\n<\/div>\n<\/div>\n","protected":false},"featured_media":32273,"comment_status":"open","ping_status":"closed","template":"","meta":[],"product_brand":[],"product_cat":[42],"product_tag":[],"berocket_brand":[41],"class_list":{"0":"post-32272","1":"product","2":"type-product","3":"status-publish","4":"has-post-thumbnail","6":"product_cat-tarayici","7":"berocket_brand-epson","9":"first","10":"instock","11":"shipping-taxable","12":"product-type-simple"},"_links":{"self":[{"href":"https:\/\/inksistem.com.tr\/b2b\/wp-json\/wp\/v2\/product\/32272","targetHints":{"allow":["GET"]}}],"collection":[{"href":"https:\/\/inksistem.com.tr\/b2b\/wp-json\/wp\/v2\/product"}],"about":[{"href":"https:\/\/inksistem.com.tr\/b2b\/wp-json\/wp\/v2\/types\/product"}],"replies":[{"embeddable":true,"href":"https:\/\/inksistem.com.tr\/b2b\/wp-json\/wp\/v2\/comments?post=32272"}],"wp:featuredmedia":[{"embeddable":true,"href":"https:\/\/inksistem.com.tr\/b2b\/wp-json\/wp\/v2\/media\/32273"}],"wp:attachment":[{"href":"https:\/\/inksistem.com.tr\/b2b\/wp-json\/wp\/v2\/media?parent=32272"}],"wp:term":[{"taxonomy":"product_brand","embeddable":true,"href":"https:\/\/inksistem.com.tr\/b2b\/wp-json\/wp\/v2\/product_brand?post=32272"},{"taxonomy":"product_cat","embeddable":true,"href":"https:\/\/inksistem.com.tr\/b2b\/wp-json\/wp\/v2\/product_cat?post=32272"},{"taxonomy":"product_tag","embeddable":true,"href":"https:\/\/inksistem.com.tr\/b2b\/wp-json\/wp\/v2\/product_tag?post=32272"},{"taxonomy":"berocket_brand","embeddable":true,"href":"https:\/\/inksistem.com.tr\/b2b\/wp-json\/wp\/v2\/berocket_brand?post=32272"}],"curies":[{"name":"wp","href":"https:\/\/api.w.org\/{rel}","templated":true}]}}