{"id":32283,"date":"2023-12-26T09:11:41","date_gmt":"2023-12-26T06:11:41","guid":{"rendered":"http:\/\/inksistem.com.tr\/b2b\/?post_type=product&#038;p=32283"},"modified":"2025-02-12T13:52:55","modified_gmt":"2025-02-12T10:52:55","slug":"workforce-ds-360w","status":"publish","type":"product","link":"https:\/\/inksistem.com.tr\/b2b\/urun\/workforce-ds-360w\/","title":{"rendered":"WorkForce DS-360W"},"content":{"rendered":"<div class=\"tab-panel__section tab-panel__section--full-width js-tab-panel-section\" data-section=\"overview\" data-sticky-header-anchor=\"overview\">\n<div class=\"tab-panel__section-inner\">\n<div class=\"tab-panel__section-content\">\n<div class=\"product-overview\">\n<div class=\"product-overview__section\">\n<div class=\"product-overview__section-content\">\n<div class=\"product-overview__description product-overview__description--neon\">\n<div>\n<div class=\"heading1\">\n<h4>Mobil tarama art\u0131k \u00e7ok kolay<\/h4>\n<p>DS-360W; mobil cihazlara, tabletlere ve bilgisayarlara tarama yapmak i\u00e7in dahili bir pil ve kablosuz ba\u011flant\u0131 \u00f6zelli\u011fiyle kablo gerektirmeyen bir tarama \u00e7\u00f6z\u00fcm\u00fc sunar.<\/p>\n<\/div>\n<div class=\"heading2\">\n<h4>Portatif bir \u00e7\u00f6z\u00fcm<\/h4>\n<p>DS-360W ile evrak i\u015flerinizi hareket halindeyken taray\u0131n ve y\u00f6netin. Kompakt ve hafif tasar\u0131m\u0131 sayesinde \u00e7antada ta\u015f\u0131mak ya da hatta \u00e7ekmecede saklamak i\u00e7in idealdir. Ayr\u0131ca USB ile hareket halindeyken \u015farj edilebilir.<\/p>\n<\/div>\n<div class=\"heading3\">\n<h4>Son derece esnek<\/h4>\n<p>DS-360W ile ihtiya\u00e7 duydu\u011funuz \u015feyi ihtiya\u00e7 duydu\u011funuz anda taray\u0131n. Renkli ve siyah beyaz belgeleri 300 dpi \u00e7\u00f6z\u00fcn\u00fcrl\u00fckte kolayca olu\u015fturun. Ka\u011f\u0131t s\u00f6z konusu oldu\u011funda, hem tek hem de \u00e7ift tarafl\u0131 tarama, kartlar\u0131 ve ka\u011f\u0131tlar\u0131 52 ile 230 gsm aras\u0131nda i\u015fleme yetene\u011fi ile ehliyet ve kimlik kartlar\u0131n\u0131 taramak i\u00e7in \u00f6zel bir yuva sayesinde se\u00e7enekleriniz neredeyse s\u0131n\u0131rs\u0131zd\u0131r.<\/p>\n<\/div>\n<div class=\"heading4\">\n<h4>Piyasadaki en h\u0131zl\u0131 \u00fcr\u00fcn<\/h4>\n<p>25 sf.\/dak. tarama h\u0131z\u0131<sup>1<\/sup>\u00a0ve 20 sayfal\u0131k otomatik belge besleyici sayesinde piyasadaki en h\u0131zl\u0131 portatif ofis tipi taray\u0131c\u0131yla evrak i\u015flerinizi h\u0131zland\u0131r\u0131n. S\u00fcper H\u0131zl\u0131 USB 3.0 ba\u011flant\u0131s\u0131yla, dosya aktar\u0131m\u0131 da \u00e7ok h\u0131zl\u0131d\u0131r. \u00dccretsiz Epson Scan uygulamas\u0131yla taray\u0131c\u0131y\u0131 ak\u0131ll\u0131 telefonunuzdan veya tabletinizden kontrol etmek de m\u00fcmk\u00fcnd\u00fcr.<\/p>\n<\/div>\n<div class=\"heading5\">\n<h4>\u0130\u015f ak\u0131\u015f\u0131n\u0131z\u0131 y\u00f6netin<\/h4>\n<p>Document Capture Pro ile taramalar\u0131n\u0131z\u0131 i\u015f ak\u0131\u015flar\u0131na entegre edin. DS-360W; barkod tan\u0131ma ve b\u00f6lgesel OCR-A \/ B deste\u011fi gibi belge g\u00f6r\u00fcnt\u00fcleme \u00f6zelliklerinin yan\u0131 s\u0131ra, pek \u00e7ok \u2018hedefe tarama\u2019 i\u015flevi de sunar.<\/p>\n<\/div>\n<\/div>\n<\/div>\n<\/div>\n<\/div>\n<div class=\"product-overview__section product-overview__section--features\">\n<h2 class=\"product-overview__section-title\">Temel \u00d6zellikler<\/h2>\n<div class=\"product-overview__section-content\">\n<div class=\"product-overview__features\">\n<div class=\"blockdown description\">\n<ul class=\"features\">\n<li><strong>Kablolara gerek kalmadan hareket halindeyken tarama<\/strong>\u00a0Dahili pil ve kablosuz ba\u011flanabilirlik<\/li>\n<li><strong>En h\u0131zl\u0131 portatif taray\u0131c\u0131<sup>1<\/sup><\/strong>\u00a025 sf.\/dak. tarama h\u0131zlar\u0131<sup>1<\/sup>\u00a0ve USB 3.0 ba\u011flanabilirli\u011fi<\/li>\n<li><strong>Kompakt ve hafif tasar\u0131m<\/strong>\u00a0Ta\u015f\u0131mas\u0131 ya da bir \u00e7ekmecede saklamas\u0131 kolay<\/li>\n<li><strong>\u00c7ok y\u00f6nl\u00fc ka\u011f\u0131t kullan\u0131m\u0131<\/strong>\u00a0Renkli ya da siyah beyaz belgelerde 300 dpi tek ya da \u00e7ift tarafl\u0131 tarama<\/li>\n<li><strong>\u00c7ok sayfal\u0131 belgelerin kolayca \u00fcstesinden gelin<\/strong>\u00a020 sayfal\u0131k otomatik belge besleyici<\/li>\n<\/ul>\n<\/div>\n<\/div>\n<\/div>\n<\/div>\n<div class=\"product-overview__section\">\n<h2 class=\"product-overview__section-title\">Ek bilgileri indir<\/h2>\n<div class=\"product-overview__section-content\">\n<div class=\"product-overview__datasheets\">\n<div class=\"product-overview__datasheet\"><strong class=\"product-overview__datasheet-title\">WorkForce DS-360W Veri Sayfas\u0131\/Bro\u015f\u00fcr<\/strong><a class=\"btn btn-link btn-link--small btn-link--no-padding product-overview__datasheet-cta\" href=\"https:\/\/neon.epson-europe.com\/content\/open\/datasheet.php?id=20264&amp;cc=TR&amp;lc=tr\" aria-label=\"\" data-layer-track=\"download_interaction\" data-layer-on=\"click\" data-layer-name=\"Download WorkForce DS-360W Veri Sayfas\u0131\/Bro\u015f\u00fcr\" data-layer-data=\"{ \n    &quot;file_format&quot;: &quot;&quot;, \n    &quot;file_name&quot;: &quot;WorkForce DS-360W Veri Sayfas\u0131\/Bro\u015f\u00fcr&quot;, \n    &quot;file_type&quot;: &quot;DATASHEET&quot;, \n    &quot;related_product_id&quot;: &quot;20264&quot;, \n    &quot;related_product_name&quot;: &quot;WorkForce DS-360W&quot;,\n    &quot;asset_id&quot;: &quot;autodatasheet&quot;\n  }\">PDF<\/a><\/div>\n<\/div>\n<\/div>\n<\/div>\n<\/div>\n<\/div>\n<\/div>\n<\/div>\n<div class=\"tab-panel__section js-tab-panel-section\" data-section=\"tech-specs\" data-sticky-header-anchor=\"tech-specs\">\n<div class=\"tab-panel__section-inner\">\n<h3 class=\"tab-panel__section-title tab-panel__section-title--always-visible\">Teknik \u00d6zellikler<\/h3>\n<div class=\"tab-panel__section-content\">\n<div class=\"tech-specs\">\n<div class=\"tech-specs__intro\">\n<div class=\"tech-specs__description\">\u00dcr\u00fcn \u00f6zellikleri ve teknik \u00f6zellikler \u00f6nceden bildirimde bulunmaks\u0131z\u0131n de\u011fi\u015ftirilebilir<\/div>\n<\/div>\n<div class=\"tech-specs__accordion\">\n<div class=\"accordion-toggle accordion-toggle--product accordion-toggle--all js-accordion\">\n<div class=\"accordion-toggle__content js-accordion-content accordion-toggle__content--opened\">\n<div class=\"accordion-toggle__trigger js-accordion-toggle\">Teknoloji<\/div>\n<div class=\"accordion-toggle__inner\">\n<div class=\"accordion-toggle__group\">\n<div class=\"spec-table\">\n<div class=\"table-row\">\n<div class=\"table-head\">\n<h5>Taray\u0131c\u0131 T\u00fcr\u00fc<\/h5>\n<\/div>\n<div class=\"table-cell\">Mobil Taray\u0131c\u0131<\/div>\n<\/div>\n<\/div>\n<div class=\"spec-table\">\n<div class=\"table-row\">\n<div class=\"table-head\">\n<h5>Optik \u00c7\u00f6z\u00fcn\u00fcrl\u00fck (ADF)<\/h5>\n<\/div>\n<div class=\"table-cell\">600\u00a0\u0130n\u00e7 ba\u015f\u0131na nokta x 600\u00a0\u0130n\u00e7 ba\u015f\u0131na nokta (yatay x dikey)<\/div>\n<\/div>\n<\/div>\n<div class=\"spec-table\">\n<div class=\"table-row\">\n<div class=\"table-head\">\n<h5>Tarama \u00c7\u00f6z\u00fcn\u00fcrl\u00fc\u011f\u00fc<\/h5>\n<\/div>\n<div class=\"table-cell\">1.200\u00a0\u0130n\u00e7 ba\u015f\u0131na nokta x 1.200\u00a0\u0130n\u00e7 ba\u015f\u0131na nokta (yatay x dikey)<\/div>\n<\/div>\n<\/div>\n<div class=\"spec-table\">\n<div class=\"table-row\">\n<div class=\"table-head\">\n<h5>Tarama Aral\u0131\u011f\u0131 (maksimum)<\/h5>\n<\/div>\n<div class=\"table-cell\">215,9\u00a0mm x 1.117,6\u00a0mm (yatay x dikey)<\/div>\n<\/div>\n<\/div>\n<div class=\"spec-table\">\n<div class=\"table-row\">\n<div class=\"table-head\">\n<h5>Tarama aral\u0131\u011f\u0131 min<\/h5>\n<\/div>\n<div class=\"table-cell\">50,8\u00a0mm x 70\u00a0mm (yatay x dikey)<\/div>\n<\/div>\n<\/div>\n<div class=\"spec-table\">\n<div class=\"table-row\">\n<div class=\"table-head\">\n<h5>ADF Minimum Belge Boyutu<\/h5>\n<\/div>\n<div class=\"table-cell\">50,8\u00a0mm x 70\u00a0mm (yatay x dikey)<\/div>\n<\/div>\n<\/div>\n<div class=\"spec-table\">\n<div class=\"table-row\">\n<div class=\"table-head\">\n<h5>Maksimum Belge Boyutu-ADF<\/h5>\n<\/div>\n<div class=\"table-cell\">215,9\u00a0mm x 1.117,6\u00a0mm (yatay x dikey)<\/div>\n<\/div>\n<\/div>\n<div class=\"spec-table\">\n<div class=\"table-row\">\n<div class=\"table-head\">\n<h5>Ka\u011f\u0131t Formatlar\u0131<\/h5>\n<\/div>\n<div class=\"table-cell\">A4 (21.0&#215;29,7 cm), A5 (14,8&#215;21,0 cm), A6 (10,5&#215;14,8 cm), B5, B6, C4 (zarf), C5 (zarf), C6 (zarf), No. 10 (zarf), Mektup, Letter Legal, Kartpostal, Kartvizitler, Plastik kartlar<\/div>\n<\/div>\n<\/div>\n<div class=\"spec-table\">\n<div class=\"table-row\">\n<div class=\"table-head\">\n<h5>Kategori<\/h5>\n<\/div>\n<div class=\"table-cell\">K\u00fc\u00e7\u00fck ve Kompakt, A\u011f ve Wifi, Genel Ofis<\/div>\n<\/div>\n<\/div>\n<\/div>\n<\/div>\n<\/div>\n<div class=\"accordion-toggle__content js-accordion-content accordion-toggle__content--opened\">\n<div class=\"accordion-toggle__trigger js-accordion-toggle\">Taray\u0131c\u0131<\/div>\n<div class=\"accordion-toggle__inner\">\n<div class=\"accordion-toggle__group\">\n<div class=\"spec-table\">\n<div class=\"table-row\">\n<div class=\"table-head\">\n<h5>I\u015f\u0131k kayna\u011f\u0131<\/h5>\n<\/div>\n<div class=\"table-cell\">ReadyScan LED Teknolojisi<\/div>\n<\/div>\n<\/div>\n<\/div>\n<\/div>\n<\/div>\n<div class=\"accordion-toggle__content js-accordion-content accordion-toggle__content--opened\">\n<div class=\"accordion-toggle__trigger js-accordion-toggle\">Tarama h\u0131z\u0131<\/div>\n<div class=\"accordion-toggle__inner\">\n<div class=\"accordion-toggle__group\">\n<div class=\"spec-table\">\n<div class=\"table-row\">\n<div class=\"table-head\">\n<h5>Tarama h\u0131z\u0131<\/h5>\n<\/div>\n<div class=\"table-cell\">Tek renkli:\u00a025\u00a0Sayfa\/dk. &#8211; Renk:\u00a025\u00a0Sayfa\/dk. \u00f6l\u00e7\u00fcm birimi Boyut: A4 , \u00c7\u00f6z\u00fcn\u00fcrl\u00fck: 200 \/ 300 dpi, Tek renkli:\u00a050\u00a0g\u00f6r\u00fcnt\u00fc\/dak &#8211; Renk:\u00a050\u00a0g\u00f6r\u00fcnt\u00fc\/dak \u00f6l\u00e7\u00fcm birimi Boyut: A4 , \u00c7\u00f6z\u00fcn\u00fcrl\u00fck: 200 \/ 300 dpi<\/div>\n<\/div>\n<\/div>\n<\/div>\n<\/div>\n<\/div>\n<div class=\"accordion-toggle__content js-accordion-content accordion-toggle__content--opened\">\n<div class=\"accordion-toggle__trigger js-accordion-toggle\">Ka\u011f\u0131t \/ Malzeme Kullan\u0131m\u0131<\/div>\n<div class=\"accordion-toggle__inner\">\n<div class=\"accordion-toggle__group\">\n<div class=\"spec-table\">\n<div class=\"table-row\">\n<div class=\"table-head\">\n<h5>Ka\u011f\u0131t Ayarlama Kapasitesi<\/h5>\n<\/div>\n<div class=\"table-cell\">20\u00a0Sayfa<\/div>\n<\/div>\n<\/div>\n<div class=\"spec-table\">\n<div class=\"table-row\">\n<div class=\"table-head\">\n<h5>ADF Ka\u011f\u0131t a\u011f\u0131rl\u0131\u011f\u0131<\/h5>\n<\/div>\n<div class=\"table-cell\">Otomatik y\u00fckleme: 52\u00a0 &#8211; \u00a0230\u00a0g\/m\u00b2, Elle y\u00fckleme:52\u00a0&#8211;\u00a0230\u00a0g\/m\u00b2<\/div>\n<\/div>\n<\/div>\n<div class=\"spec-table\">\n<div class=\"table-row\">\n<div class=\"table-head\">\n<h5>Otomatik Belge Besleyici Tipi<\/h5>\n<\/div>\n<div class=\"table-cell\">Tek ge\u00e7i\u015fte ikili tarama<\/div>\n<\/div>\n<\/div>\n<div class=\"spec-table\">\n<div class=\"table-row\">\n<div class=\"table-head\">\n<h5>G\u00fcvenilir G\u00fcnl\u00fck \u0130\u015f Y\u00fck\u00fc<\/h5>\n<\/div>\n<div class=\"table-cell\">500\u00a0Sayfa<\/div>\n<\/div>\n<\/div>\n<div class=\"spec-table\">\n<div class=\"table-row\">\n<div class=\"table-head\">\n<h5>Otomatik belge besleyici<\/h5>\n<\/div>\n<div class=\"table-cell\">20\u00a0Sayfa<\/div>\n<\/div>\n<\/div>\n<div class=\"spec-table\">\n<div class=\"table-row\">\n<div class=\"table-head\">\n<h5>\u00c7ift tarafl\u0131 Tarama<\/h5>\n<\/div>\n<div class=\"table-cell\">Evet<\/div>\n<\/div>\n<\/div>\n<\/div>\n<\/div>\n<\/div>\n<div class=\"accordion-toggle__content js-accordion-content accordion-toggle__content--opened\">\n<div class=\"accordion-toggle__trigger js-accordion-toggle\">Tarama \u00d6zellikleri<\/div>\n<div class=\"accordion-toggle__inner\">\n<div class=\"accordion-toggle__group\">\n<div class=\"spec-table\">\n<div class=\"table-row\">\n<div class=\"table-head\">\n<h5>\u00d6zellikler<\/h5>\n<\/div>\n<div class=\"table-cell\">Geli\u015fmi\u015f Renk D\u00fc\u015f\u00fcm\u00fc \/ Zengin, Bo\u015f Sayfalar\u0131 Atla, Delik mesafesi, Geli\u015fmi\u015f g\u00f6r\u00fcnt\u00fc i\u015fleme, Otomatik \u00e7arp\u0131kl\u0131k d\u00fczeltme, RGB renk d\u00fczeltimi, otomatik g\u00f6r\u00fcnt\u00fc d\u00f6nd\u00fcrme, Metin d\u00fczeltme, D\u00fczle\u015ftirme, Daraltma, Barkod Tan\u0131ma<\/div>\n<\/div>\n<\/div>\n<div class=\"spec-table\">\n<div class=\"table-row\">\n<div class=\"table-head\">\n<h5>\u00c7\u0131kt\u0131 formatlar\u0131<\/h5>\n<\/div>\n<div class=\"table-cell\">BMP, JPEG, TIFF, \u00c7oklu TIFF\u2019e tarama, PDF, Aranabilir PDF\u2019e tarama<\/div>\n<\/div>\n<\/div>\n<div class=\"spec-table\">\n<div class=\"table-row\">\n<div class=\"table-head\">\n<h5>Geli\u015fmi\u015f belge b\u00fct\u00fcnle\u015ftirme<\/h5>\n<\/div>\n<div class=\"table-cell\">E-postaya tarama, FTP&#8217;ye tarama, Microsoft SharePoint\u00ae\u2019a tarama, Bask\u0131ya tarama, Web klas\u00f6rlerine tarama, A\u011f klas\u00f6r\u00fcne tarama<\/div>\n<\/div>\n<\/div>\n<div class=\"spec-table\">\n<div class=\"table-row\">\n<div class=\"table-head\">\n<h5>G\u00f6r\u00fcnt\u00fc iyile\u015ftirme<\/h5>\n<\/div>\n<div class=\"table-cell\">Desen optimizasyonu ile daraltma, G\u00fcr\u00fclt\u00fc Azaltma \u00d6zellikli Keskinlik Giderme Maskesi<\/div>\n<\/div>\n<\/div>\n<div class=\"spec-table\">\n<div class=\"table-row\">\n<div class=\"table-head\">\n<h5>Tarama hacmi<\/h5>\n<\/div>\n<div class=\"table-cell\">50\u00a0Sayfa\/g\u00fcn<\/div>\n<\/div>\n<\/div>\n<\/div>\n<\/div>\n<\/div>\n<div class=\"accordion-toggle__content js-accordion-content accordion-toggle__content--opened\">\n<div class=\"accordion-toggle__trigger js-accordion-toggle\">Ba\u011flant\u0131 \u00f6zelli\u011fi<\/div>\n<div class=\"accordion-toggle__inner\">\n<div class=\"accordion-toggle__group\">\n<div class=\"spec-table\">\n<div class=\"table-row\">\n<div class=\"table-head\">\n<h5>Ba\u011flant\u0131lar<\/h5>\n<\/div>\n<div class=\"table-cell\">Kablosuz LAN IEEE 802.11a\/b\/g\/n, Wi-Fi Direct, USB 3.2 Gen 1&#215;1<\/div>\n<\/div>\n<\/div>\n<div class=\"spec-table\">\n<div class=\"table-row\">\n<div class=\"table-head\">\n<h5>Push scan \u00f6zellikleri<\/h5>\n<\/div>\n<div class=\"table-cell\">Evet\u00a0(Document Capture Pro \u00e7\u00f6z\u00fcmleri ile birlikte)<\/div>\n<\/div>\n<\/div>\n<\/div>\n<\/div>\n<\/div>\n<div class=\"accordion-toggle__content js-accordion-content accordion-toggle__content--opened\">\n<div class=\"accordion-toggle__trigger js-accordion-toggle\">Genel<\/div>\n<div class=\"accordion-toggle__inner\">\n<div class=\"accordion-toggle__group\">\n<div class=\"spec-table\">\n<div class=\"table-row\">\n<div class=\"table-head\">\n<h5>Besleme Voltaj\u0131<\/h5>\n<\/div>\n<div class=\"table-cell\">AC 100 V &#8211; 240 V, 50 Hz &#8211; 60 Hz<\/div>\n<\/div>\n<\/div>\n<div class=\"spec-table\">\n<div class=\"table-row\">\n<div class=\"table-head\">\n<h5>\u00dcr\u00fcn boyutlar\u0131<\/h5>\n<\/div>\n<div class=\"table-cell\">288\u200e\u00a0x\u00a089\u00a0x\u00a067\u00a0mm\u00a0(Geni\u015flik x Derinlik x Y\u00fckseklik)<\/div>\n<\/div>\n<\/div>\n<div class=\"spec-table\">\n<div class=\"table-row\">\n<div class=\"table-head\">\n<h5>\u00dcr\u00fcn a\u011f\u0131rl\u0131\u011f\u0131<\/h5>\n<\/div>\n<div class=\"table-cell\">1,3\u00a0kg<\/div>\n<\/div>\n<\/div>\n<div class=\"spec-table\">\n<div class=\"table-row\">\n<div class=\"table-head\">\n<h5>S\u00fcr\u00fcc\u00fc<\/h5>\n<\/div>\n<div class=\"table-cell\">TWAIN, WIA, SANE (Linux), ICA (Mac)<\/div>\n<\/div>\n<\/div>\n<div class=\"spec-table\">\n<div class=\"table-row\">\n<div class=\"table-head\">\n<h5>Dahil edilen Yaz\u0131l\u0131m<\/h5>\n<\/div>\n<div class=\"table-cell\">Epson Document Capture (Sadece Mac), Epson Document Capture Pro, Epson Scan 2, Newsoft Presto BizCard 6.6<\/div>\n<\/div>\n<\/div>\n<div class=\"spec-table\">\n<div class=\"table-row\">\n<div class=\"table-head\">\n<h5>Uyumlu \u0130\u015fletim Sistemleri<\/h5>\n<\/div>\n<div class=\"table-cell\">Mac OS 10.7.x, Mac OS 10.8.x, Mac OS 10.9.x, Windows 10, Windows 7, Windows 7 x64, Windows 8, Windows 8 (32\/64 bit), Windows 8.1, Windows 8.1 x64 Edition, Windows Server 2003 (32\/64bit), Windows Server 2008 (32\/64bit), Windows Server 2008 R2, Windows Server 2012 (64bit), Windows Server 2012 R2, Windows Vista, Windows Vista (32\/64 bit), Windows Vista x64, Windows XP, Windows XP SP2 veya daha y\u00fcksek, Windows Server 2003 R2<\/div>\n<\/div>\n<\/div>\n<div class=\"spec-table\">\n<div class=\"table-row\">\n<div class=\"table-head\">\n<h5>Enerji t\u00fcketimi<\/h5>\n<\/div>\n<div class=\"table-cell\">8\u00a0W, 0,9\u00a0W\u00a0(tasarruf), 0,3\u00a0W\u00a0(bekleme)<\/div>\n<\/div>\n<\/div>\n<div class=\"spec-table\">\n<div class=\"table-row\">\n<div class=\"table-head\">\n<h5>Hava nem oran\u0131<\/h5>\n<\/div>\n<div class=\"table-cell\">\u00c7al\u0131\u015ft\u0131rma\u00a015% &#8211; 80%, Depolama\u00a015% &#8211; 85%<\/div>\n<\/div>\n<\/div>\n<div class=\"spec-table\">\n<div class=\"table-row\">\n<div class=\"table-head\">\n<h5>S\u0131cakl\u0131k<\/h5>\n<\/div>\n<div class=\"table-cell\">\u00c7al\u0131\u015ft\u0131rma\u00a05\u00b0 C &#8211; 35\u00b0 C, Depolama\u00a0-25\u00b0 C &#8211; 60\u00b0 C<\/div>\n<\/div>\n<\/div>\n<div class=\"spec-table\">\n<div class=\"table-row\">\n<div class=\"table-head\">\n<h5>Teslimat i\u00e7eri\u011fi<\/h5>\n<\/div>\n<div class=\"table-cell\">CD K\u0131lavuzu, Ana cihaz (\u00fcnite), G\u00fc\u00e7 kablosu, USB kablos\u0131, User guide<\/div>\n<\/div>\n<\/div>\n<\/div>\n<\/div>\n<\/div>\n<div class=\"accordion-toggle__content js-accordion-content accordion-toggle__content--opened\">\n<div class=\"accordion-toggle__trigger js-accordion-toggle\">Di\u011fer<\/div>\n<div class=\"accordion-toggle__inner\">\n<div class=\"accordion-toggle__group\">\n<div class=\"spec-table\">\n<div class=\"table-row\">\n<div class=\"table-head\">\n<h5>Garanti<\/h5>\n<\/div>\n<div class=\"table-cell\">24\u00a0Aylar\u00a0servis merkezinde<\/div>\n<\/div>\n<\/div>\n<\/div>\n<\/div>\n<\/div>\n<\/div>\n<\/div>\n<\/div>\n<\/div>\n<\/div>\n<\/div>\n","protected":false},"excerpt":{"rendered":"<h4 class=\"buy-box__headline\">Wi-Fi ve pilli portatif taray\u0131c\u0131<\/h4>\n<div class=\"buy-box__key-features\">\n<div class=\"blockdown description\">\n<ul class=\"features\">\n<li><strong>Kablolara gerek kalmadan hareket halindeyken tarama<\/strong>\u00a0Dahili pil ve kablosuz ba\u011flanabilirlik<\/li>\n<li><strong>En h\u0131zl\u0131 portatif taray\u0131c\u0131<sup>1<\/sup><\/strong>\u00a025 sf.\/dak. tarama h\u0131zlar\u0131<sup>1<\/sup>\u00a0ve USB 3.0 ba\u011flanabilirli\u011fi<\/li>\n<li><strong>Kompakt ve hafif tasar\u0131m<\/strong>\u00a0Ta\u015f\u0131mas\u0131 ya da bir \u00e7ekmecede saklamas\u0131 kolay<\/li>\n<li><strong>\u00c7ok y\u00f6nl\u00fc ka\u011f\u0131t kullan\u0131m\u0131<\/strong>\u00a0Renkli ya da siyah beyaz belgelerde 300 dpi tek ya da \u00e7ift tarafl\u0131 tarama<\/li>\n<li><strong>\u00c7ok sayfal\u0131 belgelerin kolayca \u00fcstesinden gelin<\/strong>\u00a020 sayfal\u0131k otomatik belge besleyici<\/li>\n<\/ul>\n<\/div>\n<\/div>\n","protected":false},"featured_media":32284,"comment_status":"open","ping_status":"closed","template":"","meta":[],"product_brand":[],"product_cat":[42],"product_tag":[],"berocket_brand":[41],"class_list":{"0":"post-32283","1":"product","2":"type-product","3":"status-publish","4":"has-post-thumbnail","6":"product_cat-tarayici","7":"berocket_brand-epson","9":"first","10":"instock","11":"shipping-taxable","12":"product-type-simple"},"_links":{"self":[{"href":"https:\/\/inksistem.com.tr\/b2b\/wp-json\/wp\/v2\/product\/32283","targetHints":{"allow":["GET"]}}],"collection":[{"href":"https:\/\/inksistem.com.tr\/b2b\/wp-json\/wp\/v2\/product"}],"about":[{"href":"https:\/\/inksistem.com.tr\/b2b\/wp-json\/wp\/v2\/types\/product"}],"replies":[{"embeddable":true,"href":"https:\/\/inksistem.com.tr\/b2b\/wp-json\/wp\/v2\/comments?post=32283"}],"wp:featuredmedia":[{"embeddable":true,"href":"https:\/\/inksistem.com.tr\/b2b\/wp-json\/wp\/v2\/media\/32284"}],"wp:attachment":[{"href":"https:\/\/inksistem.com.tr\/b2b\/wp-json\/wp\/v2\/media?parent=32283"}],"wp:term":[{"taxonomy":"product_brand","embeddable":true,"href":"https:\/\/inksistem.com.tr\/b2b\/wp-json\/wp\/v2\/product_brand?post=32283"},{"taxonomy":"product_cat","embeddable":true,"href":"https:\/\/inksistem.com.tr\/b2b\/wp-json\/wp\/v2\/product_cat?post=32283"},{"taxonomy":"product_tag","embeddable":true,"href":"https:\/\/inksistem.com.tr\/b2b\/wp-json\/wp\/v2\/product_tag?post=32283"},{"taxonomy":"berocket_brand","embeddable":true,"href":"https:\/\/inksistem.com.tr\/b2b\/wp-json\/wp\/v2\/berocket_brand?post=32283"}],"curies":[{"name":"wp","href":"https:\/\/api.w.org\/{rel}","templated":true}]}}