{"id":32288,"date":"2023-12-26T09:18:08","date_gmt":"2023-12-26T06:18:08","guid":{"rendered":"http:\/\/inksistem.com.tr\/b2b\/?post_type=product&#038;p=32288"},"modified":"2023-12-26T09:18:08","modified_gmt":"2023-12-26T06:18:08","slug":"workforce-ds-60000","status":"publish","type":"product","link":"https:\/\/inksistem.com.tr\/b2b\/urun\/workforce-ds-60000\/","title":{"rendered":"WorkForce DS-60000"},"content":{"rendered":"<div class=\"tab-panel__section tab-panel__section--full-width js-tab-panel-section\" data-section=\"overview\" data-sticky-header-anchor=\"overview\">\n<div class=\"tab-panel__section-inner\">\n<div class=\"tab-panel__section-content\">\n<div class=\"product-overview\">\n<div class=\"product-overview__section\">\n<div class=\"product-overview__section-content\">\n<div class=\"product-overview__description product-overview__description--neon\">\n<div>\n<p>Scanning up to 40 pages per minute, this efficient and reliable device meets the needs of medium and large businesses seeking enhanced document workflow. This scanner provides fast and trouble-free scanning due to a 200 A3-page ADF, one-pass duplex scanning, and double feed detection. Additionally, the &#8216;scan to&#8217; functions*<sup>1<\/sup>\u00a0offered by Document Capture Pro enable even greater productivity.<\/p>\n<p>Document Capture Pro makes it easy to integrate this scanner into your document management system, speeding up workflow and enabling users to capture, convert and distribute scanned information in virtually any document repository or document management systems.<\/p>\n<p>This scanner and its features can be shared between multiple users using the optional Network Interface Panel. Combined with Document Capture Pro solutions, the Network Interface Panel allows users to benefit from Push Scan features and customise \u2018scan to\u2019 job functions, such as \u2018scan to email\u2019 or \u2018scan to Microsoft SharePoint<sup>\u00ae<\/sup>\u2019, among others*<sup>3<\/sup>. These features enable complicated tasks to be carried out effortlessly, increasing users&#8217; acceptance and eliminating training requirements.<\/p>\n<p>Epson ReadyScan LED technology eradicates warm-up time, guarantees an absence of mercury, and lowers power consumption. These elements, combined with ENERGY STAR qualification*<sup>2<\/sup>, creates an environmentally friendly device.<\/p>\n<\/div>\n<\/div>\n<\/div>\n<\/div>\n<div class=\"product-overview__section\">\n<h2 class=\"product-overview__section-title\">Ek bilgileri indir<\/h2>\n<div class=\"product-overview__section-content\">\n<div class=\"product-overview__datasheets\">\n<div class=\"product-overview__datasheet\"><strong class=\"product-overview__datasheet-title\">WorkForce DS-60000 Veri Sayfas\u0131\/Bro\u015f\u00fcr<\/strong><a class=\"btn btn-link btn-link--small btn-link--no-padding product-overview__datasheet-cta\" href=\"https:\/\/neon.epson-europe.com\/content\/open\/datasheet.php?id=11455&amp;cc=TR&amp;lc=tr\" aria-label=\"\" data-layer-track=\"download_interaction\" data-layer-on=\"click\" data-layer-name=\"Download WorkForce DS-60000 Veri Sayfas\u0131\/Bro\u015f\u00fcr\" data-layer-data=\"{ \n    &quot;file_format&quot;: &quot;&quot;, \n    &quot;file_name&quot;: &quot;WorkForce DS-60000 Veri Sayfas\u0131\/Bro\u015f\u00fcr&quot;, \n    &quot;file_type&quot;: &quot;DATASHEET&quot;, \n    &quot;related_product_id&quot;: &quot;11455&quot;, \n    &quot;related_product_name&quot;: &quot;WorkForce DS-60000&quot;,\n    &quot;asset_id&quot;: &quot;autodatasheet&quot;\n  }\">PDF<\/a><\/div>\n<div class=\"product-overview__datasheet\"><strong class=\"product-overview__datasheet-title\">Business Range Brochure ETD<\/strong><a class=\"btn btn-link btn-link--small btn-link--no-padding product-overview__datasheet-cta\" href=\"https:\/\/epsonemear.a.bigcontent.io\/v1\/static\/c11cc95-pp3138-0314-broch-lores-tr-tr-business-range-brochure-etd\" aria-label=\"\" data-layer-track=\"download_interaction\" data-layer-on=\"click\" data-layer-name=\"Download Business Range Brochure ETD\" data-layer-data=\"{ \n    &quot;file_format&quot;: &quot;&quot;, \n    &quot;file_name&quot;: &quot;Business Range Brochure ETD&quot;, \n    &quot;file_type&quot;: &quot;BROCHURE&quot;, \n    &quot;related_product_id&quot;: &quot;11455&quot;, \n    &quot;related_product_name&quot;: &quot;WorkForce DS-60000&quot;,\n    &quot;asset_id&quot;: &quot;aaab5a52-3a0a-40b3-b8b0-207296c20b8b&quot;\n  }\">PDF<\/a><\/div>\n<\/div>\n<\/div>\n<\/div>\n<\/div>\n<\/div>\n<\/div>\n<\/div>\n<div class=\"tab-panel__section js-tab-panel-section\" data-section=\"tech-specs\" data-sticky-header-anchor=\"tech-specs\">\n<div class=\"tab-panel__section-inner\">\n<h3 class=\"tab-panel__section-title tab-panel__section-title--always-visible\">Teknik \u00d6zellikler<\/h3>\n<div class=\"tab-panel__section-content\">\n<div class=\"tech-specs\">\n<div class=\"tech-specs__intro\">\n<div class=\"tech-specs__description\">\u00dcr\u00fcn \u00f6zellikleri ve teknik \u00f6zellikler \u00f6nceden bildirimde bulunmaks\u0131z\u0131n de\u011fi\u015ftirilebilir<\/div>\n<\/div>\n<div class=\"tech-specs__accordion\">\n<div class=\"accordion-toggle accordion-toggle--product accordion-toggle--all js-accordion\">\n<div class=\"accordion-toggle__content js-accordion-content accordion-toggle__content--opened\">\n<div class=\"accordion-toggle__trigger js-accordion-toggle\">Teknoloji<\/div>\n<div class=\"accordion-toggle__inner\">\n<div class=\"accordion-toggle__group\">\n<div class=\"spec-table\">\n<div class=\"table-row\">\n<div class=\"table-head\">\n<h5>Taray\u0131c\u0131 T\u00fcr\u00fc<\/h5>\n<\/div>\n<div class=\"table-cell\">Flatbed (D\u00fcz) Taray\u0131c\u0131, Ka\u011f\u0131t Beslemeli Taray\u0131c\u0131<\/div>\n<\/div>\n<\/div>\n<div class=\"spec-table\">\n<div class=\"table-row\">\n<div class=\"table-head\">\n<h5>Tarama \u00c7\u00f6z\u00fcn\u00fcrl\u00fc\u011f\u00fc<\/h5>\n<\/div>\n<div class=\"table-cell\">600\u00a0\u0130n\u00e7 ba\u015f\u0131na nokta x 600\u00a0\u0130n\u00e7 ba\u015f\u0131na nokta (yatay x dikey)<\/div>\n<\/div>\n<\/div>\n<div class=\"spec-table\">\n<div class=\"table-row\">\n<div class=\"table-head\">\n<h5>ADF Minimum Belge Boyutu<\/h5>\n<\/div>\n<div class=\"table-cell\">68\u00a0mm x 120\u00a0mm (yatay x dikey)<\/div>\n<\/div>\n<\/div>\n<div class=\"spec-table\">\n<div class=\"table-row\">\n<div class=\"table-head\">\n<h5>Maksimum Belge Boyutu-ADF<\/h5>\n<\/div>\n<div class=\"table-cell\">297\u00a0mm x 2.540\u00a0mm (yatay x dikey)<\/div>\n<\/div>\n<\/div>\n<div class=\"spec-table\">\n<div class=\"table-row\">\n<div class=\"table-head\">\n<h5>Ka\u011f\u0131t Formatlar\u0131<\/h5>\n<\/div>\n<div class=\"table-cell\">A3 (29,7&#215;42,0 cm), A4 (21.0&#215;29,7 cm), A5 (14,8&#215;21,0 cm), A6 (10,5&#215;14,8 cm), B4, B5, B6, Mektup, Legal, Executive<\/div>\n<\/div>\n<\/div>\n<div class=\"spec-table\">\n<div class=\"table-row\">\n<div class=\"table-head\">\n<h5>Renk derinli\u011fi<\/h5>\n<\/div>\n<div class=\"table-cell\">Girdi: 48\u00a0Bit\u00a0Renk \/ 16\u00a0Bit\u00a0Tek renkli , \u00c7\u0131kt\u0131: 24\u00a0Bit\u00a0Renk \/ 8\u00a0Bit\u00a0Tek renkli<\/div>\n<\/div>\n<\/div>\n<div class=\"spec-table\">\n<div class=\"table-row\">\n<div class=\"table-head\">\n<h5>Ultrasonik Sens\u00f6r<\/h5>\n<\/div>\n<div class=\"table-cell\">Evet<\/div>\n<\/div>\n<\/div>\n<div class=\"spec-table\">\n<div class=\"table-row\">\n<div class=\"table-head\">\n<h5>Kategori<\/h5>\n<\/div>\n<div class=\"table-cell\">Y\u00fcksek Kapasite, Genel Ofis<\/div>\n<\/div>\n<\/div>\n<\/div>\n<\/div>\n<\/div>\n<div class=\"accordion-toggle__content js-accordion-content accordion-toggle__content--opened\">\n<div class=\"accordion-toggle__trigger js-accordion-toggle\">Taray\u0131c\u0131<\/div>\n<div class=\"accordion-toggle__inner\">\n<div class=\"accordion-toggle__group\">\n<div class=\"spec-table\">\n<div class=\"table-row\">\n<div class=\"table-head\">\n<h5>I\u015f\u0131k kayna\u011f\u0131<\/h5>\n<\/div>\n<div class=\"table-cell\">ReadyScan LED Teknolojisi<\/div>\n<\/div>\n<\/div>\n<div class=\"spec-table\">\n<div class=\"table-row\">\n<div class=\"table-head\">\n<h5>LCD Ekran<\/h5>\n<\/div>\n<div class=\"table-cell\">\u0130ste\u011fe Ba\u011fl\u0131 A\u011f Arabirimi Paneli<\/div>\n<\/div>\n<\/div>\n<\/div>\n<\/div>\n<\/div>\n<div class=\"accordion-toggle__content js-accordion-content accordion-toggle__content--opened\">\n<div class=\"accordion-toggle__trigger js-accordion-toggle\">Tarama h\u0131z\u0131<\/div>\n<div class=\"accordion-toggle__inner\">\n<div class=\"accordion-toggle__group\">\n<div class=\"spec-table\">\n<div class=\"table-row\">\n<div class=\"table-head\">\n<h5>Tarama h\u0131z\u0131<\/h5>\n<\/div>\n<div class=\"table-cell\">Tek renkli:\u00a040\u00a0Sayfa\/dk. &#8211; Renk:\u00a040\u00a0Sayfa\/dk. \u00f6l\u00e7\u00fcm birimi Boyut: A4 , \u00c7\u00f6z\u00fcn\u00fcrl\u00fck: 200 \/ 300 dpi, Tek renkli:\u00a080\u00a0g\u00f6r\u00fcnt\u00fc\/dak &#8211; Renk:\u00a080\u00a0g\u00f6r\u00fcnt\u00fc\/dak \u00f6l\u00e7\u00fcm birimi Boyut: A4 , \u00c7\u00f6z\u00fcn\u00fcrl\u00fck: 200 \/ 300 dpi<\/div>\n<\/div>\n<\/div>\n<\/div>\n<\/div>\n<\/div>\n<div class=\"accordion-toggle__content js-accordion-content accordion-toggle__content--opened\">\n<div class=\"accordion-toggle__trigger js-accordion-toggle\">Ka\u011f\u0131t \/ Malzeme Kullan\u0131m\u0131<\/div>\n<div class=\"accordion-toggle__inner\">\n<div class=\"accordion-toggle__group\">\n<div class=\"spec-table\">\n<div class=\"table-row\">\n<div class=\"table-head\">\n<h5>ADF Ka\u011f\u0131t a\u011f\u0131rl\u0131\u011f\u0131<\/h5>\n<\/div>\n<div class=\"table-cell\">Otomatik y\u00fckleme: 35\u00a0 &#8211; \u00a0128\u00a0g\/m\u00b2<\/div>\n<\/div>\n<\/div>\n<div class=\"spec-table\">\n<div class=\"table-row\">\n<div class=\"table-head\">\n<h5>G\u00fcvenilir G\u00fcnl\u00fck \u0130\u015f Y\u00fck\u00fc<\/h5>\n<\/div>\n<div class=\"table-cell\">5.000\u00a0Sayfa<\/div>\n<\/div>\n<\/div>\n<div class=\"spec-table\">\n<div class=\"table-row\">\n<div class=\"table-head\">\n<h5>Otomatik belge besleyici<\/h5>\n<\/div>\n<div class=\"table-cell\">200\u00a0Sayfa<\/div>\n<\/div>\n<\/div>\n<div class=\"spec-table\">\n<div class=\"table-row\">\n<div class=\"table-head\">\n<h5>\u00c7ift tarafl\u0131 Tarama<\/h5>\n<\/div>\n<div class=\"table-cell\">Evet<\/div>\n<\/div>\n<\/div>\n<\/div>\n<\/div>\n<\/div>\n<div class=\"accordion-toggle__content js-accordion-content accordion-toggle__content--opened\">\n<div class=\"accordion-toggle__trigger js-accordion-toggle\">Tarama \u00d6zellikleri<\/div>\n<div class=\"accordion-toggle__inner\">\n<div class=\"accordion-toggle__group\">\n<div class=\"spec-table\">\n<div class=\"table-row\">\n<div class=\"table-head\">\n<h5>\u00d6zellikler<\/h5>\n<\/div>\n<div class=\"table-cell\">Bo\u015f Sayfalar\u0131 Atla, \u00d6nceden tan\u0131mlanm\u0131\u015f ayarlar, Otomatik alan da\u011f\u0131t\u0131m\u0131, Otomatik \u00e7arp\u0131kl\u0131k d\u00fczeltme, Otomatik \u00e7oklu belge tan\u0131ma, Otomatik siyah beyaz ve renkli tespiti, \u00e7ift g\u00f6r\u00fcnt\u00fc \u00e7\u0131k\u0131\u015f\u0131 (yaln\u0131zca Windows), otomatik g\u00f6r\u00fcnt\u00fc d\u00f6nd\u00fcrme, Metin d\u00fczeltme, D\u00fczle\u015ftirme, Bulan\u0131kl\u0131\u011f\u0131 maskelemek, Daraltma, Kitap sayfa hizalama, Otomatik Klas\u00f6r Olu\u015fturma, Barkod Tan\u0131ma, B\u00f6lgesel OCR A ve B deste\u011fi, Manuel \/ Otomatik \u0130\u015f Ay\u0131rma<\/div>\n<\/div>\n<\/div>\n<div class=\"spec-table\">\n<div class=\"table-row\">\n<div class=\"table-head\">\n<h5>\u00c7\u0131kt\u0131 formatlar\u0131<\/h5>\n<\/div>\n<div class=\"table-cell\">JPEG, TIFF, \u00c7oklu TIFF\u2019e tarama, PDF, PDF\u2019e tarama \/ toplu, Aranabilir PDF\u2019e tarama, G\u00fcvenli PDF\u2019e tarama, PDF\/A<\/div>\n<\/div>\n<\/div>\n<div class=\"spec-table\">\n<div class=\"table-row\">\n<div class=\"table-head\">\n<h5>Dosya s\u0131k\u0131\u015ft\u0131rma \u00f6zellikleri<\/h5>\n<\/div>\n<div class=\"table-cell\">Donan\u0131m JPEG s\u0131k\u0131\u015ft\u0131rma, TIFF S\u0131k\u0131\u015ft\u0131rma (JPEG(7) , CCITT G4, LZW), PDF S\u0131k\u0131\u015ft\u0131rma<\/div>\n<\/div>\n<\/div>\n<div class=\"spec-table\">\n<div class=\"table-row\">\n<div class=\"table-head\">\n<h5>Geli\u015fmi\u015f belge b\u00fct\u00fcnle\u015ftirme<\/h5>\n<\/div>\n<div class=\"table-cell\">E-postaya tarama, FTP&#8217;ye tarama, Microsoft SharePoint\u00ae\u2019a tarama, Bask\u0131ya tarama, Web klas\u00f6rlerine tarama, A\u011f klas\u00f6r\u00fcne tarama<\/div>\n<\/div>\n<\/div>\n<\/div>\n<\/div>\n<\/div>\n<div class=\"accordion-toggle__content js-accordion-content accordion-toggle__content--opened\">\n<div class=\"accordion-toggle__trigger js-accordion-toggle\">Ba\u011flant\u0131 \u00f6zelli\u011fi<\/div>\n<div class=\"accordion-toggle__inner\">\n<div class=\"accordion-toggle__group\">\n<div class=\"spec-table\">\n<div class=\"table-row\">\n<div class=\"table-head\">\n<h5>Ba\u011flant\u0131lar<\/h5>\n<\/div>\n<div class=\"table-cell\">USB 2.0, Ethernet Arabirimi (1000 Base-T\/ 100-Base TX\/ 10-Base-T) (iste\u011fe ba\u011fl\u0131)<\/div>\n<\/div>\n<\/div>\n<div class=\"spec-table\">\n<div class=\"table-row\">\n<div class=\"table-head\">\n<h5>A\u011f Arabirimi Paneli<\/h5>\n<\/div>\n<div class=\"table-cell\">\u0130ste\u011fe Ba\u011fl\u0131<\/div>\n<\/div>\n<\/div>\n<div class=\"spec-table\">\n<div class=\"table-row\">\n<div class=\"table-head\">\n<h5>Ethernet ayarlar\u0131<\/h5>\n<\/div>\n<div class=\"table-cell\">10BASE-T \/ 100BASE-TX \/ 1000BASE-T \/ Tam dubleks \/ Yar\u0131 dubleks<\/div>\n<\/div>\n<\/div>\n<div class=\"spec-table\">\n<div class=\"table-row\">\n<div class=\"table-head\">\n<h5>Panel tipi<\/h5>\n<\/div>\n<div class=\"table-cell\">5 hatl\u0131 Push Scan \u00f6zellikli LCD<\/div>\n<\/div>\n<\/div>\n<div class=\"spec-table\">\n<div class=\"table-row\">\n<div class=\"table-head\">\n<h5>Push scan \u00f6zellikleri<\/h5>\n<\/div>\n<div class=\"table-cell\">Evet\u00a0(Document Capture Pro \u00e7\u00f6z\u00fcmleri ile birlikte)<\/div>\n<\/div>\n<\/div>\n<\/div>\n<\/div>\n<\/div>\n<div class=\"accordion-toggle__content js-accordion-content accordion-toggle__content--opened\">\n<div class=\"accordion-toggle__trigger js-accordion-toggle\">Genel<\/div>\n<div class=\"accordion-toggle__inner\">\n<div class=\"accordion-toggle__group\">\n<div class=\"spec-table\">\n<div class=\"table-row\">\n<div class=\"table-head\">\n<h5>Besleme Voltaj\u0131<\/h5>\n<\/div>\n<div class=\"table-cell\">AC 100 V &#8211; 240 V<\/div>\n<\/div>\n<\/div>\n<div class=\"spec-table\">\n<div class=\"table-row\">\n<div class=\"table-head\">\n<h5>\u00dcr\u00fcn boyutlar\u0131<\/h5>\n<\/div>\n<div class=\"table-cell\">640\u200e\u00a0x\u00a0522\u00a0x\u00a0289\u00a0mm\u00a0(Geni\u015flik x Derinlik x Y\u00fckseklik)<\/div>\n<\/div>\n<\/div>\n<div class=\"spec-table\">\n<div class=\"table-row\">\n<div class=\"table-head\">\n<h5>\u00dcr\u00fcn a\u011f\u0131rl\u0131\u011f\u0131<\/h5>\n<\/div>\n<div class=\"table-cell\">26,9\u00a0kg<\/div>\n<\/div>\n<\/div>\n<div class=\"spec-table\">\n<div class=\"table-row\">\n<div class=\"table-head\">\n<h5>S\u00fcr\u00fcc\u00fc<\/h5>\n<\/div>\n<div class=\"table-cell\">TWAIN, WIA, ISIS (Webden indirilir), SANE (Linux), ICA (Mac)<\/div>\n<\/div>\n<\/div>\n<div class=\"spec-table\">\n<div class=\"table-row\">\n<div class=\"table-head\">\n<h5>Dahil edilen Yaz\u0131l\u0131m<\/h5>\n<\/div>\n<div class=\"table-cell\">Epson Document Capture Pro, Epson Document Capture Pro Server (\u00fccretsiz indirme), Epson Event Manager (Yaln\u0131zca Mac), Epson Tarama, EpsonNet Config<\/div>\n<\/div>\n<\/div>\n<div class=\"spec-table\">\n<div class=\"table-row\">\n<div class=\"table-head\">\n<h5>Uyumlu \u0130\u015fletim Sistemleri<\/h5>\n<\/div>\n<div class=\"table-cell\">XenApp 5.0, XenApp 6.0, Mac OS 10.4+, Mac OS X 10.11.x, Presentation Server 4.5, Terminal Service, Windows 10, Windows 10 (32\/64 bit), Windows 11, Windows 7, Windows 7 x64, Windows 8, Windows Server 2003 (32\/64bit), Windows Server 2008 (32\/64bit), Windows Server 2008 R2, Windows Vista, Windows Vista x64, Windows XP, Windows XP x64, Windows Server 2003 R2<\/div>\n<\/div>\n<\/div>\n<div class=\"spec-table\">\n<div class=\"table-row\">\n<div class=\"table-head\">\n<h5>Enerji t\u00fcketimi<\/h5>\n<\/div>\n<div class=\"table-cell\">79\u00a0W, 12,5\u00a0W\u00a0(tasarruf), 1,5\u00a0W\u00a0(bekleme)<\/div>\n<\/div>\n<\/div>\n<div class=\"spec-table\">\n<div class=\"table-row\">\n<div class=\"table-head\">\n<h5>G\u00fcr\u00fclt\u00fc d\u00fczeyi<\/h5>\n<\/div>\n<div class=\"table-cell\">Operation (Roll):\u00a067,9\u00a0dB (A)<\/div>\n<\/div>\n<\/div>\n<div class=\"spec-table\">\n<div class=\"table-row\">\n<div class=\"table-head\">\n<h5>Hava nem oran\u0131<\/h5>\n<\/div>\n<div class=\"table-cell\">\u00c7al\u0131\u015ft\u0131rma\u00a010% &#8211; 80%, Depolama\u00a010% &#8211; 85%<\/div>\n<\/div>\n<\/div>\n<div class=\"spec-table\">\n<div class=\"table-row\">\n<div class=\"table-head\">\n<h5>S\u0131cakl\u0131k<\/h5>\n<\/div>\n<div class=\"table-cell\">\u00c7al\u0131\u015ft\u0131rma\u00a05\u00b0 C &#8211; 35\u00b0 C, Depolama\u00a0-25\u00b0 C &#8211; 60\u00b0 C<\/div>\n<\/div>\n<\/div>\n<div class=\"spec-table\">\n<div class=\"table-row\">\n<div class=\"table-head\">\n<h5>Teslimat i\u00e7eri\u011fi<\/h5>\n<\/div>\n<div class=\"table-cell\">Ana cihaz (\u00fcnite), G\u00fc\u00e7 kablosu, Talimat, Yaz\u0131l\u0131m (CD), USB kablos\u0131, Garanti belgesi<\/div>\n<\/div>\n<\/div>\n<div class=\"spec-table\">\n<div class=\"table-row\">\n<div class=\"table-head\">\n<h5>Se\u00e7enekler<\/h5>\n<\/div>\n<div class=\"table-cell\">Roller Assembly Kit<\/div>\n<\/div>\n<\/div>\n<\/div>\n<\/div>\n<\/div>\n<div class=\"accordion-toggle__content js-accordion-content accordion-toggle__content--opened\">\n<div class=\"accordion-toggle__trigger js-accordion-toggle\">Di\u011fer<\/div>\n<div class=\"accordion-toggle__inner\">\n<div class=\"accordion-toggle__group\">\n<div class=\"spec-table\">\n<div class=\"table-row\">\n<div class=\"table-head\">\n<h5>Garanti<\/h5>\n<\/div>\n<div class=\"table-cell\">24\u00a0Aylar\u00a0servis merkezinde<\/div>\n<\/div>\n<\/div>\n<\/div>\n<\/div>\n<\/div>\n<\/div>\n<\/div>\n<\/div>\n<\/div>\n<\/div>\n<\/div>\n","protected":false},"excerpt":{"rendered":"<p>Scanning up to 40 pages per minute, this efficient and reliable device meets the needs of medium and large businesses<\/p>\n","protected":false},"featured_media":32289,"comment_status":"open","ping_status":"closed","template":"","meta":[],"product_brand":[],"product_cat":[42],"product_tag":[],"berocket_brand":[41],"class_list":{"0":"post-32288","1":"product","2":"type-product","3":"status-publish","4":"has-post-thumbnail","6":"product_cat-tarayici","7":"berocket_brand-epson","9":"first","10":"instock","11":"shipping-taxable","12":"product-type-simple"},"_links":{"self":[{"href":"https:\/\/inksistem.com.tr\/b2b\/wp-json\/wp\/v2\/product\/32288","targetHints":{"allow":["GET"]}}],"collection":[{"href":"https:\/\/inksistem.com.tr\/b2b\/wp-json\/wp\/v2\/product"}],"about":[{"href":"https:\/\/inksistem.com.tr\/b2b\/wp-json\/wp\/v2\/types\/product"}],"replies":[{"embeddable":true,"href":"https:\/\/inksistem.com.tr\/b2b\/wp-json\/wp\/v2\/comments?post=32288"}],"wp:featuredmedia":[{"embeddable":true,"href":"https:\/\/inksistem.com.tr\/b2b\/wp-json\/wp\/v2\/media\/32289"}],"wp:attachment":[{"href":"https:\/\/inksistem.com.tr\/b2b\/wp-json\/wp\/v2\/media?parent=32288"}],"wp:term":[{"taxonomy":"product_brand","embeddable":true,"href":"https:\/\/inksistem.com.tr\/b2b\/wp-json\/wp\/v2\/product_brand?post=32288"},{"taxonomy":"product_cat","embeddable":true,"href":"https:\/\/inksistem.com.tr\/b2b\/wp-json\/wp\/v2\/product_cat?post=32288"},{"taxonomy":"product_tag","embeddable":true,"href":"https:\/\/inksistem.com.tr\/b2b\/wp-json\/wp\/v2\/product_tag?post=32288"},{"taxonomy":"berocket_brand","embeddable":true,"href":"https:\/\/inksistem.com.tr\/b2b\/wp-json\/wp\/v2\/berocket_brand?post=32288"}],"curies":[{"name":"wp","href":"https:\/\/api.w.org\/{rel}","templated":true}]}}