{"id":32315,"date":"2023-12-26T10:08:34","date_gmt":"2023-12-26T07:08:34","guid":{"rendered":"http:\/\/inksistem.com.tr\/b2b\/?post_type=product&#038;p=32315"},"modified":"2023-12-26T10:08:34","modified_gmt":"2023-12-26T07:08:34","slug":"eb-pu2116w","status":"publish","type":"product","link":"https:\/\/inksistem.com.tr\/b2b\/urun\/eb-pu2116w\/","title":{"rendered":"EB-PU2116W"},"content":{"rendered":"<div class=\"tab-panel__section tab-panel__section--full-width js-tab-panel-section\" data-section=\"overview\" data-sticky-header-anchor=\"overview\">\n<div class=\"tab-panel__section-inner\">\n<div class=\"tab-panel__section-content\">\n<div class=\"product-overview\">\n<div class=\"product-overview__section\">\n<div class=\"product-overview__section-content\">\n<div class=\"product-overview__description product-overview__description--neon\">\n<div>\n<div class=\"heading1\">\n<h4>Kompakt ve hafif<\/h4>\n<p>Daha az a\u011f\u0131rl\u0131k ve boyutlar\u0131 ile projeksiyon cihazlar\u0131n\u0131n daha kolay depolanmas\u0131, ta\u015f\u0131nmas\u0131 ve kurulumu sa\u011flanarak hem depo alan\u0131ndan hem de i\u015f\u00e7ilik ve teslimat maliyetlerinden tasarruf elde edilir.<\/p>\n<\/div>\n<div class=\"heading2\">\n<h4>Ola\u011fan\u00fcst\u00fc g\u00f6r\u00fcnt\u00fc kalitesi<\/h4>\n<p>Bu y\u00fcksek l\u00fcmenli 3LCD projeksiyon cihaz\u0131, zengin dokular ve daha keskin g\u00f6r\u00fcnt\u00fcler i\u00e7in 4K geli\u015ftirme ve HDR ile WUXGA \u00e7\u00f6z\u00fcn\u00fcrl\u00fck sunar.<\/p>\n<\/div>\n<div class=\"heading3\">\n<h4>Esneklik<\/h4>\n<p>EB-PU2116W modelinin i\u015flevselli\u011fi basit kurulum, istifleme, lens esnekli\u011fi ve kontrol sa\u011flar. Bu model, harici bir bilgisayar donan\u0131m\u0131na gerek olmadan, parlakl\u0131\u011f\u0131 iki kat\u0131na \u00e7\u0131karmak \u00fczere desteklenen iki projeksiyonun birle\u015ftirilebilmesi amac\u0131yla, bilgisayars\u0131z istifleme i\u00e7in dahili i\u015flemenin kullan\u0131m\u0131na olanak tan\u0131r.<\/p>\n<\/div>\n<div class=\"heading4\">\n<h4>G\u00fcvenilirlik<\/h4>\n<p>Hava ge\u00e7irmez bir \u015fekilde kapat\u0131lm\u0131\u015f optik motor ve lazer \u0131\u015f\u0131k kayna\u011f\u0131 \u00fcnitesi olarak ola\u011fan\u00fcst\u00fc toz direncine sahiptir ve y\u00fcksek tozlu ortamlarda bile uzun s\u00fcreler boyunca kararl\u0131 parlakl\u0131kta projeksiyon sa\u011flar.<\/p>\n<\/div>\n<\/div>\n<\/div>\n<\/div>\n<\/div>\n<div class=\"product-overview__section product-overview__section--features\">\n<h2 class=\"product-overview__section-title\">Temel \u00d6zellikler<\/h2>\n<div class=\"product-overview__section-content\">\n<div class=\"product-overview__features\">\n<div class=\"blockdown description\">\n<ul class=\"features\">\n<li><strong>Ultra hafif ve kompakt<\/strong>\u00a0Kolay depolama, ta\u015f\u0131ma ve kurulum<\/li>\n<li><strong>\u00c7arp\u0131c\u0131 g\u00f6r\u00fcnt\u00fc g\u00f6sterimleri<\/strong>\u00a016.000 lm, 4K Geli\u015ftirme teknolojisi, WUXGA \u00e7\u00f6z\u00fcn\u00fcrl\u00fck<\/li>\n<li><strong>Kolay kullan\u0131m<\/strong>\u00a0Basit kurulum, istifleme, lens esnekli\u011fi ve kontrol<\/li>\n<li><strong>\u00c7al\u0131\u015ft\u0131r ve unut g\u00fcvenilirli\u011fi<\/strong>\u00a0Geli\u015fmi\u015f toza kar\u015f\u0131 diren\u00e7li yap\u0131 &#8211; IP5X sertifikal\u0131<\/li>\n<li><strong>\u00c7evresel faydalar<\/strong>\u00a0Daha az g\u00fc\u00e7 t\u00fcketimi, daha az ambalaj, daha az a\u011f\u0131rl\u0131k<\/li>\n<\/ul>\n<\/div>\n<\/div>\n<\/div>\n<\/div>\n<div class=\"product-overview__section\">\n<h2 class=\"product-overview__section-title\">Ek bilgileri indir<\/h2>\n<div class=\"product-overview__section-content\">\n<div class=\"product-overview__datasheets\">\n<div class=\"product-overview__datasheet\"><strong class=\"product-overview__datasheet-title\">EB-PU2116W Veri Sayfas\u0131\/Bro\u015f\u00fcr<\/strong><a class=\"btn btn-link btn-link--small btn-link--no-padding product-overview__datasheet-cta\" href=\"https:\/\/neon.epson-europe.com\/content\/open\/datasheet.php?id=34368&amp;cc=TR&amp;lc=tr\" aria-label=\"\" data-layer-track=\"download_interaction\" data-layer-on=\"click\" data-layer-name=\"Download EB-PU2116W Veri Sayfas\u0131\/Bro\u015f\u00fcr\" data-layer-data=\"{ \n    &quot;file_format&quot;: &quot;&quot;, \n    &quot;file_name&quot;: &quot;EB-PU2116W Veri Sayfas\u0131\/Bro\u015f\u00fcr&quot;, \n    &quot;file_type&quot;: &quot;DATASHEET&quot;, \n    &quot;related_product_id&quot;: &quot;34368&quot;, \n    &quot;related_product_name&quot;: &quot;EB-PU2116W&quot;,\n    &quot;asset_id&quot;: &quot;autodatasheet&quot;\n  }\">PDF<\/a><\/div>\n<div class=\"product-overview__datasheet\"><strong class=\"product-overview__datasheet-title\">Signage projector solutions<\/strong><a class=\"btn btn-link btn-link--small btn-link--no-padding product-overview__datasheet-cta\" href=\"https:\/\/epsonemear.a.bigcontent.io\/v1\/static\/a15379-brochure-lores-tr-tr-signage_projector_solutions\" aria-label=\"\" data-layer-track=\"download_interaction\" data-layer-on=\"click\" data-layer-name=\"Download Signage projector solutions\" data-layer-data=\"{ \n    &quot;file_format&quot;: &quot;&quot;, \n    &quot;file_name&quot;: &quot;Signage projector solutions&quot;, \n    &quot;file_type&quot;: &quot;BROCHURE&quot;, \n    &quot;related_product_id&quot;: &quot;34368&quot;, \n    &quot;related_product_name&quot;: &quot;EB-PU2116W&quot;,\n    &quot;asset_id&quot;: &quot;82d2d9e5-1126-4adb-ac18-5b7b000299b0&quot;\n  }\">PDF<\/a><\/div>\n<div class=\"product-overview__datasheet\"><strong class=\"product-overview__datasheet-title\">Display solutions product guide<\/strong><a class=\"btn btn-link btn-link--small btn-link--no-padding product-overview__datasheet-cta\" href=\"https:\/\/epsonemear.a.bigcontent.io\/v1\/static\/a15419-brochure-hires-tr-tr-display_solutions_product_guide_2023_rnp\" aria-label=\"\" data-layer-track=\"download_interaction\" data-layer-on=\"click\" data-layer-name=\"Download Display solutions product guide\" data-layer-data=\"{ \n    &quot;file_format&quot;: &quot;&quot;, \n    &quot;file_name&quot;: &quot;Display solutions product guide&quot;, \n    &quot;file_type&quot;: &quot;BROCHURE&quot;, \n    &quot;related_product_id&quot;: &quot;34368&quot;, \n    &quot;related_product_name&quot;: &quot;EB-PU2116W&quot;,\n    &quot;asset_id&quot;: &quot;a3f99a01-c246-431f-be85-7c69b629fab7&quot;\n  }\">PDF<\/a><\/div>\n<div class=\"product-overview__datasheet\"><strong class=\"product-overview__datasheet-title\">Display solutions product guide<\/strong><a class=\"btn btn-link btn-link--small btn-link--no-padding product-overview__datasheet-cta\" href=\"https:\/\/epsonemear.a.bigcontent.io\/v1\/static\/a15419-brochure-lores-tr-tr-display_solutions_product_guide_2023_rnf\" aria-label=\"\" data-layer-track=\"download_interaction\" data-layer-on=\"click\" data-layer-name=\"Download Display solutions product guide\" data-layer-data=\"{ \n    &quot;file_format&quot;: &quot;&quot;, \n    &quot;file_name&quot;: &quot;Display solutions product guide&quot;, \n    &quot;file_type&quot;: &quot;BROCHURE&quot;, \n    &quot;related_product_id&quot;: &quot;34368&quot;, \n    &quot;related_product_name&quot;: &quot;EB-PU2116W&quot;,\n    &quot;asset_id&quot;: &quot;8089cb43-95e3-4640-81f5-93f1858c22d4&quot;\n  }\">PDF<\/a><\/div>\n<\/div>\n<\/div>\n<\/div>\n<\/div>\n<\/div>\n<\/div>\n<\/div>\n<div class=\"tab-panel__section js-tab-panel-section\" data-section=\"tech-specs\" data-sticky-header-anchor=\"tech-specs\">\n<div class=\"tab-panel__section-inner\">\n<h3 class=\"tab-panel__section-title tab-panel__section-title--always-visible\">Teknik \u00d6zellikler<\/h3>\n<div class=\"tab-panel__section-content\">\n<div class=\"tech-specs\">\n<div class=\"tech-specs__intro\">\n<div class=\"tech-specs__description\">\u00dcr\u00fcn \u00f6zellikleri ve teknik \u00f6zellikler \u00f6nceden bildirimde bulunmaks\u0131z\u0131n de\u011fi\u015ftirilebilir<\/div>\n<\/div>\n<div class=\"tech-specs__accordion\">\n<div class=\"accordion-toggle accordion-toggle--product accordion-toggle--all js-accordion\">\n<div class=\"accordion-toggle__content js-accordion-content accordion-toggle__content--opened\">\n<div class=\"accordion-toggle__trigger js-accordion-toggle\">Teknoloji<\/div>\n<div class=\"accordion-toggle__inner\">\n<div class=\"accordion-toggle__group\">\n<div class=\"spec-table\">\n<div class=\"table-row\">\n<div class=\"table-head\">\n<h5>Projeksiyon Sistemi<\/h5>\n<\/div>\n<div class=\"table-cell\">3LCD Teknolojisi<\/div>\n<\/div>\n<\/div>\n<div class=\"spec-table\">\n<div class=\"table-row\">\n<div class=\"table-head\">\n<h5>LCD Panel<\/h5>\n<\/div>\n<div class=\"table-cell\">1,03\u00a0in\u00e7 ile C2 Fine<\/div>\n<\/div>\n<\/div>\n<\/div>\n<\/div>\n<\/div>\n<div class=\"accordion-toggle__content js-accordion-content accordion-toggle__content--opened\">\n<div class=\"accordion-toggle__trigger js-accordion-toggle\">G\u00f6r\u00fcnt\u00fc<\/div>\n<div class=\"accordion-toggle__inner\">\n<div class=\"accordion-toggle__group\">\n<div class=\"spec-table\">\n<div class=\"table-row\">\n<div class=\"table-head\">\n<h5>Renkli I\u015f\u0131k \u00c7\u0131k\u0131\u015f\u0131<\/h5>\n<\/div>\n<div class=\"table-cell\">16.000\u00a0l\u00fcmen- 11.200\u00a0l\u00fcmen\u00a0(tasarruf) IDMS15.4 uyar\u0131nca<\/div>\n<\/div>\n<\/div>\n<div class=\"spec-table\">\n<div class=\"table-row\">\n<div class=\"table-head\">\n<h5>Beyaz I\u015f\u0131k \u00c7\u0131k\u0131\u015f\u0131<\/h5>\n<\/div>\n<div class=\"table-cell\">16.000\u00a0l\u00fcmen &#8211; 11.200\u00a0l\u00fcmen\u00a0(tasarruf) In accordance with ISO 21118:2020<\/div>\n<\/div>\n<\/div>\n<div class=\"spec-table\">\n<div class=\"table-row\">\n<div class=\"table-head\">\n<h5>\u00c7\u00f6z\u00fcn\u00fcrl\u00fck<\/h5>\n<\/div>\n<div class=\"table-cell\">WUXGA<\/div>\n<\/div>\n<\/div>\n<div class=\"spec-table\">\n<div class=\"table-row\">\n<div class=\"table-head\">\n<h5>Y\u00fcksek Netlikli<\/h5>\n<\/div>\n<div class=\"table-cell\">4K geli\u015ftirme<\/div>\n<\/div>\n<\/div>\n<div class=\"spec-table\">\n<div class=\"table-row\">\n<div class=\"table-head\">\n<h5>En\/Boy Oran\u0131<\/h5>\n<\/div>\n<div class=\"table-cell\">16:10<\/div>\n<\/div>\n<\/div>\n<div class=\"spec-table\">\n<div class=\"table-row\">\n<div class=\"table-head\">\n<h5>Kontrast oran\u0131<\/h5>\n<\/div>\n<div class=\"table-cell\">Over 2.500.000\u00a0: 1<\/div>\n<\/div>\n<\/div>\n<div class=\"spec-table\">\n<div class=\"table-row\">\n<div class=\"table-head\">\n<h5>Native Contrast<\/h5>\n<\/div>\n<div class=\"table-cell\">2.000\u00a0: 1<\/div>\n<\/div>\n<\/div>\n<div class=\"spec-table\">\n<div class=\"table-row\">\n<div class=\"table-head\">\n<h5>I\u015f\u0131k kayna\u011f\u0131<\/h5>\n<\/div>\n<div class=\"table-cell\">Lazer<\/div>\n<\/div>\n<\/div>\n<div class=\"spec-table\">\n<div class=\"table-row\">\n<div class=\"table-head\">\n<h5>I\u015f\u0131k kayna\u011f\u0131<\/h5>\n<\/div>\n<div class=\"table-cell\">20.000\u00a0Saat\u00a0Durability High, 30.000\u00a0Saat\u00a0Durability Eco<\/div>\n<\/div>\n<\/div>\n<div class=\"spec-table\">\n<div class=\"table-row\">\n<div class=\"table-head\">\n<h5>Video d\u00fczenleme<\/h5>\n<\/div>\n<div class=\"table-cell\">10\u00a0Bit<\/div>\n<\/div>\n<\/div>\n<div class=\"spec-table\">\n<div class=\"table-row\">\n<div class=\"table-head\">\n<h5>Renk Reprod\u00fcksiyonu<\/h5>\n<\/div>\n<div class=\"table-cell\">1,07 milyara kadar renk<\/div>\n<\/div>\n<\/div>\n<div class=\"spec-table\">\n<div class=\"table-row\">\n<div class=\"table-head\">\n<h5>HDR support<\/h5>\n<\/div>\n<div class=\"table-cell\">HDR10, HLG<\/div>\n<\/div>\n<\/div>\n<\/div>\n<\/div>\n<\/div>\n<div class=\"accordion-toggle__content js-accordion-content accordion-toggle__content--opened\">\n<div class=\"accordion-toggle__trigger js-accordion-toggle\">Optik<\/div>\n<div class=\"accordion-toggle__inner\">\n<div class=\"accordion-toggle__group\">\n<div class=\"spec-table\">\n<div class=\"table-row\">\n<div class=\"table-head\">\n<h5>Projeksiyon oran\u0131<\/h5>\n<\/div>\n<div class=\"table-cell\">0,35 &#8211; 7,41:1<\/div>\n<\/div>\n<\/div>\n<div class=\"spec-table\">\n<div class=\"table-row\">\n<div class=\"table-head\">\n<h5>Yak\u0131nla\u015ft\u0131rma<\/h5>\n<\/div>\n<div class=\"table-cell\">Motorized, Factor:\u00a01 &#8211; 1,6<\/div>\n<\/div>\n<\/div>\n<div class=\"spec-table\">\n<div class=\"table-row\">\n<div class=\"table-head\">\n<h5>Lens<\/h5>\n<\/div>\n<div class=\"table-cell\">varies by lens<\/div>\n<\/div>\n<\/div>\n<div class=\"spec-table\">\n<div class=\"table-row\">\n<div class=\"table-head\">\n<h5>Mercek Kayd\u0131rma<\/h5>\n<\/div>\n<div class=\"table-cell\">Motorlu &#8211; Dikey \u00b1\u00a060\u00a0%, yatay \u00b1\u00a018\u00a0%, varies by lens<\/div>\n<\/div>\n<\/div>\n<div class=\"spec-table\">\n<div class=\"table-row\">\n<div class=\"table-head\">\n<h5>Lens position memory<\/h5>\n<\/div>\n<div class=\"table-cell\">10\u00a0positions<\/div>\n<\/div>\n<\/div>\n<div class=\"spec-table\">\n<div class=\"table-row\">\n<div class=\"table-head\">\n<h5>Projeksiyon boyutu<\/h5>\n<\/div>\n<div class=\"table-cell\">60\u00a0in\u00e7 &#8211; 1.000\u00a0in\u00e7, varies by lens<\/div>\n<\/div>\n<\/div>\n<div class=\"spec-table\">\n<div class=\"table-row\">\n<div class=\"table-head\">\n<h5>Projeksiyon mesafesi &#8211; Geni\u015f a\u00e7\u0131<\/h5>\n<\/div>\n<div class=\"table-cell\">)varies by lens<\/div>\n<\/div>\n<\/div>\n<div class=\"spec-table\">\n<div class=\"table-row\">\n<div class=\"table-head\">\n<h5>Projeksiyon mesafesi Tele a\u00e7\u0131<\/h5>\n<\/div>\n<div class=\"table-cell\">)varies by lens<\/div>\n<\/div>\n<\/div>\n<div class=\"spec-table\">\n<div class=\"table-row\">\n<div class=\"table-head\">\n<h5>Projeksiyon Lensi F Say\u0131s\u0131<\/h5>\n<\/div>\n<div class=\"table-cell\">varies by lens<\/div>\n<\/div>\n<\/div>\n<div class=\"spec-table\">\n<div class=\"table-row\">\n<div class=\"table-head\">\n<h5>Odak uzunlu\u011fu<\/h5>\n<\/div>\n<div class=\"table-cell\">varies by lens<\/div>\n<\/div>\n<\/div>\n<div class=\"spec-table\">\n<div class=\"table-row\">\n<div class=\"table-head\">\n<h5>Odak<\/h5>\n<\/div>\n<div class=\"table-cell\">Motorlu<\/div>\n<\/div>\n<\/div>\n<div class=\"spec-table\">\n<div class=\"table-row\">\n<div class=\"table-head\">\n<h5>De\u011fi\u015ftirilebilir Lensler<\/h5>\n<\/div>\n<div class=\"table-cell\">Evet<\/div>\n<\/div>\n<\/div>\n<div class=\"spec-table\">\n<div class=\"table-row\">\n<div class=\"table-head\">\n<h5>Standart Lens<\/h5>\n<\/div>\n<div class=\"table-cell\">Dahil de\u011fil<\/div>\n<\/div>\n<\/div>\n<\/div>\n<\/div>\n<\/div>\n<div class=\"accordion-toggle__content js-accordion-content accordion-toggle__content--opened\">\n<div class=\"accordion-toggle__trigger js-accordion-toggle\">Ba\u011flant\u0131 \u00f6zelli\u011fi<\/div>\n<div class=\"accordion-toggle__inner\">\n<div class=\"accordion-toggle__group\">\n<div class=\"spec-table\">\n<div class=\"table-row\">\n<div class=\"table-head\">\n<h5>Ba\u011flant\u0131lar<\/h5>\n<\/div>\n<div class=\"table-cell\">USB 2.0-A (2x), USB 2.0 Tip B (Yaln\u0131zca Servis), RS-232C, Ethernet Arabirimi (1000 Base-T\/ 100-Base TX\/ 10-Base-T), VGA giri\u015f, DVI giri\u015f, HDMI giri\u015f, HDBaseT, Jak \u00e7\u0131k\u0131\u015f\u0131, Kablosuz LAN IEEE 802.11a\/b\/g\/n (iste\u011fe ba\u011fl\u0131), Yak\u0131n \u00c7evre \u0130leti\u015fimi mevcuttur (NFC), USB content playback, Remote<\/div>\n<\/div>\n<\/div>\n<div class=\"spec-table\">\n<div class=\"table-row\">\n<div class=\"table-head\">\n<h5>A\u011f Protokol\u00fc<\/h5>\n<\/div>\n<div class=\"table-cell\">HTTPS, IPv6, SNMP, ESC\/VP.net, PJLink<\/div>\n<\/div>\n<\/div>\n<\/div>\n<\/div>\n<\/div>\n<div class=\"accordion-toggle__content js-accordion-content accordion-toggle__content--opened\">\n<div class=\"accordion-toggle__trigger js-accordion-toggle\">Geli\u015fmi\u015f \u00d6zellikler<\/div>\n<div class=\"accordion-toggle__inner\">\n<div class=\"accordion-toggle__group\">\n<div class=\"spec-table\">\n<div class=\"table-row\">\n<div class=\"table-head\">\n<h5>G\u00fcvenlik<\/h5>\n<\/div>\n<div class=\"table-cell\">Kensington korumas\u0131, G\u00fcvenlik \u00e7ubu\u011fu, Parola korumas\u0131, Kablosuz LAN birimi kilidi, Kablosuz LAN g\u00fcvenli\u011fi, Parola ile koruma<\/div>\n<\/div>\n<\/div>\n<div class=\"spec-table\">\n<div class=\"table-row\">\n<div class=\"table-head\">\n<h5>\u00d6zellikler<\/h5>\n<\/div>\n<div class=\"table-cell\">21:9 aspect ratio support, 4K geli\u015ftirme, A\/V mute, Otomatik A\u00e7\u0131lma, Otomatik kaynak arama, Do\u011frudan G\u00fc\u00e7 a\u00e7ma\/kapama, Edge Blending, Lens konumu belle\u011fi, Uzun \u0131\u015f\u0131k kayna\u011f\u0131 kullan\u0131m \u00f6mr\u00fc, OSD kopyalama i\u015flevi, Point correction, Power on button, H\u0131zl\u0131 K\u00f6\u015fe, Schedule Function, B\u00f6l\u00fcnm\u00fc\u015f Ekran \u0130\u015flevi, S\u00fcper \u00e7\u00f6z\u00fcn\u00fcrl\u00fck, Web Kontrol\u00fc, Web Uzaktan Kontrol, iProjection Uygulamas\u0131<\/div>\n<\/div>\n<\/div>\n<div class=\"spec-table\">\n<div class=\"table-row\">\n<div class=\"table-head\">\n<h5>Renk modlar\u0131<\/h5>\n<\/div>\n<div class=\"table-cell\">Sinema, Dinamik, Do\u011fal, Presentasyon (Sunum), DICOM SIM, Multi Projection, BT709<\/div>\n<\/div>\n<\/div>\n<div class=\"spec-table\">\n<div class=\"table-row\">\n<div class=\"table-head\">\n<h5>Projector control<\/h5>\n<\/div>\n<div class=\"table-cell\">via: AMX, Crestron (A\u011f), Extron<\/div>\n<\/div>\n<\/div>\n<div class=\"spec-table\">\n<div class=\"table-row\">\n<div class=\"table-head\">\n<h5>Sealed Light Source Module<\/h5>\n<\/div>\n<div class=\"table-cell\">Evet, IP5X rated<\/div>\n<\/div>\n<\/div>\n<div class=\"spec-table\">\n<div class=\"table-row\">\n<div class=\"table-head\">\n<h5>Sealed Optical Engine<\/h5>\n<\/div>\n<div class=\"table-cell\">Evet, IP5X rated<\/div>\n<\/div>\n<\/div>\n<\/div>\n<\/div>\n<\/div>\n<div class=\"accordion-toggle__content js-accordion-content accordion-toggle__content--opened\">\n<div class=\"accordion-toggle__trigger js-accordion-toggle\">Genel<\/div>\n<div class=\"accordion-toggle__inner\">\n<div class=\"accordion-toggle__group\">\n<div class=\"spec-table\">\n<div class=\"table-row\">\n<div class=\"table-head\">\n<h5>Power consumption<\/h5>\n<\/div>\n<div class=\"table-cell\">902\u00a0W\u00a0&#8211;\u00a0On mode power consumption (Normal)<br \/>\n1.083\u00a0W\u00a0(Peak), 773\u00a0W\u00a0(Eco), 0,4\u00a0W\u00a0(Energy saving standby)<\/div>\n<\/div>\n<\/div>\n<div class=\"spec-table\">\n<div class=\"table-row\">\n<div class=\"table-head\">\n<h5>Is\u0131 Da\u011f\u0131l\u0131m\u0131<\/h5>\n<\/div>\n<div class=\"table-cell\">3.682\u00a0BTU\/hour (max)<\/div>\n<\/div>\n<\/div>\n<div class=\"spec-table\">\n<div class=\"table-row\">\n<div class=\"table-head\">\n<h5>Besleme Voltaj\u0131<\/h5>\n<\/div>\n<div class=\"table-cell\">AC 200 V &#8211; 240 V, 50 Hz &#8211; 60 Hz<\/div>\n<\/div>\n<\/div>\n<div class=\"spec-table\">\n<div class=\"table-row\">\n<div class=\"table-head\">\n<h5>\u00dcr\u00fcn boyutlar\u0131<\/h5>\n<\/div>\n<div class=\"table-cell\">586\u200e\u00a0x\u00a0492\u00a0x\u00a0218\u00a0mm\u00a0(Geni\u015flik x Derinlik x Y\u00fckseklik)<\/div>\n<\/div>\n<\/div>\n<div class=\"spec-table\">\n<div class=\"table-row\">\n<div class=\"table-head\">\n<h5>\u00dcr\u00fcn a\u011f\u0131rl\u0131\u011f\u0131<\/h5>\n<\/div>\n<div class=\"table-cell\">24,3\u00a0kg<\/div>\n<\/div>\n<\/div>\n<div class=\"spec-table\">\n<div class=\"table-row\">\n<div class=\"table-head\">\n<h5>G\u00fcr\u00fclt\u00fc d\u00fczeyi<\/h5>\n<\/div>\n<div class=\"table-cell\">Normal:\u00a038\u00a0dB (A) &#8211; Ekonomi:\u00a034\u00a0dB (A)<\/div>\n<\/div>\n<\/div>\n<div class=\"spec-table\">\n<div class=\"table-row\">\n<div class=\"table-head\">\n<h5>S\u0131cakl\u0131k<\/h5>\n<\/div>\n<div class=\"table-cell\">Depolama\u00a0-10\u00b0 C &#8211; 60\u00b0 C<\/div>\n<\/div>\n<\/div>\n<div class=\"spec-table\">\n<div class=\"table-row\">\n<div class=\"table-head\">\n<h5>Hava nem oran\u0131<\/h5>\n<\/div>\n<div class=\"table-cell\">\u00c7al\u0131\u015ft\u0131rma\u00a020% &#8211; 80%, Depolama\u00a010% &#8211; 90%<\/div>\n<\/div>\n<\/div>\n<div class=\"spec-table\">\n<div class=\"table-row\">\n<div class=\"table-head\">\n<h5>Dahil edilen Yaz\u0131l\u0131m<\/h5>\n<\/div>\n<div class=\"table-cell\">Epson Creative Projection, iProjection, Epson Projector Config Tool, Epson Projector Content Manager, Epson Projector Management, Epson Projector Professional Tool<\/div>\n<\/div>\n<\/div>\n<div class=\"spec-table\">\n<div class=\"table-row\">\n<div class=\"table-head\">\n<h5>Se\u00e7enekler<\/h5>\n<\/div>\n<div class=\"table-cell\">Camera module, Ceiling mount, Kablosuz LAN birimi<\/div>\n<\/div>\n<\/div>\n<div class=\"spec-table\">\n<div class=\"table-row\">\n<div class=\"table-head\">\n<h5>Teslimat i\u00e7eri\u011fi<\/h5>\n<\/div>\n<div class=\"table-cell\">Kablo k\u0131l\u0131f\u0131, Lens connector cap, G\u00fc\u00e7 kablosu, Piller dahil Uzaktan kumanda, Kullanma k\u0131lavuzu, Garanti belgesi<\/div>\n<\/div>\n<\/div>\n<div class=\"spec-table\">\n<div class=\"table-row\">\n<div class=\"table-head\">\n<h5>Konumland\u0131rma<\/h5>\n<\/div>\n<div class=\"table-cell\">Tavan Montaj\u0131, Masa\u00fcst\u00fc, U\u00e7an \u00c7er\u00e7eve<\/div>\n<\/div>\n<\/div>\n<div class=\"spec-table\">\n<div class=\"table-row\">\n<div class=\"table-head\">\n<h5>Renk<\/h5>\n<\/div>\n<div class=\"table-cell\">Beyaz\/Siyah<\/div>\n<\/div>\n<\/div>\n<\/div>\n<\/div>\n<\/div>\n<div class=\"accordion-toggle__content js-accordion-content accordion-toggle__content--opened\">\n<div class=\"accordion-toggle__trigger js-accordion-toggle\">Di\u011fer<\/div>\n<div class=\"accordion-toggle__inner\">\n<div class=\"accordion-toggle__group\">\n<div class=\"spec-table\">\n<div class=\"table-row\">\n<div class=\"table-head\">\n<h5>Garanti<\/h5>\n<\/div>\n<div class=\"table-cell\">36\u00a0Aylar\u00a0servis merkezinde<\/div>\n<\/div>\n<\/div>\n<\/div>\n<\/div>\n<\/div>\n<\/div>\n<\/div>\n<\/div>\n<\/div>\n<\/div>\n<\/div>\n","protected":false},"excerpt":{"rendered":"<h4 class=\"buy-box__headline\">16.000 lm lazer projeksiyon cihaz\u0131<\/h4>\n<div class=\"buy-box__key-features\">\n<div class=\"blockdown description\">\n<ul class=\"features\">\n<li><strong>Ultra hafif ve kompakt<\/strong>\u00a0Kolay depolama, ta\u015f\u0131ma ve kurulum<\/li>\n<li><strong>\u00c7arp\u0131c\u0131 g\u00f6r\u00fcnt\u00fc g\u00f6sterimleri<\/strong>\u00a016.000 lm, 4K Geli\u015ftirme teknolojisi, WUXGA \u00e7\u00f6z\u00fcn\u00fcrl\u00fck<\/li>\n<li><strong>Kolay kullan\u0131m<\/strong>\u00a0Basit kurulum, istifleme, lens esnekli\u011fi ve kontrol<\/li>\n<li><strong>\u00c7al\u0131\u015ft\u0131r ve unut g\u00fcvenilirli\u011fi<\/strong>\u00a0Geli\u015fmi\u015f toza kar\u015f\u0131 diren\u00e7li yap\u0131 &#8211; IP5X sertifikal\u0131<\/li>\n<li><strong>\u00c7evresel faydalar<\/strong>\u00a0Daha az g\u00fc\u00e7 t\u00fcketimi, daha az ambalaj, daha az a\u011f\u0131rl\u0131k<\/li>\n<\/ul>\n<\/div>\n<\/div>\n","protected":false},"featured_media":32316,"comment_status":"open","ping_status":"closed","template":"","meta":[],"product_brand":[],"product_cat":[30],"product_tag":[],"berocket_brand":[41],"class_list":{"0":"post-32315","1":"product","2":"type-product","3":"status-publish","4":"has-post-thumbnail","6":"product_cat-projeksiyon","7":"berocket_brand-epson","9":"first","10":"instock","11":"shipping-taxable","12":"product-type-simple"},"_links":{"self":[{"href":"https:\/\/inksistem.com.tr\/b2b\/wp-json\/wp\/v2\/product\/32315","targetHints":{"allow":["GET"]}}],"collection":[{"href":"https:\/\/inksistem.com.tr\/b2b\/wp-json\/wp\/v2\/product"}],"about":[{"href":"https:\/\/inksistem.com.tr\/b2b\/wp-json\/wp\/v2\/types\/product"}],"replies":[{"embeddable":true,"href":"https:\/\/inksistem.com.tr\/b2b\/wp-json\/wp\/v2\/comments?post=32315"}],"wp:featuredmedia":[{"embeddable":true,"href":"https:\/\/inksistem.com.tr\/b2b\/wp-json\/wp\/v2\/media\/32316"}],"wp:attachment":[{"href":"https:\/\/inksistem.com.tr\/b2b\/wp-json\/wp\/v2\/media?parent=32315"}],"wp:term":[{"taxonomy":"product_brand","embeddable":true,"href":"https:\/\/inksistem.com.tr\/b2b\/wp-json\/wp\/v2\/product_brand?post=32315"},{"taxonomy":"product_cat","embeddable":true,"href":"https:\/\/inksistem.com.tr\/b2b\/wp-json\/wp\/v2\/product_cat?post=32315"},{"taxonomy":"product_tag","embeddable":true,"href":"https:\/\/inksistem.com.tr\/b2b\/wp-json\/wp\/v2\/product_tag?post=32315"},{"taxonomy":"berocket_brand","embeddable":true,"href":"https:\/\/inksistem.com.tr\/b2b\/wp-json\/wp\/v2\/berocket_brand?post=32315"}],"curies":[{"name":"wp","href":"https:\/\/api.w.org\/{rel}","templated":true}]}}