{"id":32321,"date":"2023-12-26T10:13:56","date_gmt":"2023-12-26T07:13:56","guid":{"rendered":"http:\/\/inksistem.com.tr\/b2b\/?post_type=product&#038;p=32321"},"modified":"2023-12-26T10:13:57","modified_gmt":"2023-12-26T07:13:57","slug":"eb-pu2010w","status":"publish","type":"product","link":"https:\/\/inksistem.com.tr\/b2b\/urun\/eb-pu2010w\/","title":{"rendered":"EB-PU2010W"},"content":{"rendered":"<div class=\"tab-panel__section tab-panel__section--full-width js-tab-panel-section\" data-section=\"overview\" data-sticky-header-anchor=\"overview\">\n<div class=\"tab-panel__section-inner\">\n<div class=\"tab-panel__section-content\">\n<div class=\"product-overview\">\n<div class=\"product-overview__section product-overview__section--features\">\n<h2 class=\"product-overview__section-title\">Temel \u00d6zellikler<\/h2>\n<div class=\"product-overview__section-content\">\n<div class=\"product-overview__features\">\n<div class=\"blockdown description\">\n<ul class=\"features\">\n<li><strong>Kompakt ve hafif<\/strong>\u00a0Sade ve ta\u015f\u0131nmas\u0131 kolay<\/li>\n<li><strong>Lens deste\u011fi<\/strong>\u00a0\u00c7e\u015fitli Epson de\u011fi\u015ftirilebilir lenslerini destekler<\/li>\n<li><strong>Geli\u015fmi\u015f tasar\u0131m<\/strong>\u00a0Kolay, basit ve fark yaratan tasar\u0131m.<\/li>\n<li><strong>G\u00f6r\u00fcnt\u00fc kalitesi<\/strong>\u00a010.000 l\u00fcmen, 3LCD, 4K y\u00fckseltme ile WUXGA \u00e7\u00f6z\u00fcn\u00fcrl\u00fck<\/li>\n<li><strong>Geli\u015fmi\u015f kurulum ara\u00e7lar\u0131<\/strong>\u00a0Bir dizi \u00fccretsiz yaz\u0131l\u0131m arac\u0131 ve iste\u011fe ba\u011fl\u0131 harici kamera mod\u00fcl\u00fc<\/li>\n<\/ul>\n<\/div>\n<\/div>\n<\/div>\n<\/div>\n<div class=\"product-overview__section\">\n<h2 class=\"product-overview__section-title\">Ek bilgileri indir<\/h2>\n<div class=\"product-overview__section-content\">\n<div class=\"product-overview__datasheets\">\n<div class=\"product-overview__datasheet\"><strong class=\"product-overview__datasheet-title\">EB-PU2010W Veri Sayfas\u0131\/Bro\u015f\u00fcr<\/strong><a class=\"btn btn-link btn-link--small btn-link--no-padding product-overview__datasheet-cta\" href=\"https:\/\/neon.epson-europe.com\/content\/open\/datasheet.php?id=32086&amp;cc=TR&amp;lc=tr\" aria-label=\"\" data-layer-track=\"download_interaction\" data-layer-on=\"click\" data-layer-name=\"Download EB-PU2010W Veri Sayfas\u0131\/Bro\u015f\u00fcr\" data-layer-data=\"{ \n    &quot;file_format&quot;: &quot;&quot;, \n    &quot;file_name&quot;: &quot;EB-PU2010W Veri Sayfas\u0131\/Bro\u015f\u00fcr&quot;, \n    &quot;file_type&quot;: &quot;DATASHEET&quot;, \n    &quot;related_product_id&quot;: &quot;32086&quot;, \n    &quot;related_product_name&quot;: &quot;EB-PU2010W&quot;,\n    &quot;asset_id&quot;: &quot;autodatasheet&quot;\n  }\">PDF<\/a><\/div>\n<div class=\"product-overview__datasheet\"><strong class=\"product-overview__datasheet-title\">Business display solutions range<\/strong><a class=\"btn btn-link btn-link--small btn-link--no-padding product-overview__datasheet-cta\" href=\"https:\/\/epsonemear.a.bigcontent.io\/v1\/static\/a12882-brochure-lores-tr-tr-business_display_solutions_range_rni\" aria-label=\"\" data-layer-track=\"download_interaction\" data-layer-on=\"click\" data-layer-name=\"Download Business display solutions range\" data-layer-data=\"{ \n    &quot;file_format&quot;: &quot;&quot;, \n    &quot;file_name&quot;: &quot;Business display solutions range&quot;, \n    &quot;file_type&quot;: &quot;BROCHURE&quot;, \n    &quot;related_product_id&quot;: &quot;32086&quot;, \n    &quot;related_product_name&quot;: &quot;EB-PU2010W&quot;,\n    &quot;asset_id&quot;: &quot;8cb36627-b24a-47a5-9f62-2db6e3e10ed1&quot;\n  }\">PDF<\/a><\/div>\n<div class=\"product-overview__datasheet\"><strong class=\"product-overview__datasheet-title\">Signage projector solutions<\/strong><a class=\"btn btn-link btn-link--small btn-link--no-padding product-overview__datasheet-cta\" href=\"https:\/\/epsonemear.a.bigcontent.io\/v1\/static\/a15379-brochure-lores-tr-tr-signage_projector_solutions\" aria-label=\"\" data-layer-track=\"download_interaction\" data-layer-on=\"click\" data-layer-name=\"Download Signage projector solutions\" data-layer-data=\"{ \n    &quot;file_format&quot;: &quot;&quot;, \n    &quot;file_name&quot;: &quot;Signage projector solutions&quot;, \n    &quot;file_type&quot;: &quot;BROCHURE&quot;, \n    &quot;related_product_id&quot;: &quot;32086&quot;, \n    &quot;related_product_name&quot;: &quot;EB-PU2010W&quot;,\n    &quot;asset_id&quot;: &quot;82d2d9e5-1126-4adb-ac18-5b7b000299b0&quot;\n  }\">PDF<\/a><\/div>\n<div class=\"product-overview__datasheet\"><strong class=\"product-overview__datasheet-title\">Display solutions product guide<\/strong><a class=\"btn btn-link btn-link--small btn-link--no-padding product-overview__datasheet-cta\" href=\"https:\/\/epsonemear.a.bigcontent.io\/v1\/static\/a15419-brochure-hires-tr-tr-display_solutions_product_guide_2023_rnp\" aria-label=\"\" data-layer-track=\"download_interaction\" data-layer-on=\"click\" data-layer-name=\"Download Display solutions product guide\" data-layer-data=\"{ \n    &quot;file_format&quot;: &quot;&quot;, \n    &quot;file_name&quot;: &quot;Display solutions product guide&quot;, \n    &quot;file_type&quot;: &quot;BROCHURE&quot;, \n    &quot;related_product_id&quot;: &quot;32086&quot;, \n    &quot;related_product_name&quot;: &quot;EB-PU2010W&quot;,\n    &quot;asset_id&quot;: &quot;a3f99a01-c246-431f-be85-7c69b629fab7&quot;\n  }\">PDF<\/a><\/div>\n<div class=\"product-overview__datasheet\"><strong class=\"product-overview__datasheet-title\">Display solutions product guide<\/strong><a class=\"btn btn-link btn-link--small btn-link--no-padding product-overview__datasheet-cta\" href=\"https:\/\/epsonemear.a.bigcontent.io\/v1\/static\/a15419-brochure-lores-tr-tr-display_solutions_product_guide_2023_rnf\" aria-label=\"\" data-layer-track=\"download_interaction\" data-layer-on=\"click\" data-layer-name=\"Download Display solutions product guide\" data-layer-data=\"{ \n    &quot;file_format&quot;: &quot;&quot;, \n    &quot;file_name&quot;: &quot;Display solutions product guide&quot;, \n    &quot;file_type&quot;: &quot;BROCHURE&quot;, \n    &quot;related_product_id&quot;: &quot;32086&quot;, \n    &quot;related_product_name&quot;: &quot;EB-PU2010W&quot;,\n    &quot;asset_id&quot;: &quot;8089cb43-95e3-4640-81f5-93f1858c22d4&quot;\n  }\">PDF<\/a><\/div>\n<div class=\"product-overview__datasheet\"><strong class=\"product-overview__datasheet-title\">Business display range<\/strong><a class=\"btn btn-link btn-link--small btn-link--no-padding product-overview__datasheet-cta\" href=\"https:\/\/epsonemear.a.bigcontent.io\/v1\/static\/a15473-brochure-lores-tr-tr-business_display_solutions_range\" aria-label=\"\" data-layer-track=\"download_interaction\" data-layer-on=\"click\" data-layer-name=\"Download Business display range \" data-layer-data=\"{ \n    &quot;file_format&quot;: &quot;&quot;, \n    &quot;file_name&quot;: &quot;Business display range &quot;, \n    &quot;file_type&quot;: &quot;BROCHURE&quot;, \n    &quot;related_product_id&quot;: &quot;32086&quot;, \n    &quot;related_product_name&quot;: &quot;EB-PU2010W&quot;,\n    &quot;asset_id&quot;: &quot;0d7c988e-56cf-40c7-aa76-e98cb9e80423&quot;\n  }\">PDF<\/a><\/div>\n<\/div>\n<\/div>\n<\/div>\n<\/div>\n<\/div>\n<\/div>\n<\/div>\n<div class=\"tab-panel__section js-tab-panel-section\" data-section=\"tech-specs\" data-sticky-header-anchor=\"tech-specs\">\n<div class=\"tab-panel__section-inner\">\n<h3 class=\"tab-panel__section-title tab-panel__section-title--always-visible\">Teknik \u00d6zellikler<\/h3>\n<div class=\"tab-panel__section-content\">\n<div class=\"tech-specs\">\n<div class=\"tech-specs__intro\">\n<div class=\"tech-specs__description\">\u00dcr\u00fcn \u00f6zellikleri ve teknik \u00f6zellikler \u00f6nceden bildirimde bulunmaks\u0131z\u0131n de\u011fi\u015ftirilebilir<\/div>\n<div class=\"tech-specs__humidity-disclaimer\">Tavana veya duvara as\u0131l\u0131 bir projeksiyonun a\u011f\u0131r ya\u011f duman\u0131, b\u00fcy\u00fck miktarda duman veya baloncuk kullan\u0131lan sahnelerde kurulmas\u0131, \u00fcr\u00fcnlerimizin baz\u0131 par\u00e7alar\u0131n\u0131 malzeme bozulmas\u0131na duyarl\u0131 hale getirebilir. Ayn\u0131 durum, ya\u011flar\u0131n veya kimyasallar\u0131n u\u00e7ucu hale geldi\u011fi ya da aromatik ya\u011flar\u0131n s\u0131kl\u0131kla yand\u0131\u011f\u0131 yerlerdeki kullan\u0131mlarda da olu\u015fabilir. Par\u00e7alar zamanla k\u0131r\u0131labilir ve projekt\u00f6r\u00fcn tavandan d\u00fc\u015fmesine neden olabilir.<\/p>\n<p>Projeksiyonunuzun kurulu oldu\u011fu ortam hakk\u0131nda endi\u015feleriniz veya sorular\u0131n\u0131z varsa, l\u00fctfen ek yard\u0131m sunabilecek olan destek departman\u0131m\u0131zla ileti\u015fim kurunuz.<\/p><\/div>\n<\/div>\n<div class=\"tech-specs__accordion\">\n<div class=\"accordion-toggle accordion-toggle--product accordion-toggle--all js-accordion\">\n<div class=\"accordion-toggle__content js-accordion-content accordion-toggle__content--opened\">\n<div class=\"accordion-toggle__trigger js-accordion-toggle\">Teknoloji<\/div>\n<div class=\"accordion-toggle__inner\">\n<div class=\"accordion-toggle__group\">\n<div class=\"spec-table\">\n<div class=\"table-row\">\n<div class=\"table-head\">\n<h5>Projeksiyon Sistemi<\/h5>\n<\/div>\n<div class=\"table-cell\">3LCD Teknolojisi, RGB s\u0131v\u0131 kristal deklan\u015f\u00f6r<\/div>\n<\/div>\n<\/div>\n<div class=\"spec-table\">\n<div class=\"table-row\">\n<div class=\"table-head\">\n<h5>LCD Panel<\/h5>\n<\/div>\n<div class=\"table-cell\">1,03\u00a0in\u00e7 ile C2 Fine<\/div>\n<\/div>\n<\/div>\n<\/div>\n<\/div>\n<\/div>\n<div class=\"accordion-toggle__content js-accordion-content accordion-toggle__content--opened\">\n<div class=\"accordion-toggle__trigger js-accordion-toggle\">G\u00f6r\u00fcnt\u00fc<\/div>\n<div class=\"accordion-toggle__inner\">\n<div class=\"accordion-toggle__group\">\n<div class=\"spec-table\">\n<div class=\"table-row\">\n<div class=\"table-head\">\n<h5>Renkli I\u015f\u0131k \u00c7\u0131k\u0131\u015f\u0131<\/h5>\n<\/div>\n<div class=\"table-cell\">10.000\u00a0l\u00fcmen- 7.000\u00a0l\u00fcmen\u00a0(tasarruf) IDMS15.4 uyar\u0131nca<\/div>\n<\/div>\n<\/div>\n<div class=\"spec-table\">\n<div class=\"table-row\">\n<div class=\"table-head\">\n<h5>Beyaz I\u015f\u0131k \u00c7\u0131k\u0131\u015f\u0131<\/h5>\n<\/div>\n<div class=\"table-cell\">10.000\u00a0l\u00fcmen &#8211; 7.000\u00a0l\u00fcmen\u00a0(tasarruf) In accordance with ISO 21118:2020<\/div>\n<\/div>\n<\/div>\n<div class=\"spec-table\">\n<div class=\"table-row\">\n<div class=\"table-head\">\n<h5>Portre Renkli I\u015f\u0131k \u00c7\u0131k\u0131\u015f\u0131<\/h5>\n<\/div>\n<div class=\"table-cell\">10.000\u00a0lm<\/div>\n<\/div>\n<\/div>\n<div class=\"spec-table\">\n<div class=\"table-row\">\n<div class=\"table-head\">\n<h5>Portre Beyaz I\u015f\u0131k \u00c7\u0131k\u0131\u015f\u0131<\/h5>\n<\/div>\n<div class=\"table-cell\">10.000\u00a0lm<\/div>\n<\/div>\n<\/div>\n<div class=\"spec-table\">\n<div class=\"table-row\">\n<div class=\"table-head\">\n<h5>\u00c7\u00f6z\u00fcn\u00fcrl\u00fck<\/h5>\n<\/div>\n<div class=\"table-cell\">WUXGA<\/div>\n<\/div>\n<\/div>\n<div class=\"spec-table\">\n<div class=\"table-row\">\n<div class=\"table-head\">\n<h5>Y\u00fcksek Netlikli<\/h5>\n<\/div>\n<div class=\"table-cell\">4K geli\u015ftirme<\/div>\n<\/div>\n<\/div>\n<div class=\"spec-table\">\n<div class=\"table-row\">\n<div class=\"table-head\">\n<h5>En\/Boy Oran\u0131<\/h5>\n<\/div>\n<div class=\"table-cell\">16:10<\/div>\n<\/div>\n<\/div>\n<div class=\"spec-table\">\n<div class=\"table-row\">\n<div class=\"table-head\">\n<h5>Kontrast oran\u0131<\/h5>\n<\/div>\n<div class=\"table-cell\">Over 2.500.000\u00a0: 1<\/div>\n<\/div>\n<\/div>\n<div class=\"spec-table\">\n<div class=\"table-row\">\n<div class=\"table-head\">\n<h5>Native Contrast<\/h5>\n<\/div>\n<div class=\"table-cell\">2.000\u00a0: 1<\/div>\n<\/div>\n<\/div>\n<div class=\"spec-table\">\n<div class=\"table-row\">\n<div class=\"table-head\">\n<h5>I\u015f\u0131k kayna\u011f\u0131<\/h5>\n<\/div>\n<div class=\"table-cell\">Lazer<\/div>\n<\/div>\n<\/div>\n<div class=\"spec-table\">\n<div class=\"table-row\">\n<div class=\"table-head\">\n<h5>I\u015f\u0131k kayna\u011f\u0131<\/h5>\n<\/div>\n<div class=\"table-cell\">20.000\u00a0Saat\u00a0Durability High, 30.000\u00a0Saat\u00a0Durability Eco<\/div>\n<\/div>\n<\/div>\n<div class=\"spec-table\">\n<div class=\"table-row\">\n<div class=\"table-head\">\n<h5>Trapez D\u00fczeltimi<\/h5>\n<\/div>\n<div class=\"table-cell\">Manuel dikey: \u00b1\u00a045\u00a0\u00b0, Manuel yatay \u00b1\u00a030\u00a0\u00b0<\/div>\n<\/div>\n<\/div>\n<div class=\"spec-table\">\n<div class=\"table-row\">\n<div class=\"table-head\">\n<h5>Video d\u00fczenleme<\/h5>\n<\/div>\n<div class=\"table-cell\">10\u00a0Bit<\/div>\n<\/div>\n<\/div>\n<div class=\"spec-table\">\n<div class=\"table-row\">\n<div class=\"table-head\">\n<h5>Renk Reprod\u00fcksiyonu<\/h5>\n<\/div>\n<div class=\"table-cell\">1,07 milyara kadar renk<\/div>\n<\/div>\n<\/div>\n<div class=\"spec-table\">\n<div class=\"table-row\">\n<div class=\"table-head\">\n<h5>HDR support<\/h5>\n<\/div>\n<div class=\"table-cell\">HDR10, HLG<\/div>\n<\/div>\n<\/div>\n<\/div>\n<\/div>\n<\/div>\n<div class=\"accordion-toggle__content js-accordion-content accordion-toggle__content--opened\">\n<div class=\"accordion-toggle__trigger js-accordion-toggle\">Optik<\/div>\n<div class=\"accordion-toggle__inner\">\n<div class=\"accordion-toggle__group\">\n<div class=\"spec-table\">\n<div class=\"table-row\">\n<div class=\"table-head\">\n<h5>Projeksiyon oran\u0131<\/h5>\n<\/div>\n<div class=\"table-cell\">0,35 &#8211; 7,41:1<\/div>\n<\/div>\n<\/div>\n<div class=\"spec-table\">\n<div class=\"table-row\">\n<div class=\"table-head\">\n<h5>Yak\u0131nla\u015ft\u0131rma<\/h5>\n<\/div>\n<div class=\"table-cell\">Motorized<\/div>\n<\/div>\n<\/div>\n<div class=\"spec-table\">\n<div class=\"table-row\">\n<div class=\"table-head\">\n<h5>Lens<\/h5>\n<\/div>\n<div class=\"table-cell\">Optik<\/div>\n<\/div>\n<\/div>\n<div class=\"spec-table\">\n<div class=\"table-row\">\n<div class=\"table-head\">\n<h5>Mercek Kayd\u0131rma<\/h5>\n<\/div>\n<div class=\"table-cell\">varies by lens<\/div>\n<\/div>\n<\/div>\n<div class=\"spec-table\">\n<div class=\"table-row\">\n<div class=\"table-head\">\n<h5>Projeksiyon boyutu<\/h5>\n<\/div>\n<div class=\"table-cell\">varies by lens<\/div>\n<\/div>\n<\/div>\n<div class=\"spec-table\">\n<div class=\"table-row\">\n<div class=\"table-head\">\n<h5>Projeksiyon mesafesi &#8211; Geni\u015f a\u00e7\u0131<\/h5>\n<\/div>\n<div class=\"table-cell\">)varies by lens<\/div>\n<\/div>\n<\/div>\n<div class=\"spec-table\">\n<div class=\"table-row\">\n<div class=\"table-head\">\n<h5>Projeksiyon mesafesi Tele a\u00e7\u0131<\/h5>\n<\/div>\n<div class=\"table-cell\">)varies by lens<\/div>\n<\/div>\n<\/div>\n<div class=\"spec-table\">\n<div class=\"table-row\">\n<div class=\"table-head\">\n<h5>Projeksiyon Mesafesi Geni\u015f\/Tele<\/h5>\n<\/div>\n<div class=\"table-cell\">)varies by lens<\/div>\n<\/div>\n<\/div>\n<div class=\"spec-table\">\n<div class=\"table-row\">\n<div class=\"table-head\">\n<h5>Projeksiyon Lensi F Say\u0131s\u0131<\/h5>\n<\/div>\n<div class=\"table-cell\">varies by lens<\/div>\n<\/div>\n<\/div>\n<div class=\"spec-table\">\n<div class=\"table-row\">\n<div class=\"table-head\">\n<h5>Odak uzunlu\u011fu<\/h5>\n<\/div>\n<div class=\"table-cell\">varies by lens<\/div>\n<\/div>\n<\/div>\n<div class=\"spec-table\">\n<div class=\"table-row\">\n<div class=\"table-head\">\n<h5>Odak<\/h5>\n<\/div>\n<div class=\"table-cell\">Motorlu<\/div>\n<\/div>\n<\/div>\n<div class=\"spec-table\">\n<div class=\"table-row\">\n<div class=\"table-head\">\n<h5>Ofset<\/h5>\n<\/div>\n<div class=\"table-cell\">varies by lens<\/div>\n<\/div>\n<\/div>\n<div class=\"spec-table\">\n<div class=\"table-row\">\n<div class=\"table-head\">\n<h5>De\u011fi\u015ftirilebilir Lensler<\/h5>\n<\/div>\n<div class=\"table-cell\">Evet<\/div>\n<\/div>\n<\/div>\n<div class=\"spec-table\">\n<div class=\"table-row\">\n<div class=\"table-head\">\n<h5>Standart Lens<\/h5>\n<\/div>\n<div class=\"table-cell\">Dahil de\u011fil<\/div>\n<\/div>\n<\/div>\n<\/div>\n<\/div>\n<\/div>\n<div class=\"accordion-toggle__content js-accordion-content accordion-toggle__content--opened\">\n<div class=\"accordion-toggle__trigger js-accordion-toggle\">Ba\u011flant\u0131 \u00f6zelli\u011fi<\/div>\n<div class=\"accordion-toggle__inner\">\n<div class=\"accordion-toggle__group\">\n<div class=\"spec-table\">\n<div class=\"table-row\">\n<div class=\"table-head\">\n<h5>Ba\u011flant\u0131lar<\/h5>\n<\/div>\n<div class=\"table-cell\">USB 2.0-A (2x), USB 2.0 Tip B (Yaln\u0131zca Servis), RS-232C, Ethernet arabirimi (100 Base-TX \/ 10 Base-T), Kablosuz LAN IEEE 802.11a\/b\/g\/n (iste\u011fe ba\u011fl\u0131), VGA giri\u015f, DVI giri\u015f, HDBaseT, Jak \u00e7\u0131k\u0131\u015f\u0131, HDMI (HDCP 2.3), 3G-SDI Giri\u015f, 3G-SDI \u00c7\u0131k\u0131\u015f, Yak\u0131n \u00c7evre \u0130leti\u015fimi mevcuttur (NFC), USB content playback, Remote<\/div>\n<\/div>\n<\/div>\n<div class=\"spec-table\">\n<div class=\"table-row\">\n<div class=\"table-head\">\n<h5>A\u011f Protokol\u00fc<\/h5>\n<\/div>\n<div class=\"table-cell\">HTTPS, IPv6, SNMP, ESC\/VP.net, PJLink<\/div>\n<\/div>\n<\/div>\n<\/div>\n<\/div>\n<\/div>\n<div class=\"accordion-toggle__content js-accordion-content accordion-toggle__content--opened\">\n<div class=\"accordion-toggle__trigger js-accordion-toggle\">Geli\u015fmi\u015f \u00d6zellikler<\/div>\n<div class=\"accordion-toggle__inner\">\n<div class=\"accordion-toggle__group\">\n<div class=\"spec-table\">\n<div class=\"table-row\">\n<div class=\"table-head\">\n<h5>G\u00fcvenlik<\/h5>\n<\/div>\n<div class=\"table-cell\">Kensington korumas\u0131, Kontrol paneli kilidi, Kilit deli\u011fi, G\u00fcvenlik kablosu yuvas\u0131, Kablosuz LAN birimi kilidi, Kablosuz LAN g\u00fcvenli\u011fi, Parola ile koruma<\/div>\n<\/div>\n<\/div>\n<div class=\"spec-table\">\n<div class=\"table-row\">\n<div class=\"table-head\">\n<h5>\u00d6zellikler<\/h5>\n<\/div>\n<div class=\"table-cell\">21:9 aspect ratio support, 4K geli\u015ftirme, A\/V mute, Otomatik A\u00e7\u0131lma, Otomatik kaynak arama, Do\u011frudan G\u00fc\u00e7 a\u00e7ma\/kapama, Edge Blending, Uzun \u0131\u015f\u0131k kayna\u011f\u0131 kullan\u0131m \u00f6mr\u00fc, OSD kopyalama i\u015flevi, Point correction, Power on button, H\u0131zl\u0131 K\u00f6\u015fe, Schedule Function, S\u00fcper \u00e7\u00f6z\u00fcn\u00fcrl\u00fck, Web Kontrol\u00fc, Web Uzaktan Kontrol, iProjection Uygulamas\u0131<\/div>\n<\/div>\n<\/div>\n<div class=\"spec-table\">\n<div class=\"table-row\">\n<div class=\"table-head\">\n<h5>Renk modlar\u0131<\/h5>\n<\/div>\n<div class=\"table-cell\">Sinema, Dinamik, Do\u011fal, Presentasyon (Sunum), DICOM SIM, Multi Projection, BT709<\/div>\n<\/div>\n<\/div>\n<div class=\"spec-table\">\n<div class=\"table-row\">\n<div class=\"table-head\">\n<h5>Projector control<\/h5>\n<\/div>\n<div class=\"table-cell\">via: Crestron Integrated Partner, Extron IP Link, Extron XTP, AMX Cihaz Arama<\/div>\n<\/div>\n<\/div>\n<\/div>\n<\/div>\n<\/div>\n<div class=\"accordion-toggle__content js-accordion-content accordion-toggle__content--opened\">\n<div class=\"accordion-toggle__trigger js-accordion-toggle\">Genel<\/div>\n<div class=\"accordion-toggle__inner\">\n<div class=\"accordion-toggle__group\">\n<div class=\"spec-table\">\n<div class=\"table-row\">\n<div class=\"table-head\">\n<h5>Power consumption<\/h5>\n<\/div>\n<div class=\"table-cell\">462\u00a0W\u00a0&#8211;\u00a0On mode power consumption (Normal)<br \/>\n535\u00a0W\u00a0(Peak), 452\u00a0W\u00a0(Eco), 0,5\u00a0W\u00a0(Energy saving standby)<\/div>\n<\/div>\n<\/div>\n<div class=\"spec-table\">\n<div class=\"table-row\">\n<div class=\"table-head\">\n<h5>Is\u0131 Da\u011f\u0131l\u0131m\u0131<\/h5>\n<\/div>\n<div class=\"table-cell\">1.819\u00a0BTU\/hour (max)<\/div>\n<\/div>\n<\/div>\n<div class=\"spec-table\">\n<div class=\"table-row\">\n<div class=\"table-head\">\n<h5>Besleme Voltaj\u0131<\/h5>\n<\/div>\n<div class=\"table-cell\">AC 100 V &#8211; 240 V, 50 Hz &#8211; 60 Hz<\/div>\n<\/div>\n<\/div>\n<div class=\"spec-table\">\n<div class=\"table-row\">\n<div class=\"table-head\">\n<h5>\u00dcr\u00fcn boyutlar\u0131<\/h5>\n<\/div>\n<div class=\"table-cell\">545\u200e\u00a0x\u00a0436\u00a0x\u00a0189\u00a0mm\u00a0(Geni\u015flik x Derinlik x Y\u00fckseklik)<\/div>\n<\/div>\n<\/div>\n<div class=\"spec-table\">\n<div class=\"table-row\">\n<div class=\"table-head\">\n<h5>\u00dcr\u00fcn a\u011f\u0131rl\u0131\u011f\u0131<\/h5>\n<\/div>\n<div class=\"table-cell\">16,8\u00a0kg<\/div>\n<\/div>\n<\/div>\n<div class=\"spec-table\">\n<div class=\"table-row\">\n<div class=\"table-head\">\n<h5>G\u00fcr\u00fclt\u00fc d\u00fczeyi<\/h5>\n<\/div>\n<div class=\"table-cell\">Normal:\u00a037\u00a0dB (A) &#8211; Ekonomi:\u00a030\u00a0dB (A)<\/div>\n<\/div>\n<\/div>\n<div class=\"spec-table\">\n<div class=\"table-row\">\n<div class=\"table-head\">\n<h5>S\u0131cakl\u0131k<\/h5>\n<\/div>\n<div class=\"table-cell\">Depolama\u00a0-10\u00b0 C &#8211; 60\u00b0 C<\/div>\n<\/div>\n<\/div>\n<div class=\"spec-table\">\n<div class=\"table-row\">\n<div class=\"table-head\">\n<h5>Hava nem oran\u0131<\/h5>\n<\/div>\n<div class=\"table-cell\">\u00c7al\u0131\u015ft\u0131rma\u00a020% &#8211; 80%, Depolama\u00a010% &#8211; 90%<br \/>\nTavana veya duvara as\u0131l\u0131 bir projeksiyonun a\u011f\u0131r ya\u011f duman\u0131, b\u00fcy\u00fck miktarda duman veya baloncuk kullan\u0131lan sahnelerde kurulmas\u0131, \u00fcr\u00fcnlerimizin baz\u0131 par\u00e7alar\u0131n\u0131 malzeme bozulmas\u0131na duyarl\u0131 hale getirebilir. Ayn\u0131 durum, ya\u011flar\u0131n veya kimyasallar\u0131n u\u00e7ucu hale geldi\u011fi ya da aromatik ya\u011flar\u0131n s\u0131kl\u0131kla yand\u0131\u011f\u0131 yerlerdeki kullan\u0131mlarda da olu\u015fabilir. Par\u00e7alar zamanla k\u0131r\u0131labilir ve projekt\u00f6r\u00fcn tavandan d\u00fc\u015fmesine neden olabilir.<\/p>\n<p>Projeksiyonunuzun kurulu oldu\u011fu ortam hakk\u0131nda endi\u015feleriniz veya sorular\u0131n\u0131z varsa, l\u00fctfen ek yard\u0131m sunabilecek olan destek departman\u0131m\u0131zla ileti\u015fim kurunuz.<\/p><\/div>\n<\/div>\n<\/div>\n<div class=\"spec-table\">\n<div class=\"table-row\">\n<div class=\"table-head\">\n<h5>Dahil edilen Yaz\u0131l\u0131m<\/h5>\n<\/div>\n<div class=\"table-cell\">Epson Creative Projection, iProjection, Epson Projector Config Tool, Epson Projector Content Manager, Epson Projector Management, Epson Projector Professional Tool<\/div>\n<\/div>\n<\/div>\n<div class=\"spec-table\">\n<div class=\"table-row\">\n<div class=\"table-head\">\n<h5>Se\u00e7enekler<\/h5>\n<\/div>\n<div class=\"table-cell\">Camera module, Ceiling mount, Kablosuz LAN birimi<\/div>\n<\/div>\n<\/div>\n<div class=\"spec-table\">\n<div class=\"table-row\">\n<div class=\"table-head\">\n<h5>Teslimat i\u00e7eri\u011fi<\/h5>\n<\/div>\n<div class=\"table-cell\">Kablo k\u0131l\u0131f\u0131, Lens connector cap, G\u00fc\u00e7 kablosu, Piller dahil Uzaktan kumanda, Kullan\u0131m K\u0131lavuzu Seti, Garanti belgesi<\/div>\n<\/div>\n<\/div>\n<div class=\"spec-table\">\n<div class=\"table-row\">\n<div class=\"table-head\">\n<h5>Oda T\u00fcr\u00fc \/ Uygulama<\/h5>\n<\/div>\n<div class=\"table-cell\">Toplant\u0131 Odas\u0131, B\u00fcy\u00fck Toplant\u0131 Odas\u0131\/Oditoryum, Toplant\u0131 odas\u0131\/S\u0131n\u0131f, Projeksiyon E\u015fleme (mapping), Kiralama\/Sahneleme, Tabela\/Perakende, Turistik Merkezler<\/div>\n<\/div>\n<\/div>\n<div class=\"spec-table\">\n<div class=\"table-row\">\n<div class=\"table-head\">\n<h5>Konumland\u0131rma<\/h5>\n<\/div>\n<div class=\"table-cell\">Tavan Montaj\u0131, Masa\u00fcst\u00fc, U\u00e7an \u00c7er\u00e7eve<\/div>\n<\/div>\n<\/div>\n<div class=\"spec-table\">\n<div class=\"table-row\">\n<div class=\"table-head\">\n<h5>Renk<\/h5>\n<\/div>\n<div class=\"table-cell\">Beyaz\/Siyah<\/div>\n<\/div>\n<\/div>\n<\/div>\n<\/div>\n<\/div>\n<div class=\"accordion-toggle__content js-accordion-content accordion-toggle__content--opened\">\n<div class=\"accordion-toggle__trigger js-accordion-toggle\">Di\u011fer<\/div>\n<div class=\"accordion-toggle__inner\">\n<div class=\"accordion-toggle__group\">\n<div class=\"spec-table\">\n<div class=\"table-row\">\n<div class=\"table-head\">\n<h5>Garanti<\/h5>\n<\/div>\n<div class=\"table-cell\">36\u00a0Aylar\u00a0servis merkezinde<\/div>\n<\/div>\n<\/div>\n<\/div>\n<\/div>\n<\/div>\n<\/div>\n<\/div>\n<\/div>\n<\/div>\n<\/div>\n<\/div>\n","protected":false},"excerpt":{"rendered":"<h4 class=\"buy-box__headline\">3LCD geni\u015f mekan projeksiyonu<\/h4>\n<div class=\"buy-box__key-features\">\n<div class=\"blockdown description\">\n<ul class=\"features\">\n<li><strong>Kompakt ve hafif<\/strong>\u00a0Sade ve ta\u015f\u0131nmas\u0131 kolay<\/li>\n<li><strong>Lens deste\u011fi<\/strong>\u00a0\u00c7e\u015fitli Epson de\u011fi\u015ftirilebilir lenslerini destekler<\/li>\n<li><strong>Geli\u015fmi\u015f tasar\u0131m<\/strong>\u00a0Kolay, basit ve fark yaratan tasar\u0131m.<\/li>\n<li><strong>G\u00f6r\u00fcnt\u00fc kalitesi<\/strong>\u00a010.000 l\u00fcmen, 3LCD, 4K y\u00fckseltme ile WUXGA \u00e7\u00f6z\u00fcn\u00fcrl\u00fck<\/li>\n<li><strong>Geli\u015fmi\u015f kurulum ara\u00e7lar\u0131<\/strong>\u00a0Bir dizi \u00fccretsiz yaz\u0131l\u0131m arac\u0131 ve iste\u011fe ba\u011fl\u0131 harici kamera mod\u00fcl\u00fc<\/li>\n<\/ul>\n<\/div>\n<\/div>\n","protected":false},"featured_media":32322,"comment_status":"open","ping_status":"closed","template":"","meta":[],"product_brand":[],"product_cat":[30],"product_tag":[],"berocket_brand":[41],"class_list":{"0":"post-32321","1":"product","2":"type-product","3":"status-publish","4":"has-post-thumbnail","6":"product_cat-projeksiyon","7":"berocket_brand-epson","9":"first","10":"instock","11":"shipping-taxable","12":"product-type-simple"},"_links":{"self":[{"href":"https:\/\/inksistem.com.tr\/b2b\/wp-json\/wp\/v2\/product\/32321","targetHints":{"allow":["GET"]}}],"collection":[{"href":"https:\/\/inksistem.com.tr\/b2b\/wp-json\/wp\/v2\/product"}],"about":[{"href":"https:\/\/inksistem.com.tr\/b2b\/wp-json\/wp\/v2\/types\/product"}],"replies":[{"embeddable":true,"href":"https:\/\/inksistem.com.tr\/b2b\/wp-json\/wp\/v2\/comments?post=32321"}],"wp:featuredmedia":[{"embeddable":true,"href":"https:\/\/inksistem.com.tr\/b2b\/wp-json\/wp\/v2\/media\/32322"}],"wp:attachment":[{"href":"https:\/\/inksistem.com.tr\/b2b\/wp-json\/wp\/v2\/media?parent=32321"}],"wp:term":[{"taxonomy":"product_brand","embeddable":true,"href":"https:\/\/inksistem.com.tr\/b2b\/wp-json\/wp\/v2\/product_brand?post=32321"},{"taxonomy":"product_cat","embeddable":true,"href":"https:\/\/inksistem.com.tr\/b2b\/wp-json\/wp\/v2\/product_cat?post=32321"},{"taxonomy":"product_tag","embeddable":true,"href":"https:\/\/inksistem.com.tr\/b2b\/wp-json\/wp\/v2\/product_tag?post=32321"},{"taxonomy":"berocket_brand","embeddable":true,"href":"https:\/\/inksistem.com.tr\/b2b\/wp-json\/wp\/v2\/berocket_brand?post=32321"}],"curies":[{"name":"wp","href":"https:\/\/api.w.org\/{rel}","templated":true}]}}