{"id":32331,"date":"2023-12-26T10:24:41","date_gmt":"2023-12-26T07:24:41","guid":{"rendered":"http:\/\/inksistem.com.tr\/b2b\/?post_type=product&#038;p=32331"},"modified":"2023-12-26T10:24:42","modified_gmt":"2023-12-26T07:24:42","slug":"eb-l30002u","status":"publish","type":"product","link":"https:\/\/inksistem.com.tr\/b2b\/urun\/eb-l30002u\/","title":{"rendered":"EB-L30002U"},"content":{"rendered":"<div class=\"tab-panel__section tab-panel__section--full-width js-tab-panel-section\" data-section=\"overview\" data-sticky-header-anchor=\"overview\">\n<div class=\"tab-panel__section-inner\">\n<div class=\"tab-panel__section-content\">\n<div class=\"product-overview\">\n<div class=\"product-overview__section\">\n<div class=\"product-overview__section-content\">\n<div class=\"product-overview__description product-overview__description--neon\">\n<div>\n<div class=\"heading1\">\n<h4>En parlak projeksiyon<\/h4>\n<p>30.000 l\u00fcmen ile Epson\u2019un en parlak Pro AV projeksiyon cihaz\u0131d\u0131r. Bu da kullan\u0131c\u0131lar\u0131n g\u00fc\u00e7l\u00fc sunumlar ve son derece s\u00fcr\u00fckleyici deneyimler olu\u015fturmas\u0131na imkan tan\u0131r.<\/p>\n<\/div>\n<div class=\"heading2\">\n<h4>Kompakt tasar\u0131m\u200f\u200f<\/h4>\n<p>Kompakt tasar\u0131m\u0131 sayesinde daha k\u00fc\u00e7\u00fck alanlara s\u0131\u011fd\u0131\u011f\u0131ndan, kullan\u0131c\u0131lar projeksiyonu kolayca ta\u015f\u0131yabilir, kurabilir ve depolayabilir.<\/p>\n<\/div>\n<div class=\"heading3\">\n<h4>4K uyumlu lensler<\/h4>\n<p>Epson, uzak mesafeden yans\u0131t\u0131rken bile canl\u0131 ve y\u00fcksek \u00e7\u00f6z\u00fcn\u00fcrl\u00fckl\u00fc g\u00f6r\u00fcnt\u00fc \u00fcreten farkl\u0131 lens se\u00e7enekleri sunar. Bu geni\u015f mekan projeksiyon cihaz\u0131, 4K i\u00e7erik \u00fcretmeye k\u0131yasla maliyet a\u00e7\u0131s\u0131ndan daha uygun bir se\u00e7enek olan ve \u00e7\u00f6z\u00fcn\u00fcrl\u00fc\u011f\u00fc iki kat\u0131na \u00e7\u0131karmak i\u00e7in piksel kayd\u0131rma y\u00f6ntemini kullanan, Epson\u2019un 4K Y\u00fckseltme Teknolojisine de sahiptir. EB-L30002U lenssiz sunuldu\u011fundan kullan\u0131c\u0131, ihtiyac\u0131na en uygun lensi veya lensleri se\u00e7ebilir. T\u00fcm EB-L25000U lensleri, EB-L30002U ile uyumludur<\/p>\n<\/div>\n<div class=\"heading4\">\n<h4>Mekanik obt\u00fcrat\u00f6r<\/h4>\n<p>Mekanik obt\u00fcrat\u00f6r, arka fon olu\u015fturma a\u00e7\u0131s\u0131ndan \u00f6zellikle sinema salonlar\u0131nda kullan\u0131\u015fl\u0131d\u0131r. Projeksiyon cihaz\u0131 basit bir anahtarla derhal siyaha d\u00f6n\u00fc\u015ft\u00fcr\u00fclebilir ve gerekti\u011finde tekrar a\u00e7\u0131labilir. Bu \u00f6zellik, lazer \u0131\u015f\u0131klar\u0131n\u0131n kullan\u0131ld\u0131\u011f\u0131, projeksiyon kiralanan sahne etkinliklerinde, lensleri lazerin zarar vermesine kar\u015f\u0131 korumada son derece \u00f6nemlidir.<\/p>\n<\/div>\n<\/div>\n<\/div>\n<\/div>\n<\/div>\n<div class=\"product-overview__section product-overview__section--features\">\n<h2 class=\"product-overview__section-title\">Temel \u00d6zellikler<\/h2>\n<div class=\"product-overview__section-content\">\n<div class=\"product-overview__features\">\n<div class=\"blockdown description\">\n<ul class=\"features\">\n<li><strong>Epson&#8217;un en parlak projeksiyon cihaz\u0131<\/strong>\u00a030.000 l\u00fcmen ile Epson\u2019un en parlak Pro AV projeksiyon cihaz\u0131d\u0131r.<\/li>\n<li><strong>Kompakt tasar\u0131m<\/strong>\u00a0Kolay ta\u015f\u0131ma, kurulum ve depolama<\/li>\n<li><strong>Bir\u00e7ok lens se\u00e7ene\u011fi<\/strong>\u00a0Kullan\u0131c\u0131lar\u0131n her proje i\u00e7in en uygun lensi se\u00e7mesine olanak verir<\/li>\n<li><strong>4K Zenginle\u015ftirme Teknolojisi<\/strong>\u00a0Epson 4K Zenginle\u015ftirme teknolojisi net, y\u00fcksek \u00e7\u00f6z\u00fcn\u00fcrl\u00fckl\u00fc g\u00f6r\u00fcnt\u00fcler sunar<\/li>\n<li><strong>Geli\u015fmi\u015f koruma<\/strong>\u00a0Mekanik obt\u00fcrat\u00f6r, lensi lazer darbelerinden korur<\/li>\n<\/ul>\n<\/div>\n<\/div>\n<\/div>\n<\/div>\n<\/div>\n<\/div>\n<\/div>\n<\/div>\n<div class=\"tab-panel__section js-tab-panel-section\" data-section=\"tech-specs\" data-sticky-header-anchor=\"tech-specs\">\n<div class=\"tab-panel__section-inner\">\n<h3 class=\"tab-panel__section-title tab-panel__section-title--always-visible\">Teknik \u00d6zellikler<\/h3>\n<div class=\"tab-panel__section-content\">\n<div class=\"tech-specs\">\n<div class=\"tech-specs__intro\">\n<div class=\"tech-specs__description\">\u00dcr\u00fcn \u00f6zellikleri ve teknik \u00f6zellikler \u00f6nceden bildirimde bulunmaks\u0131z\u0131n de\u011fi\u015ftirilebilir<\/div>\n<\/div>\n<div class=\"tech-specs__accordion\">\n<div class=\"accordion-toggle accordion-toggle--product accordion-toggle--all js-accordion\">\n<div class=\"accordion-toggle__content js-accordion-content accordion-toggle__content--opened\">\n<div class=\"accordion-toggle__trigger js-accordion-toggle\">Teknoloji<\/div>\n<div class=\"accordion-toggle__inner\">\n<div class=\"accordion-toggle__group\">\n<div class=\"spec-table\">\n<div class=\"table-row\">\n<div class=\"table-head\">\n<h5>Projeksiyon Sistemi<\/h5>\n<\/div>\n<div class=\"table-cell\">3LCD Teknolojisi, RGB s\u0131v\u0131 kristal deklan\u015f\u00f6r<\/div>\n<\/div>\n<\/div>\n<div class=\"spec-table\">\n<div class=\"table-row\">\n<div class=\"table-head\">\n<h5>LCD Panel<\/h5>\n<\/div>\n<div class=\"table-cell\">1,43\u00a0in\u00e7 ile C2 Fine<\/div>\n<\/div>\n<\/div>\n<\/div>\n<\/div>\n<\/div>\n<div class=\"accordion-toggle__content js-accordion-content accordion-toggle__content--opened\">\n<div class=\"accordion-toggle__trigger js-accordion-toggle\">G\u00f6r\u00fcnt\u00fc<\/div>\n<div class=\"accordion-toggle__inner\">\n<div class=\"accordion-toggle__group\">\n<div class=\"spec-table\">\n<div class=\"table-row\">\n<div class=\"table-head\">\n<h5>Renkli I\u015f\u0131k \u00c7\u0131k\u0131\u015f\u0131<\/h5>\n<\/div>\n<div class=\"table-cell\">30.000\u00a0l\u00fcmen- 20.000\u00a0l\u00fcmen\u00a0(tasarruf) IDMS15.4 uyar\u0131nca<\/div>\n<\/div>\n<\/div>\n<div class=\"spec-table\">\n<div class=\"table-row\">\n<div class=\"table-head\">\n<h5>Beyaz I\u015f\u0131k \u00c7\u0131k\u0131\u015f\u0131<\/h5>\n<\/div>\n<div class=\"table-cell\">30.000\u00a0l\u00fcmen &#8211; 20.000\u00a0l\u00fcmen\u00a0(tasarruf) ISO 21118:2012 uyar\u0131nca<\/div>\n<\/div>\n<\/div>\n<div class=\"spec-table\">\n<div class=\"table-row\">\n<div class=\"table-head\">\n<h5>Portre Renkli I\u015f\u0131k \u00c7\u0131k\u0131\u015f\u0131<\/h5>\n<\/div>\n<div class=\"table-cell\">30.000\u00a0lm<\/div>\n<\/div>\n<\/div>\n<div class=\"spec-table\">\n<div class=\"table-row\">\n<div class=\"table-head\">\n<h5>Portre Beyaz I\u015f\u0131k \u00c7\u0131k\u0131\u015f\u0131<\/h5>\n<\/div>\n<div class=\"table-cell\">30.000\u00a0lm<\/div>\n<\/div>\n<\/div>\n<div class=\"spec-table\">\n<div class=\"table-row\">\n<div class=\"table-head\">\n<h5>\u00c7\u00f6z\u00fcn\u00fcrl\u00fck<\/h5>\n<\/div>\n<div class=\"table-cell\">WUXGA<\/div>\n<\/div>\n<\/div>\n<div class=\"spec-table\">\n<div class=\"table-row\">\n<div class=\"table-head\">\n<h5>Y\u00fcksek Netlikli<\/h5>\n<\/div>\n<div class=\"table-cell\">4K geli\u015ftirme<\/div>\n<\/div>\n<\/div>\n<div class=\"spec-table\">\n<div class=\"table-row\">\n<div class=\"table-head\">\n<h5>En\/Boy Oran\u0131<\/h5>\n<\/div>\n<div class=\"table-cell\">16:10<\/div>\n<\/div>\n<\/div>\n<div class=\"spec-table\">\n<div class=\"table-row\">\n<div class=\"table-head\">\n<h5>Kontrast oran\u0131<\/h5>\n<\/div>\n<div class=\"table-cell\">Over 2.500.000\u00a0: 1<\/div>\n<\/div>\n<\/div>\n<div class=\"spec-table\">\n<div class=\"table-row\">\n<div class=\"table-head\">\n<h5>Native Contrast<\/h5>\n<\/div>\n<div class=\"table-cell\">3.500\u00a0: 1<\/div>\n<\/div>\n<\/div>\n<div class=\"spec-table\">\n<div class=\"table-row\">\n<div class=\"table-head\">\n<h5>I\u015f\u0131k kayna\u011f\u0131<\/h5>\n<\/div>\n<div class=\"table-cell\">Lazer<\/div>\n<\/div>\n<\/div>\n<div class=\"spec-table\">\n<div class=\"table-row\">\n<div class=\"table-head\">\n<h5>I\u015f\u0131k kayna\u011f\u0131<\/h5>\n<\/div>\n<div class=\"table-cell\">20.000\u00a0Saat\u00a0Durability High, 30.000\u00a0Saat\u00a0Durability Eco<\/div>\n<\/div>\n<\/div>\n<div class=\"spec-table\">\n<div class=\"table-row\">\n<div class=\"table-head\">\n<h5>Trapez D\u00fczeltimi<\/h5>\n<\/div>\n<div class=\"table-cell\">Manuel dikey: \u00b1\u00a045\u00a0\u00b0, Manuel yatay \u00b1\u00a030\u00a0\u00b0<\/div>\n<\/div>\n<\/div>\n<div class=\"spec-table\">\n<div class=\"table-row\">\n<div class=\"table-head\">\n<h5>Video d\u00fczenleme<\/h5>\n<\/div>\n<div class=\"table-cell\">10\u00a0Bit<\/div>\n<\/div>\n<\/div>\n<div class=\"spec-table\">\n<div class=\"table-row\">\n<div class=\"table-head\">\n<h5>Renk Reprod\u00fcksiyonu<\/h5>\n<\/div>\n<div class=\"table-cell\">1,07 milyara kadar renk<\/div>\n<\/div>\n<\/div>\n<\/div>\n<\/div>\n<\/div>\n<div class=\"accordion-toggle__content js-accordion-content accordion-toggle__content--opened\">\n<div class=\"accordion-toggle__trigger js-accordion-toggle\">Optik<\/div>\n<div class=\"accordion-toggle__inner\">\n<div class=\"accordion-toggle__group\">\n<div class=\"spec-table\">\n<div class=\"table-row\">\n<div class=\"table-head\">\n<h5>Yak\u0131nla\u015ft\u0131rma<\/h5>\n<\/div>\n<div class=\"table-cell\">Motorized<\/div>\n<\/div>\n<\/div>\n<div class=\"spec-table\">\n<div class=\"table-row\">\n<div class=\"table-head\">\n<h5>Lens<\/h5>\n<\/div>\n<div class=\"table-cell\">Optik, varies by lens<\/div>\n<\/div>\n<\/div>\n<div class=\"spec-table\">\n<div class=\"table-row\">\n<div class=\"table-head\">\n<h5>Mercek Kayd\u0131rma<\/h5>\n<\/div>\n<div class=\"table-cell\">Motorlu &#8211; Dikey \u00b1\u00a065\u00a0%, yatay \u00b1\u00a030\u00a0%<\/div>\n<\/div>\n<\/div>\n<div class=\"spec-table\">\n<div class=\"table-row\">\n<div class=\"table-head\">\n<h5>Lens position memory<\/h5>\n<\/div>\n<div class=\"table-cell\">10\u00a0positions<\/div>\n<\/div>\n<\/div>\n<div class=\"spec-table\">\n<div class=\"table-row\">\n<div class=\"table-head\">\n<h5>Projeksiyon boyutu<\/h5>\n<\/div>\n<div class=\"table-cell\">100\u00a0in\u00e7 &#8211; 1.000\u00a0in\u00e7<\/div>\n<\/div>\n<\/div>\n<div class=\"spec-table\">\n<div class=\"table-row\">\n<div class=\"table-head\">\n<h5>Odak<\/h5>\n<\/div>\n<div class=\"table-cell\">Motorlu, varies by lens<\/div>\n<\/div>\n<\/div>\n<div class=\"spec-table\">\n<div class=\"table-row\">\n<div class=\"table-head\">\n<h5>Ofset<\/h5>\n<\/div>\n<div class=\"table-cell\">varies by lens<\/div>\n<\/div>\n<\/div>\n<div class=\"spec-table\">\n<div class=\"table-row\">\n<div class=\"table-head\">\n<h5>De\u011fi\u015ftirilebilir Lensler<\/h5>\n<\/div>\n<div class=\"table-cell\">Evet<\/div>\n<\/div>\n<\/div>\n<div class=\"spec-table\">\n<div class=\"table-row\">\n<div class=\"table-head\">\n<h5>Standart Lens<\/h5>\n<\/div>\n<div class=\"table-cell\">Dahil de\u011fil<\/div>\n<\/div>\n<\/div>\n<\/div>\n<\/div>\n<\/div>\n<div class=\"accordion-toggle__content js-accordion-content accordion-toggle__content--opened\">\n<div class=\"accordion-toggle__trigger js-accordion-toggle\">Ba\u011flant\u0131 \u00f6zelli\u011fi<\/div>\n<div class=\"accordion-toggle__inner\">\n<div class=\"accordion-toggle__group\">\n<div class=\"spec-table\">\n<div class=\"table-row\">\n<div class=\"table-head\">\n<h5>Ba\u011flant\u0131lar<\/h5>\n<\/div>\n<div class=\"table-cell\">USB 1.0-A, USB 2.0 Tip B (Yaln\u0131zca Servis), Ethernet arabirimi (100 Base-TX \/ 10 Base-T), Kablosuz LAN IEEE 802.11b\/g\/n (iste\u011fe ba\u011fl\u0131), VGA giri\u015f, VGA \u00e7\u0131k\u0131\u015f, DVI giri\u015f, BNC giri\u015f, HDBaseT, HD-SDI, HDMI (HDCP 2.2)<\/div>\n<\/div>\n<\/div>\n<div class=\"spec-table\">\n<div class=\"table-row\">\n<div class=\"table-head\">\n<h5>Ak\u0131ll\u0131 Telefon Ba\u011flant\u0131s\u0131<\/h5>\n<\/div>\n<div class=\"table-cell\">Ge\u00e7ici \/ Altyap\u0131<\/div>\n<\/div>\n<\/div>\n<\/div>\n<\/div>\n<\/div>\n<div class=\"accordion-toggle__content js-accordion-content accordion-toggle__content--opened\">\n<div class=\"accordion-toggle__trigger js-accordion-toggle\">Geli\u015fmi\u015f \u00d6zellikler<\/div>\n<div class=\"accordion-toggle__inner\">\n<div class=\"accordion-toggle__group\">\n<div class=\"spec-table\">\n<div class=\"table-row\">\n<div class=\"table-head\">\n<h5>G\u00fcvenlik<\/h5>\n<\/div>\n<div class=\"table-cell\">G\u00fcvenlik \u00e7ubu\u011fu, Kontrol paneli kilidi, Parola korumas\u0131, Kablosuz LAN g\u00fcvenli\u011fi, Parola ile koruma<\/div>\n<\/div>\n<\/div>\n<div class=\"spec-table\">\n<div class=\"table-row\">\n<div class=\"table-head\">\n<h5>\u00d6zellikler<\/h5>\n<\/div>\n<div class=\"table-cell\">4K geli\u015ftirme, Keskin Siyah, Otomatik kalibrasyon, Kare-Enterpolasyon, Uzun \u0131\u015f\u0131k kayna\u011f\u0131 kullan\u0131m \u00f6mr\u00fc, S\u00fcper \u00e7\u00f6z\u00fcn\u00fcrl\u00fck<\/div>\n<\/div>\n<\/div>\n<div class=\"spec-table\">\n<div class=\"table-row\">\n<div class=\"table-head\">\n<h5>Renk modlar\u0131<\/h5>\n<\/div>\n<div class=\"table-cell\">Sinema, Dinamik, Do\u011fal, Presentasyon (Sunum), DICOM SIM, Multi Projection, BT709<\/div>\n<\/div>\n<\/div>\n<div class=\"spec-table\">\n<div class=\"table-row\">\n<div class=\"table-head\">\n<h5>Projector control<\/h5>\n<\/div>\n<div class=\"table-cell\">via: AMX, Crestron (A\u011f), Extron XTP<\/div>\n<\/div>\n<\/div>\n<\/div>\n<\/div>\n<\/div>\n<div class=\"accordion-toggle__content js-accordion-content accordion-toggle__content--opened\">\n<div class=\"accordion-toggle__trigger js-accordion-toggle\">Genel<\/div>\n<div class=\"accordion-toggle__inner\">\n<div class=\"accordion-toggle__group\">\n<div class=\"spec-table\">\n<div class=\"table-row\">\n<div class=\"table-head\">\n<h5>Power consumption<\/h5>\n<\/div>\n<div class=\"table-cell\">1.748\u00a0W\u00a0&#8211;\u00a0On mode power consumption (Normal)<br \/>\n2.325\u00a0W\u00a0(Peak), 1.511\u00a0W\u00a0(Eco), 0,5\u00a0W\u00a0(Energy saving standby)<\/div>\n<\/div>\n<\/div>\n<div class=\"spec-table\">\n<div class=\"table-row\">\n<div class=\"table-head\">\n<h5>Is\u0131 Da\u011f\u0131l\u0131m\u0131<\/h5>\n<\/div>\n<div class=\"table-cell\">7.905\u00a0BTU\/hour (max)<\/div>\n<\/div>\n<\/div>\n<div class=\"spec-table\">\n<div class=\"table-row\">\n<div class=\"table-head\">\n<h5>Besleme Voltaj\u0131<\/h5>\n<\/div>\n<div class=\"table-cell\">AC 200 V &#8211; 240 V, 50 Hz &#8211; 60 Hz<\/div>\n<\/div>\n<\/div>\n<div class=\"spec-table\">\n<div class=\"table-row\">\n<div class=\"table-head\">\n<h5>\u00dcr\u00fcn boyutlar\u0131<\/h5>\n<\/div>\n<div class=\"table-cell\">790\u200e\u00a0x\u00a0710\u00a0x\u00a0299\u00a0mm\u00a0(Geni\u015flik x Derinlik x Y\u00fckseklik)<\/div>\n<\/div>\n<\/div>\n<div class=\"spec-table\">\n<div class=\"table-row\">\n<div class=\"table-head\">\n<h5>\u00dcr\u00fcn a\u011f\u0131rl\u0131\u011f\u0131<\/h5>\n<\/div>\n<div class=\"table-cell\">63,8\u00a0kg<\/div>\n<\/div>\n<\/div>\n<div class=\"spec-table\">\n<div class=\"table-row\">\n<div class=\"table-head\">\n<h5>G\u00fcr\u00fclt\u00fc d\u00fczeyi<\/h5>\n<\/div>\n<div class=\"table-cell\">Normal:\u00a049\u00a0dB (A) &#8211; Ekonomi:\u00a041\u00a0dB (A)<\/div>\n<\/div>\n<\/div>\n<div class=\"spec-table\">\n<div class=\"table-row\">\n<div class=\"table-head\">\n<h5>S\u0131cakl\u0131k<\/h5>\n<\/div>\n<div class=\"table-cell\">Depolama\u00a0-10\u00b0 C &#8211; 60\u00b0 C<\/div>\n<\/div>\n<\/div>\n<div class=\"spec-table\">\n<div class=\"table-row\">\n<div class=\"table-head\">\n<h5>Hava nem oran\u0131<\/h5>\n<\/div>\n<div class=\"table-cell\">\u00c7al\u0131\u015ft\u0131rma\u00a020% &#8211; 80%, Depolama\u00a010% &#8211; 90%<\/div>\n<\/div>\n<\/div>\n<div class=\"spec-table\">\n<div class=\"table-row\">\n<div class=\"table-head\">\n<h5>Dahil edilen Yaz\u0131l\u0131m<\/h5>\n<\/div>\n<div class=\"table-cell\">EasyMP Monit\u00f6r, iProjection<\/div>\n<\/div>\n<\/div>\n<div class=\"spec-table\">\n<div class=\"table-row\">\n<div class=\"table-head\">\n<h5>Se\u00e7enekler<\/h5>\n<\/div>\n<div class=\"table-cell\">Kablosuz LAN birimi<\/div>\n<\/div>\n<\/div>\n<div class=\"spec-table\">\n<div class=\"table-row\">\n<div class=\"table-head\">\n<h5>Teslimat i\u00e7eri\u011fi<\/h5>\n<\/div>\n<div class=\"table-cell\">HDMI Kablo Kelep\u00e7esi, G\u00fc\u00e7 kablosu, Piller dahil Uzaktan kumanda<\/div>\n<\/div>\n<\/div>\n<div class=\"spec-table\">\n<div class=\"table-row\">\n<div class=\"table-head\">\n<h5>Oda T\u00fcr\u00fc \/ Uygulama<\/h5>\n<\/div>\n<div class=\"table-cell\">B\u00fcy\u00fck Toplant\u0131 Odas\u0131\/Oditoryum, Projeksiyon E\u015fleme (mapping), Kiralama\/Sahneleme, Turistik Merkezler<\/div>\n<\/div>\n<\/div>\n<div class=\"spec-table\">\n<div class=\"table-row\">\n<div class=\"table-head\">\n<h5>Konumland\u0131rma<\/h5>\n<\/div>\n<div class=\"table-cell\">Tavan Montaj\u0131, U\u00e7an \u00c7er\u00e7eve<\/div>\n<\/div>\n<\/div>\n<div class=\"spec-table\">\n<div class=\"table-row\">\n<div class=\"table-head\">\n<h5>Renk<\/h5>\n<\/div>\n<div class=\"table-cell\">Beyaz\/Siyah<\/div>\n<\/div>\n<\/div>\n<\/div>\n<\/div>\n<\/div>\n<div class=\"accordion-toggle__content js-accordion-content accordion-toggle__content--opened\">\n<div class=\"accordion-toggle__trigger js-accordion-toggle\">Di\u011fer<\/div>\n<div class=\"accordion-toggle__inner\">\n<div class=\"accordion-toggle__group\">\n<div class=\"spec-table\">\n<div class=\"table-row\">\n<div class=\"table-head\">\n<h5>Garanti<\/h5>\n<\/div>\n<div class=\"table-cell\">60\u00a0Aylar\u00a0servis merkezinde veya 20.000\u00a0sa.<\/div>\n<\/div>\n<\/div>\n<\/div>\n<\/div>\n<\/div>\n<\/div>\n<\/div>\n<\/div>\n<\/div>\n<\/div>\n<\/div>\n","protected":false},"excerpt":{"rendered":"<h4 class=\"buy-box__headline\">30.000 l\u00fcmen lazer projeksiyon cihaz\u0131<\/h4>\n<div class=\"buy-box__key-features\">\n<div class=\"blockdown description\">\n<ul class=\"features\">\n<li><strong>Epson&#8217;un en parlak projeksiyon cihaz\u0131<\/strong>\u00a030.000 l\u00fcmen ile Epson\u2019un en parlak Pro AV projeksiyon cihaz\u0131d\u0131r.<\/li>\n<li><strong>Kompakt tasar\u0131m<\/strong>\u00a0Kolay ta\u015f\u0131ma, kurulum ve depolama<\/li>\n<li><strong>Bir\u00e7ok lens se\u00e7ene\u011fi<\/strong>\u00a0Kullan\u0131c\u0131lar\u0131n her proje i\u00e7in en uygun lensi se\u00e7mesine olanak verir<\/li>\n<li><strong>4K Zenginle\u015ftirme Teknolojisi<\/strong>\u00a0Epson 4K Zenginle\u015ftirme teknolojisi net, y\u00fcksek \u00e7\u00f6z\u00fcn\u00fcrl\u00fckl\u00fc g\u00f6r\u00fcnt\u00fcler sunar<\/li>\n<li><strong>Geli\u015fmi\u015f koruma<\/strong>\u00a0Mekanik obt\u00fcrat\u00f6r, lensi lazer darbelerinden korur<\/li>\n<\/ul>\n<\/div>\n<\/div>\n","protected":false},"featured_media":32332,"comment_status":"open","ping_status":"closed","template":"","meta":[],"product_brand":[],"product_cat":[30],"product_tag":[],"berocket_brand":[41],"class_list":{"0":"post-32331","1":"product","2":"type-product","3":"status-publish","4":"has-post-thumbnail","6":"product_cat-projeksiyon","7":"berocket_brand-epson","9":"first","10":"instock","11":"shipping-taxable","12":"product-type-simple"},"_links":{"self":[{"href":"https:\/\/inksistem.com.tr\/b2b\/wp-json\/wp\/v2\/product\/32331","targetHints":{"allow":["GET"]}}],"collection":[{"href":"https:\/\/inksistem.com.tr\/b2b\/wp-json\/wp\/v2\/product"}],"about":[{"href":"https:\/\/inksistem.com.tr\/b2b\/wp-json\/wp\/v2\/types\/product"}],"replies":[{"embeddable":true,"href":"https:\/\/inksistem.com.tr\/b2b\/wp-json\/wp\/v2\/comments?post=32331"}],"wp:featuredmedia":[{"embeddable":true,"href":"https:\/\/inksistem.com.tr\/b2b\/wp-json\/wp\/v2\/media\/32332"}],"wp:attachment":[{"href":"https:\/\/inksistem.com.tr\/b2b\/wp-json\/wp\/v2\/media?parent=32331"}],"wp:term":[{"taxonomy":"product_brand","embeddable":true,"href":"https:\/\/inksistem.com.tr\/b2b\/wp-json\/wp\/v2\/product_brand?post=32331"},{"taxonomy":"product_cat","embeddable":true,"href":"https:\/\/inksistem.com.tr\/b2b\/wp-json\/wp\/v2\/product_cat?post=32331"},{"taxonomy":"product_tag","embeddable":true,"href":"https:\/\/inksistem.com.tr\/b2b\/wp-json\/wp\/v2\/product_tag?post=32331"},{"taxonomy":"berocket_brand","embeddable":true,"href":"https:\/\/inksistem.com.tr\/b2b\/wp-json\/wp\/v2\/berocket_brand?post=32331"}],"curies":[{"name":"wp","href":"https:\/\/api.w.org\/{rel}","templated":true}]}}